{"id":48470,"date":"2025-09-05T17:41:25","date_gmt":"2025-09-05T15:41:25","guid":{"rendered":"https:\/\/arena-ticket.com\/?p=48470&#038;post_type=product&#038;preview_id=48470"},"modified":"2025-09-05T17:44:49","modified_gmt":"2025-09-05T15:44:49","slug":"orgelstunde-leipzig-gewandhaus-zu-leipzig-grosser-saal-22-03-2026-1600-uhr","status":"publish","type":"product","link":"https:\/\/arena-ticket.com\/en\/product\/orgelstunde-leipzig-gewandhaus-zu-leipzig-grosser-saal-22-03-2026-1600-uhr\/","title":{"rendered":"Orgelstunde"},"content":{"rendered":"<p class=\"h-color-highlight-primary h-no-margin-bottom\">Bachverehrer im 19. Jahrhundert<\/p>\n<h1 class=\"h-h2 h-margin-top-small\">Michael Sch\u00f6nheit, Denny Wilke<\/h1>\n<div class=\"h-no-margin-bottom-for-last-child | js-event-teaser-details-level-1\">\n<p>Johann Sebastian Bach \u2014 Sinfonia aus der Kantate \"Wir danken dir, Gott, wir danken dir\" BWV 29 (Bearbeitung f\u00fcr Orgel von Alexandre Guilmant)<\/p>\n<p>Alexandre Guilmant \u2014 \u00c9l\u00e9vation ou Communion dans le style de J. S. Bach op. 65\/43<\/p>\n<p>Alexandre Guilmant \u2014 Sortie dans le style de J. S. Bach op. 65\/38<\/p>\n<p>Robert Schumann \u2014 Studien f\u00fcr den Pedalfl\u00fcgel op. 56 (Fassung f\u00fcr Orgel)<\/p>\n<p>Franz Liszt \u2014 Variationen \u00fcber \"Weinen, Klagen, Sorgen, Zagen\" von J. S. Bach S 180 (Bearbeitung f\u00fcr Orgel von Marcel Dupr\u00e9)<\/p>\n<p>Gustav Adolf Merkel \u2014 Sonate f\u00fcr Orgel zu vier H\u00e4nden d-Moll op. 30<\/p>\n<\/div>","protected":false},"excerpt":{"rendered":"<p>Jetzt Tickets hier f\u00fcr die Orgelstunde kaufen!<\/p>","protected":false},"featured_media":2180,"template":"","meta":{"_acf_changed":false,"inline_featured_image":false},"product_brand":[],"product_cat":[31,345,936,6741,69,86,35,21,58],"product_tag":[941,956,2832,957,942,943,6313,947,948],"class_list":{"0":"post-48470","1":"product","2":"type-product","3":"status-publish","4":"has-post-thumbnail","6":"product_cat-events","7":"product_cat-gewandhaus","8":"product_cat-grosser-saal","9":"product_cat-klassik","10":"product_cat-konzert","11":"product_cat-leipzig","12":"product_cat-orte","13":"product_cat-ticket","14":"product_cat-veranstaltung","15":"product_tag-events","16":"product_tag-gewandhaus","17":"product_tag-gewandhaus-grosser-saal","18":"product_tag-grosser-saal","19":"product_tag-konzert","20":"product_tag-leipzig","21":"product_tag-orgelstunde","22":"product_tag-ticket","23":"product_tag-veranstaltung","24":"product_shipping_class-nur_paketversand","25":"pa_discount-ermaessigt","26":"pa_discount-leipzig-pass-inhaber","27":"pa_discount-normalpreis","28":"pa_discount-schueler-student","29":"pa_preiskategorie-sitzplatz","31":"first","32":"instock","33":"taxable","34":"shipping-taxable","35":"purchasable","36":"product-type-variable"},"group_of_quantity":0,"min_quantity":0,"max_quantity":"","exclude_order_quantity_value_rules":"no","exclude_category_quantity_rules":"no","combine_variations":"no","acf":[],"_links":{"self":[{"href":"https:\/\/arena-ticket.com\/en\/wp-json\/wp\/v2\/product\/48470","targetHints":{"allow":["GET"]}}],"collection":[{"href":"https:\/\/arena-ticket.com\/en\/wp-json\/wp\/v2\/product"}],"about":[{"href":"https:\/\/arena-ticket.com\/en\/wp-json\/wp\/v2\/types\/product"}],"wp:featuredmedia":[{"embeddable":true,"href":"https:\/\/arena-ticket.com\/en\/wp-json\/wp\/v2\/media\/2180"}],"wp:attachment":[{"href":"https:\/\/arena-ticket.com\/en\/wp-json\/wp\/v2\/media?parent=48470"}],"wp:term":[{"taxonomy":"product_brand","embeddable":true,"href":"https:\/\/arena-ticket.com\/en\/wp-json\/wp\/v2\/product_brand?post=48470"},{"taxonomy":"product_cat","embeddable":true,"href":"https:\/\/arena-ticket.com\/en\/wp-json\/wp\/v2\/product_cat?post=48470"},{"taxonomy":"product_tag","embeddable":true,"href":"https:\/\/arena-ticket.com\/en\/wp-json\/wp\/v2\/product_tag?post=48470"}],"curies":[{"name":"wp","href":"https:\/\/api.w.org\/{rel}","templated":true}]}}