{"id":48626,"date":"2025-09-09T18:24:50","date_gmt":"2025-09-09T16:24:50","guid":{"rendered":"https:\/\/arena-ticket.com\/?p=48626&#038;post_type=product&#038;preview_id=48626"},"modified":"2026-01-13T12:55:47","modified_gmt":"2026-01-13T11:55:47","slug":"versengold-eingenordet-tour-2026-leipzig-haus-auensee-13-03-2026-2000-uhr","status":"publish","type":"product","link":"https:\/\/arena-ticket.com\/en\/product\/versengold-eingenordet-tour-2026-leipzig-haus-auensee-13-03-2026-2000-uhr\/","title":{"rendered":"Versengold  - Eingenordet Tour 2026"},"content":{"rendered":"<p>Mit R\u00fcckenwind ins Neue<br \/>\nZwei Jahrzehnte auf der B\u00fchne \u2013 und kein bisschen leise: VERSENGOLD sind mehr als nur ein fester Bestandteil der deutschsprachigen Musikszene. Sie sind das, was entsteht, wenn musikalische Virtuosit\u00e4t auf echte Geschichten, raue K\u00fcstenluft und eine tief verwurzelte Liebe zum Publikum trifft. Was als akustisches Folkprojekt in norddeutschen Kneipen begann, hat sich zu einer der spannendsten und eigenst\u00e4ndigsten Bands des Landes entwickelt. Ihre Mischung aus mitrei\u00dfendem Folkrock, feinf\u00fchliger Poesie und handgemachter Energie begeistert ein breit gef\u00e4chertes Publikum \u2013 zwischen Rockfestival und Fernsehgarten, Bierbank und Circle Pit.<\/p>\n<p>Die Band um Malte Hoyer versteht es wie kaum eine andere, gesellschaftlich relevante Themen mit historischen oder maritimen Bildern zu verweben \u2013 ohne Pathos, daf\u00fcr mit Haltung, Sprachwitz und musikalischem Feingef\u00fchl.<\/p>\n<p>\u201eEingenordet\u201c \u2013 Das neue Album erscheint am 16. Januar 2026<br \/>\nMit ihrem kommenden Studioalbum \u201eEingenordet\u201c (V\u00d6: 16.01.2026), das auf dem eigenen Band-Label K\u00fcstenkind Records erscheinen wird, schlagen VERSENGOLD ein neues Kapitel auf \u2013 und bleiben dabei doch ganz sie selbst. Zwischen gesellschaftlichem Kommentar, pers\u00f6nlichem Tiefgang und der unb\u00e4ndigen Lust, Geschichten zu erz\u00e4hlen, entsteht ein Werk, das sowohl musikalisch als auch textlich klare Haltung bezieht. Folkrock, der nicht nur unterh\u00e4lt, sondern ber\u00fchrt und befeuert.<\/p>\n<p>\u201eEingenordet\u201c ist ein Album mit klarer Richtung \u2013 aber ohne Scheuklappen. Es zeigt VERSENGOLD als gereifte K\u00fcnstler, die ihren Kurs kennen, sich aber nie dem Wandel verschlie\u00dfen.<\/p>","protected":false},"excerpt":{"rendered":"<p>Secure your tickets!<\/p>","protected":false},"featured_media":63257,"template":"","meta":{"_acf_changed":false,"inline_featured_image":false},"product_brand":[],"product_cat":[31,344,69,86,35,6732,21,58],"product_tag":[6316,941,962,942,943,944,947,948,2314],"class_list":{"0":"post-48626","1":"product","2":"type-product","3":"status-publish","4":"has-post-thumbnail","6":"product_cat-events","7":"product_cat-haus-auensee","8":"product_cat-konzert","9":"product_cat-leipzig","10":"product_cat-orte","11":"product_cat-rock-hard-rock","12":"product_cat-ticket","13":"product_cat-veranstaltung","14":"product_tag-eingenordet-tour-2026","15":"product_tag-events","16":"product_tag-haus-auensee","17":"product_tag-konzert","18":"product_tag-leipzig","19":"product_tag-orte","20":"product_tag-ticket","21":"product_tag-veranstaltung","22":"product_tag-versengold","23":"product_shipping_class-nur_paketversand","24":"pa_discount-normalpreis","25":"pa_preiskategorie-sitzplatz","26":"pa_preiskategorie-stehplatz","28":"first","29":"instock","30":"taxable","31":"shipping-taxable","32":"purchasable","33":"product-type-variable","34":"has-default-attributes"},"group_of_quantity":0,"min_quantity":0,"max_quantity":"","exclude_order_quantity_value_rules":"no","exclude_category_quantity_rules":"no","combine_variations":"no","acf":[],"_links":{"self":[{"href":"https:\/\/arena-ticket.com\/en\/wp-json\/wp\/v2\/product\/48626","targetHints":{"allow":["GET"]}}],"collection":[{"href":"https:\/\/arena-ticket.com\/en\/wp-json\/wp\/v2\/product"}],"about":[{"href":"https:\/\/arena-ticket.com\/en\/wp-json\/wp\/v2\/types\/product"}],"wp:featuredmedia":[{"embeddable":true,"href":"https:\/\/arena-ticket.com\/en\/wp-json\/wp\/v2\/media\/63257"}],"wp:attachment":[{"href":"https:\/\/arena-ticket.com\/en\/wp-json\/wp\/v2\/media?parent=48626"}],"wp:term":[{"taxonomy":"product_brand","embeddable":true,"href":"https:\/\/arena-ticket.com\/en\/wp-json\/wp\/v2\/product_brand?post=48626"},{"taxonomy":"product_cat","embeddable":true,"href":"https:\/\/arena-ticket.com\/en\/wp-json\/wp\/v2\/product_cat?post=48626"},{"taxonomy":"product_tag","embeddable":true,"href":"https:\/\/arena-ticket.com\/en\/wp-json\/wp\/v2\/product_tag?post=48626"}],"curies":[{"name":"wp","href":"https:\/\/api.w.org\/{rel}","templated":true}]}}