{"id":48630,"date":"2025-09-09T18:34:57","date_gmt":"2025-09-09T16:34:57","guid":{"rendered":"https:\/\/arena-ticket.com\/?p=48630&#038;post_type=product&#038;preview_id=48630"},"modified":"2025-09-09T18:45:15","modified_gmt":"2025-09-09T16:45:15","slug":"helge-schneider-ellebogen-vom-tisch-leipzig-parkbuehne-22-08-2026-1900-uhr","status":"publish","type":"product","link":"https:\/\/arena-ticket.com\/en\/product\/helge-schneider-ellebogen-vom-tisch-leipzig-parkbuehne-22-08-2026-1900-uhr\/","title":{"rendered":"Helge Schneider  - Ellebogen vom Tich!"},"content":{"rendered":"<p><strong>Doc Snyder trommelt wieder!<\/strong><\/p>\n<p>HELGE SCHNEIDER, der Peru\u0308ckentr.ger aus dem Ruhrgebiet man\u00f6vriert sich\u00a0trompetend und mit unverwechselbarem Geschnatter ins n\u00e4chste Jahrzehnt!<br \/>\nIn einer verru\u0308ckten Neuauflage einer Art Miniaturorchester beutelt er weiter die\u00a0Zwergfelle seiner Zuschauer bis aufs \u00c4u\u00dferste.<br \/>\nMal haut er auf die Trommel, mal posaunt er ein Sammelsurium von T\u00f6nen aus\u00a0seinem Saxophon, das er geschickt versteckt h\u00e4lt, bis es dran kommt.<br \/>\nLinks Klavier, rechts Trompete, linker Fu\u00df Rhythmus und rechter Fu\u00df bumm bumm\u00a0auf der dicken Basstrommel. Herrlich, ihm zusehen zu mu\u0308ssen, wie er sich abmu\u0308ht!<br \/>\nAber es lohnt sich! Allemal!<br \/>\nLEO zupft die 4 Saiten seines Kontrabass und SANDRO zerhackt aufkeimende\u00a0Gedanken mit seiner ultraschmalen und scharf klingenden alten Gibson Klampfe!<br \/>\nEin Hochgefu\u0308hl von Mega Quatsch macht sich breit, wenn HELGE mittendrin das\u00a0Konzert spontan beendet, um sofort wieder loszulegen.<br \/>\nWer sich noch ein bisschen Humor in dieser beschissenen Zeit erhalten will, ist\u00a0genau richtig bei KLIMPERHELGES Tournee. Doch Vorsicht!<\/p>\n<p>ELLEBOGEN VOM TISCH!<\/p>","protected":false},"excerpt":{"rendered":"<p>Helge Schneider, der Per\u00fcckentr\u00e4ger aus dem Ruhrgebiet, man\u00f6vriert sich trompetend und mit unverwechselbarem Geschnatter ins n\u00e4chste Jahrzehnt!<\/p>","protected":false},"featured_media":48632,"template":"","meta":{"_acf_changed":false,"inline_featured_image":false},"product_brand":[],"product_cat":[6725,31,95,86,35,347,21,58],"product_tag":[954,6269,941,2932,943,944,966,947,948],"class_list":{"0":"post-48630","1":"product","2":"type-product","3":"status-publish","4":"has-post-thumbnail","6":"product_cat-comedy","7":"product_cat-events","8":"product_cat-humor","9":"product_cat-leipzig","10":"product_cat-orte","11":"product_cat-parkbuehne-leipzig","12":"product_cat-ticket","13":"product_cat-veranstaltung","14":"product_tag-comedy","15":"product_tag-ellebogen-vom-tich","16":"product_tag-events","17":"product_tag-helge-schneider","18":"product_tag-leipzig","19":"product_tag-orte","20":"product_tag-parkbuehne-leipzig","21":"product_tag-ticket","22":"product_tag-veranstaltung","23":"product_shipping_class-nur_paketversand","24":"pa_discount-inklusive-begleitperson","25":"pa_discount-normalpreis","26":"pa_preiskategorie-rollstuhlfahrer","27":"pa_preiskategorie-stehplatz","29":"first","30":"instock","31":"taxable","32":"shipping-taxable","33":"purchasable","34":"product-type-variable"},"group_of_quantity":0,"min_quantity":0,"max_quantity":"","exclude_order_quantity_value_rules":"no","exclude_category_quantity_rules":"no","combine_variations":"no","acf":[],"_links":{"self":[{"href":"https:\/\/arena-ticket.com\/en\/wp-json\/wp\/v2\/product\/48630","targetHints":{"allow":["GET"]}}],"collection":[{"href":"https:\/\/arena-ticket.com\/en\/wp-json\/wp\/v2\/product"}],"about":[{"href":"https:\/\/arena-ticket.com\/en\/wp-json\/wp\/v2\/types\/product"}],"wp:featuredmedia":[{"embeddable":true,"href":"https:\/\/arena-ticket.com\/en\/wp-json\/wp\/v2\/media\/48632"}],"wp:attachment":[{"href":"https:\/\/arena-ticket.com\/en\/wp-json\/wp\/v2\/media?parent=48630"}],"wp:term":[{"taxonomy":"product_brand","embeddable":true,"href":"https:\/\/arena-ticket.com\/en\/wp-json\/wp\/v2\/product_brand?post=48630"},{"taxonomy":"product_cat","embeddable":true,"href":"https:\/\/arena-ticket.com\/en\/wp-json\/wp\/v2\/product_cat?post=48630"},{"taxonomy":"product_tag","embeddable":true,"href":"https:\/\/arena-ticket.com\/en\/wp-json\/wp\/v2\/product_tag?post=48630"}],"curies":[{"name":"wp","href":"https:\/\/api.w.org\/{rel}","templated":true}]}}