{"id":48633,"date":"2025-09-09T18:45:49","date_gmt":"2025-09-09T16:45:49","guid":{"rendered":"https:\/\/arena-ticket.com\/?p=48633&#038;post_type=product&#038;preview_id=48633"},"modified":"2025-09-09T18:50:44","modified_gmt":"2025-09-09T16:50:44","slug":"spangenberg-plays-nirvana-gewandhaus-zu-leipzig-mendelssohn-saal-29-12-2025-2000-uhr","status":"publish","type":"product","link":"https:\/\/arena-ticket.com\/en\/product\/spangenberg-plays-nirvana-gewandhaus-zu-leipzig-mendelssohn-saal-29-12-2025-2000-uhr\/","title":{"rendered":"Spangenberg plays Nirvana"},"content":{"rendered":"<p>Die Idee, Songs der Grunge-Band nur auf dem Klavier darzustellen, ist gleicherma\u00dfen einleuchtend wie unvorstellbar. Es treffen zwei Welten aufeinander, die entfernter nicht sein k\u00f6nnten und sich emotional dennoch sehr nahe stehen. Die Songs der weltweit gefeierten Garagen-Rockband aus den fr\u00fchen 90ern mit verzerrten Gitarren und Stimmen-Geschrei stecken voller Punk, Dreck und Drogen. Der Fl\u00fcgel geh\u00f6rt da mit seiner klassischen Anmut eher in ein anderes Milieu. Die Klarheit und Sensibilit\u00e4t ist es eher, die dieses Instrument zum Klingen bringt. Kaum vorzustellen, was passiert w\u00e4re, wenn Kurt Cobain bei den MTV Video Music Awards 1992 nicht nur auf das Klavier von Elton John gespuckt, sondern vielleicht sogar darauf gespielt h\u00e4tte. Vermutlich w\u00e4re das edle Piano, genauso wie alle anderen Instrumente der Band, dem Zerst\u00f6rungswahn der Musiker zum Opfer gefallen. Christoph Spangenberg wird hoffentlich nicht den Fl\u00fcgel zerst\u00f6ren, aber dennoch jedes ihm zur Verf\u00fcgung stehende Mittel einsetzen, um die starken Songs wie \"About A Girl\", \"Come As You Are\" oder \u201eSmells Like Teen Spirit\" auf seine Art auf die 88 Tasten zu bringen. Ohne Drums, ohne Bass, ohne Gesang. Stattdessen mit jahrelanger Erfahrung in verschiedensten musikalischen Feldern von Jazz \u00fcber HipHop bis Techno. Diese Vielfalt wird er auch ben\u00f6tigen, um dem ambitionierten Vorhaben, ausschlie\u00dflich Material der Band \u201eNirvana\u201c zu interpretieren, gerecht werden zu k\u00f6nnen. Eine ehrliche Verneigung vor einer der einflussreichsten Bands der Rockgeschichte.<\/p>","protected":false},"excerpt":{"rendered":"<p class=\"h-color-highlight-primary h-no-margin-bottom\">Klavierkonzert mit Seltenheitswert. Ein tiefsinniger Rebell am Konzertfl\u00fcgel, der es schafft sich und dem Instrument alles abzuverlangen. Eine gleichzeitige Hommage an Keith Jarrett &amp; Kurt Cobain.<\/p>","protected":false},"featured_media":48636,"template":"","meta":{"_acf_changed":false,"inline_featured_image":false},"product_brand":[],"product_cat":[31,345,69,86,931,35,6732,21,58],"product_tag":[941,956,3020,942,943,3397,944,6318,947,948],"class_list":{"0":"post-48633","1":"product","2":"type-product","3":"status-publish","4":"has-post-thumbnail","6":"product_cat-events","7":"product_cat-gewandhaus","8":"product_cat-konzert","9":"product_cat-leipzig","10":"product_cat-mendelssohn-saal","11":"product_cat-orte","12":"product_cat-rock-hard-rock","13":"product_cat-ticket","14":"product_cat-veranstaltung","15":"product_tag-events","16":"product_tag-gewandhaus","17":"product_tag-gewandhaus-mendelssohn-saal","18":"product_tag-konzert","19":"product_tag-leipzig","20":"product_tag-mendelssohn-saal","21":"product_tag-orte","22":"product_tag-spangenberg-plays-nirvana","23":"product_tag-ticket","24":"product_tag-veranstaltung","25":"product_shipping_class-nur_paketversand","26":"pa_discount-normalpreis","27":"pa_discount-schueler-student","28":"pa_preiskategorie-pk-i","29":"pa_preiskategorie-pk-ii","31":"first","32":"instock","33":"taxable","34":"shipping-taxable","35":"purchasable","36":"product-type-variable"},"group_of_quantity":0,"min_quantity":0,"max_quantity":"","exclude_order_quantity_value_rules":"no","exclude_category_quantity_rules":"no","combine_variations":"no","acf":[],"_links":{"self":[{"href":"https:\/\/arena-ticket.com\/en\/wp-json\/wp\/v2\/product\/48633","targetHints":{"allow":["GET"]}}],"collection":[{"href":"https:\/\/arena-ticket.com\/en\/wp-json\/wp\/v2\/product"}],"about":[{"href":"https:\/\/arena-ticket.com\/en\/wp-json\/wp\/v2\/types\/product"}],"wp:featuredmedia":[{"embeddable":true,"href":"https:\/\/arena-ticket.com\/en\/wp-json\/wp\/v2\/media\/48636"}],"wp:attachment":[{"href":"https:\/\/arena-ticket.com\/en\/wp-json\/wp\/v2\/media?parent=48633"}],"wp:term":[{"taxonomy":"product_brand","embeddable":true,"href":"https:\/\/arena-ticket.com\/en\/wp-json\/wp\/v2\/product_brand?post=48633"},{"taxonomy":"product_cat","embeddable":true,"href":"https:\/\/arena-ticket.com\/en\/wp-json\/wp\/v2\/product_cat?post=48633"},{"taxonomy":"product_tag","embeddable":true,"href":"https:\/\/arena-ticket.com\/en\/wp-json\/wp\/v2\/product_tag?post=48633"}],"curies":[{"name":"wp","href":"https:\/\/api.w.org\/{rel}","templated":true}]}}