{"id":48691,"date":"2025-09-10T15:21:41","date_gmt":"2025-09-10T13:21:41","guid":{"rendered":"https:\/\/arena-ticket.com\/?p=48691&#038;post_type=product&#038;preview_id=48691"},"modified":"2026-03-19T18:47:27","modified_gmt":"2026-03-19T17:47:27","slug":"dita-von-teese-nocturnelle-berlin-admiralspalast-theater-30-03-2026-2000-uhr","status":"publish","type":"product","link":"https:\/\/arena-ticket.com\/en\/product\/dita-von-teese-nocturnelle-berlin-admiralspalast-theater-30-03-2026-2000-uhr\/","title":{"rendered":"Dita Von Teese - Nocturnelle"},"content":{"rendered":"<p>Mit Nocturnelle pr\u00e4sentiert Dita Von Teese eine verf\u00fchrerisch neue Vision \u2013 eine exquisite Verbindung aus dem Glamour des alten Hollywoods, magischem Theaterzauber und den kunstvollen \u201eStripscapes\u201c, f\u00fcr die sie weltweit bekannt ist. Diese opulenten B\u00fchnenlandschaften, bei denen sich Erotik und visuelle Poesie vereinen, sind l\u00e4ngst ihr Markenzeichen \u2013 burleske Gesamtkunstwerke, in denen jedes Detail perfekt komponiert ist. Inspiriert von den Zauberk\u00fcnstlern des 19. Jahrhunderts, entf\u00fchrt Nocturnelle das Publikum in eine Welt des Staunens, in der Sinnlichkeit und Magie miteinander verschmelzen.<\/p>\n<p>Die K\u00fcnstlerin sagt \u00fcber die neue Show: \u201eNocturnelle ist meine bisher glambitionierteste Show. Hier trifft raffinierter Striptease auf die fesselnde Kunst der Illusion. Ich bin daf\u00fcr bei Meistermagiern in die Schule gegangen und tief in die Geheimnisse der klassischen Zauberkunst eingetaucht, um etwas wahrhaft Verzauberndes zu erschaffen\u2026 Es ist die Art of the Teese \u2013 mit einem Hauch Magie und einer gro\u00dfen Portion Glamour.\u201c<\/p>\n<p>Die Nocturnelle-Tour folgt auf Ditas rekordbrechende Glamonatrix-Tour, die als erfolgreichste Burlesque-Tournee aller Zeiten gilt und \u00fcber f\u00fcnf Jahre hinweg das Publikum auf mehreren Kontinenten begeisterte. Als Produzentin der aufw\u00e4ndigsten Burlesque-Shows der Geschichte setzt Dita Von Teese mit Nocturnelle nun erneut Ma\u00dfst\u00e4be \u2013 opulent, fantasievoll und visuell \u00fcberw\u00e4ltigend. Oft kopiert, aber nie erreicht: Dita Von Teese bleibt eine Klasse f\u00fcr sich.<\/p>","protected":false},"excerpt":{"rendered":"<div class=\"event__header\" data-v-331ed750=\"\">Nicht verpassen! Dita Von Teese, die unangefochtene K\u00f6nigin des Burlesque, kehrt Anfang 2026 auf die gro\u00dfen B\u00fchnen Europas zur\u00fcck \u2013 mit ihrer bislang zauberhaftesten Inszenierung: Nocturnelle.<\/div>","protected":false},"featured_media":63122,"template":"","meta":{"_acf_changed":false,"inline_featured_image":false},"product_brand":[],"product_cat":[352,315,35],"product_tag":[5355,5354,1332,6324,941,6325,944,958,948],"class_list":{"0":"post-48691","1":"product","2":"type-product","3":"status-publish","4":"has-post-thumbnail","6":"product_cat-admiralspalast","7":"product_cat-berlin","8":"product_cat-orte","9":"product_tag-admiralspalast","10":"product_tag-admiralspalast-berlin","11":"product_tag-berlin","12":"product_tag-dita-von-teese","13":"product_tag-events","14":"product_tag-nocturnelle","15":"product_tag-orte","16":"product_tag-show","17":"product_tag-veranstaltung","18":"product_shipping_class-nur_paketversand","19":"pa_discount-normalpreis","20":"pa_preiskategorie-pk-i","21":"pa_preiskategorie-pk-ii","22":"pa_preiskategorie-pk-iii","23":"pa_preiskategorie-pk-iv","24":"pa_preiskategorie-pk-v","26":"first","27":"instock","28":"taxable","29":"shipping-taxable","30":"purchasable","31":"product-type-variable"},"group_of_quantity":0,"min_quantity":0,"max_quantity":"","exclude_order_quantity_value_rules":"no","exclude_category_quantity_rules":"no","combine_variations":"no","acf":[],"_links":{"self":[{"href":"https:\/\/arena-ticket.com\/en\/wp-json\/wp\/v2\/product\/48691","targetHints":{"allow":["GET"]}}],"collection":[{"href":"https:\/\/arena-ticket.com\/en\/wp-json\/wp\/v2\/product"}],"about":[{"href":"https:\/\/arena-ticket.com\/en\/wp-json\/wp\/v2\/types\/product"}],"wp:featuredmedia":[{"embeddable":true,"href":"https:\/\/arena-ticket.com\/en\/wp-json\/wp\/v2\/media\/63122"}],"wp:attachment":[{"href":"https:\/\/arena-ticket.com\/en\/wp-json\/wp\/v2\/media?parent=48691"}],"wp:term":[{"taxonomy":"product_brand","embeddable":true,"href":"https:\/\/arena-ticket.com\/en\/wp-json\/wp\/v2\/product_brand?post=48691"},{"taxonomy":"product_cat","embeddable":true,"href":"https:\/\/arena-ticket.com\/en\/wp-json\/wp\/v2\/product_cat?post=48691"},{"taxonomy":"product_tag","embeddable":true,"href":"https:\/\/arena-ticket.com\/en\/wp-json\/wp\/v2\/product_tag?post=48691"}],"curies":[{"name":"wp","href":"https:\/\/api.w.org\/{rel}","templated":true}]}}