{"id":48838,"date":"2025-09-12T11:20:07","date_gmt":"2025-09-12T09:20:07","guid":{"rendered":"https:\/\/arena-ticket.com\/?p=48838&#038;post_type=product&#038;preview_id=48838"},"modified":"2026-03-20T11:35:18","modified_gmt":"2026-03-20T10:35:18","slug":"iggi-kelly-no-matter-what-tour-2026-dresden-club-puschkin-25-04-2026-1930-uhr","status":"publish","type":"product","link":"https:\/\/arena-ticket.com\/en\/product\/iggi-kelly-no-matter-what-tour-2026-dresden-club-puschkin-25-04-2026-1930-uhr\/","title":{"rendered":"Iggi Kelly  - No Matter What Tour 2026"},"content":{"rendered":"<article class=\"vt:bg-black vt:text-white\">\n<section class=\"my-10 md:my-14\">\n<div class=\"relative max-h-full overflow-hidden transition-all duration-500\">\n<div class=\"space-y-8\">\n<div class=\"panel panel-grid\">\n<div class=\"col-span-full md:col-span-10 md:col-start-2 lg:col-span-8 lg:col-start-3\">\n<div class=\"prose xl:text-md text-black vt:text-white\">\n<p>2026 erstmals auf No Matter What - Tour.<\/p>\n<p>Iggi Kelly ist der j\u00fcngste Spross der legend\u00e4ren Kelly Family \u2013 ein musikalisches Erbe, das Teil seiner Geschichte ist, heute aber nur den Hintergrund f\u00fcr seine ganz eigene K\u00fcnstleridentit\u00e4t bildet.<\/p>\n<p>Mit seinem Deb\u00fctalbum (V\u00d6: April 2026) im Gep\u00e4ck startet Iggi Kelly am 19.04.2026 seine erste eigene Konzertreise \u2013 die \u201eNo Matter What - Tour 2026\u201c mit zw\u00f6lf Stopps in Deutschland, \u00d6sterreich und der Schweiz.<\/p>\n<p>Mehrsprachig in Belgien aufgewachsen, zog Iggi Kelly sp\u00e4ter nach Deutschland und entdeckte fr\u00fch seine Leidenschaft f\u00fcr Musik. Seinen \u00f6ffentlichen Startschuss als Musiker erlebte er 2017 bei The Voice Kids, wo er mit seiner Stimme erstmals ein breites Publikum begeisterte. Was als Schreiben eigener Songs begann, f\u00fchrte bald zu erfolgreichen Kompositionen auch f\u00fcr andere K\u00fcnstler. Seine klare Stimme, seine gef\u00fchlvollen Texte und sein moderner Pop-Sound stehen f\u00fcr Authentizit\u00e4t und Emotion. Mit Radiohits wie \u201eSleep Alone\u201c, \u201eBreak My Heart\u201c und dem internationalen Erfolg \u201eHeard It All\u201c hat er bewiesen, dass seine Musik weit \u00fcber die Grenzen Deutschlands hinaus begeistert \u2013 und ihn bis an die Spitze der Schweizer Airplay-Charts gef\u00fchrt hat.<\/p>\n<p>Auch live hat Iggi Kelly schon beeindruckende Erfolge gefeiert: Als Vorband von Lionel Richie auf dessen Europa-Tour stand er vor Zehntausenden Menschen in renommierten Arenen erfolgreich auf der B\u00fchne. Hinzu kommen zwei Support-Tourneen mit Ronan Keating, zahlreiche Festivalauftritte, konstante Chartpr\u00e4senz und eine stetig wachsende Fanbase in ganz Europa. 2026 beginnt ein neues Kapitel f\u00fcr Iggi Kelly: die No Matter What-Headline-Tour \u2013 eine Tour, die sein Publikum mitnimmt auf eine Reise voller ehrlicher Texte, gro\u00dfartiger Sounds und packender Live-Momente.<\/p>\n<\/div>\n<\/div>\n<\/div>\n<\/div>\n<\/div>\n<\/section>\n<\/article>\n<footer class=\"bg-black text-white py-12\">\n<div class=\"panel panel-grid\">\n<div class=\"mt-12 2md:mt-0 2md:col-start-7 col-span-full 2md:col-span-6\">\n<div><\/div>\n<\/div>\n<\/div>\n<\/footer>","protected":false},"excerpt":{"rendered":"<p>Get your tickets here now!<\/p>","protected":false},"featured_media":48840,"template":"","meta":{"_acf_changed":false,"inline_featured_image":false},"product_brand":[],"product_cat":[383,87,31,69,35,6746,21,58],"product_tag":[6245,940,941,6327,942,6328,947,948],"class_list":{"0":"post-48838","1":"product","2":"type-product","3":"status-publish","4":"has-post-thumbnail","6":"product_cat-club-puschkin","7":"product_cat-dresden","8":"product_cat-events","9":"product_cat-konzert","10":"product_cat-orte","11":"product_cat-singer-songwriter","12":"product_cat-ticket","13":"product_cat-veranstaltung","14":"product_tag-club-puschkin","15":"product_tag-dresden","16":"product_tag-events","17":"product_tag-iggi-kelly","18":"product_tag-konzert","19":"product_tag-no-matter-what-tour-2026","20":"product_tag-ticket","21":"product_tag-veranstaltung","22":"product_shipping_class-nur_paketversand","23":"pa_discount-normalpreis","24":"pa_preiskategorie-stehplatz","26":"first","27":"instock","28":"taxable","29":"shipping-taxable","30":"purchasable","31":"product-type-variable","32":"has-default-attributes"},"group_of_quantity":0,"min_quantity":0,"max_quantity":"","exclude_order_quantity_value_rules":"no","exclude_category_quantity_rules":"no","combine_variations":"no","acf":[],"_links":{"self":[{"href":"https:\/\/arena-ticket.com\/en\/wp-json\/wp\/v2\/product\/48838","targetHints":{"allow":["GET"]}}],"collection":[{"href":"https:\/\/arena-ticket.com\/en\/wp-json\/wp\/v2\/product"}],"about":[{"href":"https:\/\/arena-ticket.com\/en\/wp-json\/wp\/v2\/types\/product"}],"wp:featuredmedia":[{"embeddable":true,"href":"https:\/\/arena-ticket.com\/en\/wp-json\/wp\/v2\/media\/48840"}],"wp:attachment":[{"href":"https:\/\/arena-ticket.com\/en\/wp-json\/wp\/v2\/media?parent=48838"}],"wp:term":[{"taxonomy":"product_brand","embeddable":true,"href":"https:\/\/arena-ticket.com\/en\/wp-json\/wp\/v2\/product_brand?post=48838"},{"taxonomy":"product_cat","embeddable":true,"href":"https:\/\/arena-ticket.com\/en\/wp-json\/wp\/v2\/product_cat?post=48838"},{"taxonomy":"product_tag","embeddable":true,"href":"https:\/\/arena-ticket.com\/en\/wp-json\/wp\/v2\/product_tag?post=48838"}],"curies":[{"name":"wp","href":"https:\/\/api.w.org\/{rel}","templated":true}]}}