{"id":48841,"date":"2025-09-12T11:36:46","date_gmt":"2025-09-12T09:36:46","guid":{"rendered":"https:\/\/arena-ticket.com\/?p=48841&#038;post_type=product&#038;preview_id=48841"},"modified":"2025-09-26T16:27:59","modified_gmt":"2025-09-26T14:27:59","slug":"montez-die-15-jahre-montez-tour-dresden-freilichtbuehne-junge-garde-im-grossen-garte-26-06-2026-1900-uhr","status":"publish","type":"product","link":"https:\/\/arena-ticket.com\/en\/product\/montez-die-15-jahre-montez-tour-dresden-freilichtbuehne-junge-garde-im-grossen-garte-26-06-2026-1900-uhr\/","title":{"rendered":"MONTEZ  - Die 15 Jahre MONTEZ \u2013 TOUR"},"content":{"rendered":"<p>15 Jahre Montez \u2013 Die gro\u00dfe Jubil\u00e4ums-Tour 2026 2011 bis 2026 \u2013 Montez wird 15 Jahre alt! Dieses Jubil\u00e4um feiert der K\u00fcnstler 2026 mit einer Reihe Open Airs in einigen der bis dato gr\u00f6\u00dften Locations seiner K\u00fcnstlergeschichte. Sechs Studio Alben. Mit Gold und Platin ausgezeichnete Singles, mehr als einer Milliarde Streams \u00fcber alle Projekte und Alben hinweg, Headliner-Slots auf gro\u00dfen Festivals und die aktuelle Arena-Tour mit mehr als 150.000 Besuchenden: Montez unterstreicht seinen Status als einer der spannendsten K\u00fcnstler des Landes. Doch diesen Erfolg hat sich der geb\u00fcrtige Bielefelder hart erarbeitet: 2011 ver\u00f6ffentlicht er sein erstes Album. Seit 15 Jahren werkelt er unerm\u00fcdlich an seinem Traum. Im Studio.\u00a0Auf der B\u00fchne. Seine Karriere ist gepr\u00e4gt von R\u00fcckschl\u00e4gen, HoXnung, Ausdauer und Leidenschaft. Und das macht sich sp\u00e4testens 2021 bezahlt, als ihm mit seiner mittlerweile Doppel-Platin veredelten Nummer-1-Single \u201eAuf und Ab\u201c endlich der Durchbruch gelingt. Eine einzigartige Karriere des S\u00e4ngers und Songwriters, der sich sp\u00e4testens durch die Teilnahme an Sing meinen Song ein breites Publikum erspielt hat. Ob emotional oder tanzbar und treibend: Montez schaXt mit seinen Shows unvergessliche Konzertmomente. Und die wird es auch reichlich auf der Jubil\u00e4umstour\u00a0geben. Die Fans d\u00fcrfen sich somit auf das n\u00e4chste Kapitel in Montez\u2019 Erfolgsstory freuen.<\/p>","protected":false},"excerpt":{"rendered":"<div class=\"event__header\" data-v-331ed750=\"\">Secure your tickets!<\/div>","protected":false},"featured_media":48843,"template":"","meta":{"_acf_changed":false,"inline_featured_image":false},"product_brand":[],"product_cat":[87,31,403,6737,69,35,58],"product_tag":[6329,940,941,996,942,3566,948],"class_list":{"0":"post-48841","1":"product","2":"type-product","3":"status-publish","4":"has-post-thumbnail","6":"product_cat-dresden","7":"product_cat-events","8":"product_cat-freilichtbuehne-grosser-garten-junge-garde","9":"product_cat-hip-hop-rnb","10":"product_cat-konzert","11":"product_cat-orte","12":"product_cat-veranstaltung","13":"product_tag-die-15-jahre-montez-tour","14":"product_tag-dresden","15":"product_tag-events","16":"product_tag-freilichtbuehne-grosser-garten-junge-garde","17":"product_tag-konzert","18":"product_tag-montez","19":"product_tag-veranstaltung","20":"product_shipping_class-nur_paketversand","21":"pa_discount-normalpreis","22":"pa_preiskategorie-freie-platzwahl","24":"first","25":"instock","26":"taxable","27":"shipping-taxable","28":"purchasable","29":"product-type-variable"},"group_of_quantity":0,"min_quantity":0,"max_quantity":"","exclude_order_quantity_value_rules":"no","exclude_category_quantity_rules":"no","combine_variations":"no","acf":[],"_links":{"self":[{"href":"https:\/\/arena-ticket.com\/en\/wp-json\/wp\/v2\/product\/48841","targetHints":{"allow":["GET"]}}],"collection":[{"href":"https:\/\/arena-ticket.com\/en\/wp-json\/wp\/v2\/product"}],"about":[{"href":"https:\/\/arena-ticket.com\/en\/wp-json\/wp\/v2\/types\/product"}],"wp:featuredmedia":[{"embeddable":true,"href":"https:\/\/arena-ticket.com\/en\/wp-json\/wp\/v2\/media\/48843"}],"wp:attachment":[{"href":"https:\/\/arena-ticket.com\/en\/wp-json\/wp\/v2\/media?parent=48841"}],"wp:term":[{"taxonomy":"product_brand","embeddable":true,"href":"https:\/\/arena-ticket.com\/en\/wp-json\/wp\/v2\/product_brand?post=48841"},{"taxonomy":"product_cat","embeddable":true,"href":"https:\/\/arena-ticket.com\/en\/wp-json\/wp\/v2\/product_cat?post=48841"},{"taxonomy":"product_tag","embeddable":true,"href":"https:\/\/arena-ticket.com\/en\/wp-json\/wp\/v2\/product_tag?post=48841"}],"curies":[{"name":"wp","href":"https:\/\/api.w.org\/{rel}","templated":true}]}}