{"id":49019,"date":"2025-09-15T15:13:30","date_gmt":"2025-09-15T13:13:30","guid":{"rendered":"https:\/\/arena-ticket.com\/?p=49019&#038;post_type=product&#038;preview_id=49019"},"modified":"2025-11-27T15:37:04","modified_gmt":"2025-11-27T14:37:04","slug":"an-evening-with-francis-rossi-songbook-tour-2026-dresden-alter-schlachthof-06-05-2026-2000-uhr","status":"publish","type":"product","link":"https:\/\/arena-ticket.com\/en\/product\/an-evening-with-francis-rossi-songbook-tour-2026-dresden-alter-schlachthof-06-05-2026-2000-uhr\/","title":{"rendered":"An Evening with Francis Rossi - Songbook Tour 2026"},"content":{"rendered":"<div id=\"bgLayers_comp-m6z6x4hv1\" class=\"MW5IWV\" data-hook=\"bgLayers\" data-motion-part=\"BG_LAYER comp-m6z6x4hv1\">\n<div id=\"bgMedia_comp-m6z6x4hv1\" class=\"VgO9Yg\" data-motion-part=\"BG_MEDIA comp-m6z6x4hv1\"><\/div>\n<\/div>\n<div class=\"\" data-mesh-id=\"comp-m6z6x4hv1inlineContent\" data-testid=\"inline-content\">\n<div data-mesh-id=\"comp-m6z6x4hv1inlineContent-gridContainer\" data-testid=\"mesh-container-content\">\n<div id=\"comp-m6z7esis\" class=\"HcOXKn c9GqVL QxJLC3 lq2cno YQcXTT comp-m6z7esis wixui-rich-text\" data-testid=\"richTextElement\">\n<h1 class=\"font_0 wixui-rich-text__text\"><\/h1>\n<\/div>\n<div id=\"comp-m7ubilyk\" class=\"comp-m7ubilyk SPY_vo\">\n<div class=\"\" data-mesh-id=\"comp-m7ubilykinlineContent\" data-testid=\"inline-content\">\n<div data-mesh-id=\"comp-m7ubilykinlineContent-gridContainer\" data-testid=\"mesh-container-content\">\n<div id=\"comp-m6z7nglx\" class=\"VideoPlayer2054936319__root comp-m6z7nglx wixui-video-player\">\n<div class=\"VideoPlayer2054936319__playerContainer\" data-player-name=\"Playable\" data-testid=\"playable\">\n<div class=\"T7h78h aBdaFm\" dir=\"ltr\" data-playable-hook=\"player-container\" data-playable-dir=\"ltr\">\n<div class=\"P9q5GM L8SYSN SWiF19\" data-playable-hook=\"overlay\" data-playable-component=\"\">\n<div class=\"oVB0VT\" data-playable-hook=\"overlay-play-button\"><\/div>\n<\/div>\n<\/div>\n<\/div>\n<\/div>\n<div id=\"comp-m6z7p35s\" class=\"HcOXKn c9GqVL QxJLC3 lq2cno YQcXTT comp-m6z7p35s wixui-rich-text\" data-testid=\"richTextElement\">\n<p class=\"font_8 wixui-rich-text__text\">Nach \u00fcber 100 sehr erfolgreichen Auftritten in Gro\u00dfbritannien bringt der legend\u00e4re Frontmann von STATUS QUO seine neue Show mit dem Titel \u201eAn Evening of Francis Rossi's Songs from the Status Quo Songbook and More...\u201c nach Europa.<br \/>\nIm Mai 2026 kommt Francis, der hier schon immer eine gro\u00dfe Fangemeinde hatte, auch nach Deutschland.<\/p>\n<p>Die zehn deutschen Shows werden Songs beinhalten, die er noch nie zuvor in diesem Format gespielt hat. Der Abend mit Francis Rossi bietet \u2013 neben den wichtigsten QUO-Klassikern - Backstage-Geschichten aus erster Hand. Francis erz\u00e4hlt von seinen \u00fcber 100 Auftritten bei Top Of The Pops, der legend\u00e4ren Er\u00f6ffnung des Live Aid Konzertes 1985, seinem Leben mit Rick Parfitt, den Hits, den anderen Stars der Branche und den Missgeschicken rund um die Welt. Dies alles gew\u00fcrzt mit Francis' bekanntem Witz und britischem Humor.<br \/>\nDie Fans k\u00f6nnen sich auf einen echten Leckerbissen freuen. Die Mail on Sunday schrieb: \u201eWenn er mit einer fesselnden Gel\u00e4ufigkeit klimpert, wird die ganze nerv\u00f6se Energie pl\u00f6tzlich herzerw\u00e4rmend... lebensbejahend... armschwingend\u201c.<br \/>\nDer Spectator f\u00fcgte hinzu: \"Seine Stimme ist seltsam effektiv in einer intimeren Umgebung, w\u00e4hrend das Drei-Akkord-Klischee rasch abgelegt wird. Zudem ist er ein wirklich guter Leadgitarrist\".<br \/>\nUnd der Daily Express meint: \u201eFrancis Rossi fesselt das Publikum mit Geschichten aus seiner sechs Jahrzehnte langen Karriere...\u201c<br \/>\nEine gro\u00dfartige Karriere und lange Karriere. Francis Rossi feiert im Mai 2026 seinen 77. Geburtstag, auf seiner m\u00f6glicherweise letzten Gastspielreise.<br \/>\nAuf der \u2018An Evening of Francis Rossi\u2019s Songs from the Status Quo Songbook and more...\u2019-Tour wird die lebende Rock-Legende jedenfalls noch einmal viele seiner typischen Hits spielen, die Quo ber\u00fchmt gemacht haben. Dazu pr\u00e4sentiert Francis einige seiner pers\u00f6nlichen Lieblingssongs, und erz\u00e4hlt spannende Geschichten aus seinem unglaublichen Leben im Musikzirkus.<br \/>\nDu glaubst, du kennst Francis? Nein, noch nicht ganz...!<br \/>\nDie Geschichte beginnt mit dem ersten Hit \u201aPictures of Matchstick Men\u2018 (1968) und setzt sich bis zum heutigen Tag fort. Francis wird haupts\u00e4chlich auf seiner Acoustasonic-Gitarre spielen, die, wie er sagt, \u201eim Grunde eine Telecaster ist, aber besser zu einer Show dieser Art passt - sie hat aber immer noch den Klang und die Stimme einer Tele\u201c.<br \/>\nVielleicht sollte das letzte Wort, wie immer, Francis Rossi selbst geh\u00f6ren: \"Wisst ihr was? Ich liebe das wirklich. Endlich kann ich das tun, was ich schon immer tun wollte, n\u00e4mlich einfach nur spielen, ohne den Lautst\u00e4rkeregler auf \u201e11\u201c zu drehen. Ich habe meine ganze Karriere daf\u00fcr gebraucht, um mich zur\u00fcckzunehmen und wirklich einfach zu werden. Ich lasse die Songs f\u00fcr sich sprechen.\"<br \/>\nUnd f\u00fcr alle, die mit Francis sprechen m\u00f6chten: Es gibt das Angebot, Upgrade Packages zu kaufen und den Star hinter den Kulissen pers\u00f6nlich zu treffen!<\/p>\n<\/div>\n<\/div>\n<\/div>\n<\/div>\n<\/div>\n<\/div>","protected":false},"excerpt":{"rendered":"<p><span class=\"wixui-rich-text__text\">\u2018An Evening of Francis Rossi\u2019s Songs from the Status Quo Songbook and more...\u2019 kommt nach Deutschland! <\/span>Get your tickets here now!<\/p>","protected":false},"featured_media":49023,"template":"","meta":{"_acf_changed":false,"inline_featured_image":false},"product_brand":[],"product_cat":[359,87,31,69,35,6732,21,58],"product_tag":[939,6331,940,941,942,944,6332,947,948],"class_list":{"0":"post-49019","1":"product","2":"type-product","3":"status-publish","4":"has-post-thumbnail","6":"product_cat-alter-schlachthof","7":"product_cat-dresden","8":"product_cat-events","9":"product_cat-konzert","10":"product_cat-orte","11":"product_cat-rock-hard-rock","12":"product_cat-ticket","13":"product_cat-veranstaltung","14":"product_tag-alter-schlachthof","15":"product_tag-an-evening-with-francis-rossi","16":"product_tag-dresden","17":"product_tag-events","18":"product_tag-konzert","19":"product_tag-orte","20":"product_tag-songbook-tour-2026","21":"product_tag-ticket","22":"product_tag-veranstaltung","23":"product_shipping_class-nur_paketversand","24":"pa_discount-normalpreis","25":"pa_preiskategorie-pk-i","26":"pa_preiskategorie-pk-ii","27":"pa_preiskategorie-pk-iii","28":"pa_preiskategorie-pk-iv","30":"first","31":"instock","32":"taxable","33":"shipping-taxable","34":"purchasable","35":"product-type-variable","36":"has-default-attributes"},"group_of_quantity":0,"min_quantity":0,"max_quantity":"","exclude_order_quantity_value_rules":"no","exclude_category_quantity_rules":"no","combine_variations":"no","acf":[],"_links":{"self":[{"href":"https:\/\/arena-ticket.com\/en\/wp-json\/wp\/v2\/product\/49019","targetHints":{"allow":["GET"]}}],"collection":[{"href":"https:\/\/arena-ticket.com\/en\/wp-json\/wp\/v2\/product"}],"about":[{"href":"https:\/\/arena-ticket.com\/en\/wp-json\/wp\/v2\/types\/product"}],"wp:featuredmedia":[{"embeddable":true,"href":"https:\/\/arena-ticket.com\/en\/wp-json\/wp\/v2\/media\/49023"}],"wp:attachment":[{"href":"https:\/\/arena-ticket.com\/en\/wp-json\/wp\/v2\/media?parent=49019"}],"wp:term":[{"taxonomy":"product_brand","embeddable":true,"href":"https:\/\/arena-ticket.com\/en\/wp-json\/wp\/v2\/product_brand?post=49019"},{"taxonomy":"product_cat","embeddable":true,"href":"https:\/\/arena-ticket.com\/en\/wp-json\/wp\/v2\/product_cat?post=49019"},{"taxonomy":"product_tag","embeddable":true,"href":"https:\/\/arena-ticket.com\/en\/wp-json\/wp\/v2\/product_tag?post=49019"}],"curies":[{"name":"wp","href":"https:\/\/api.w.org\/{rel}","templated":true}]}}