{"id":49039,"date":"2025-09-15T16:56:41","date_gmt":"2025-09-15T14:56:41","guid":{"rendered":"https:\/\/arena-ticket.com\/?p=49039&#038;post_type=product&#038;preview_id=49039"},"modified":"2025-10-28T12:29:04","modified_gmt":"2025-10-28T11:29:04","slug":"max-giesinger-glueck-auf-den-strassen-open-airs-2026-chemnitz-wasserschloss-klaffenbach-17-07-2026-2000-uhr","status":"publish","type":"product","link":"https:\/\/arena-ticket.com\/en\/product\/max-giesinger-glueck-auf-den-strassen-open-airs-2026-chemnitz-wasserschloss-klaffenbach-17-07-2026-2000-uhr\/","title":{"rendered":"Max Giesinger  - Gl\u00fcck auf den Strassen Open Airs 2026"},"content":{"rendered":"<div id=\"content\">\n<section class=\"c-full c-inner c-narrow\" data-c=\"stageteasertext\" data-qa=\"stageteasertext-component\">\n<div class=\"container\">\n<div class=\"external-content no-margin\">\n<div class=\"u-position-relative js-moretext-wrapper\">\n<div class=\"moretext js-moretext expanded\" data-qa=\"readMoreText\">\n<div class=\"moretext-teaser\">\n<p>Mit seinem neuen Album \u201eGlu\u0308ck auf den Strassen\u201c nimmt Max Giesinger sein Publikum mit auf einen Roadtrip voll neuer Sounds hin zu den Urspru\u0308ngen der Motivation, die ihn zum Musikmachen bewegt hat. Der gleichnamige Titelsong verstr\u00f6mt die Leichtigkeit des Sommers und ist damit - wie alle anderen Songs des Albums - wie gemacht, um sie unter freiem Himmel gemeinsam live zu erleben. Gleichzeitig gibt es 2026 das 10. Jubil\u00e4um seiner Single \u201e80 Millionen\u201c und seines Albums \u201eDer Junge, der rennt\u201c zu feiern, die ihm zum Durchbruch verholfen haben \u2013 es stehen also wunderbare Sommerabende voller Emotionen ins Haus!<\/p>\n<p>Max Giesingers Weg von seinem Debut \u201eLaufen Lernen\u201c, u\u0308ber \u201e80 Millionen\u201c, \u201eWenn sie tanzt\u201c, \u201eLegenden\u201c, \u201eAuf das, was da noch kommt\u201c &amp; \u201eIrgendwann ist jetzt\u201c bis hin zu \u201eMenschen\u201c und \u201eWimpernschlag\u201c, seinem Duett mit Johannes Oerding, ist absolut bemerkenswert. Der Titel seines zweiten Albums \u201eDer Junge, der rennt\u201c war lange programmatisch fu\u0308r das letzte Jahrzehnt im Leben des Musikers: \u00dcber 800 gespielte Konzerte bisher, h\u00e4ufiger unterwegs als zuhause, Teilnahme als Coach bei \u201eThe Voice Kids\u201c &amp; \u201eSing meinen Song\u201c, danach ins Studio, neue Songs aufnehmen und wieder raus auf die Bu\u0308hnen in immer gr\u00f6\u00dferen Hallen und Arenen \u2013 es gab stets nur eine Richtung: Volle Fahrt voraus. Jetzt nimmt Max Giesinger sich erstmals Zeit, seine steile Karriere zu reflektieren und sich zu fragen, wie es zu all dem u\u0308berhaupt kam. Die Antwort gibt er auf \u201eGlu\u0308ck auf den Strassen\u201c mit neuen Sounds, viel Empathie fu\u0308r die Spezies Mensch und indem er seine Fans mitnimmt auf einen Roadtrip nach dem Ursprungsgefu\u0308hl, das ihn u\u0308berhaupt zur Musik gebracht hat. Angefangen vom gemeinsamen lauten Musikh\u00f6ren im Cabrio mit seiner Mutter, zu seinen Auftritten als Stra\u00dfenmusiker in den Fu\u00dfg\u00e4ngerzonen von Karlsruhe und Sydney bis hin zu seinem jetzigen Leben als Musiker zieht sich die Freiheit des Unterwegsseins wie ein roter Faden durch sein Schaffen.<\/p>\n<p>Doch inzwischen hat Max Giesinger gemerkt, dass der Junge, der rennt, nach 10 Jahren des st\u00e4ndigen unterwegs seins auch mal innehalten muss. Die Pause-Taste dru\u0308cken, um durchzuatmen, zu reflektieren und das Leben zu genie\u00dfen. Deshalb wird er sich nach den Sommer Open Air Shows 2026 fu\u0308r unbestimmte Zeit eine Auszeit nehmen. Umso mehr wird der Sommer 2026 ein \u201eHighlight Sommer\u201c mit einigen Open Airs der letzten 10 Jahre, die besonders in Erinnerung geblieben sind. Grund genug, ihm bei diesen Open Air Shows so viel Fan-W\u00e4rme mitzugeben, dass er es kaum erwarten kann, zuru\u0308ckzukommen!<\/p>\n<\/div>\n<\/div>\n<\/div>\n<\/div>\n<\/div>\n<\/section>\n<\/div>\n<div id=\"menu\">\n<div id=\"innerMenue\"><\/div>\n<\/div>","protected":false},"excerpt":{"rendered":"<div class=\"event__header\" data-v-331ed750=\"\">Don&#039;t miss it!<\/div>","protected":false},"featured_media":49041,"template":"","meta":{"_acf_changed":false,"inline_featured_image":false},"product_brand":[],"product_cat":[103,31,69,35,6733,58,512],"product_tag":[992,941,6336,942,4184,948,993],"class_list":{"0":"post-49039","1":"product","2":"type-product","3":"status-publish","4":"has-post-thumbnail","6":"product_cat-chemnitz","7":"product_cat-events","8":"product_cat-konzert","9":"product_cat-orte","10":"product_cat-pop","11":"product_cat-veranstaltung","12":"product_cat-wasserschloss-klaffenbach","13":"product_tag-chemnitz","14":"product_tag-events","15":"product_tag-glueck-auf-den-strassen-open-airs-2026","16":"product_tag-konzert","17":"product_tag-max-giesinger","18":"product_tag-veranstaltung","19":"product_tag-wasserschloss-klaffenbach","20":"product_shipping_class-nur_paketversand","21":"pa_discount-normalpreis","22":"pa_preiskategorie-stehplatz","24":"first","25":"instock","26":"taxable","27":"shipping-taxable","28":"purchasable","29":"product-type-variable"},"group_of_quantity":0,"min_quantity":0,"max_quantity":"","exclude_order_quantity_value_rules":"no","exclude_category_quantity_rules":"no","combine_variations":"no","acf":[],"_links":{"self":[{"href":"https:\/\/arena-ticket.com\/en\/wp-json\/wp\/v2\/product\/49039","targetHints":{"allow":["GET"]}}],"collection":[{"href":"https:\/\/arena-ticket.com\/en\/wp-json\/wp\/v2\/product"}],"about":[{"href":"https:\/\/arena-ticket.com\/en\/wp-json\/wp\/v2\/types\/product"}],"wp:featuredmedia":[{"embeddable":true,"href":"https:\/\/arena-ticket.com\/en\/wp-json\/wp\/v2\/media\/49041"}],"wp:attachment":[{"href":"https:\/\/arena-ticket.com\/en\/wp-json\/wp\/v2\/media?parent=49039"}],"wp:term":[{"taxonomy":"product_brand","embeddable":true,"href":"https:\/\/arena-ticket.com\/en\/wp-json\/wp\/v2\/product_brand?post=49039"},{"taxonomy":"product_cat","embeddable":true,"href":"https:\/\/arena-ticket.com\/en\/wp-json\/wp\/v2\/product_cat?post=49039"},{"taxonomy":"product_tag","embeddable":true,"href":"https:\/\/arena-ticket.com\/en\/wp-json\/wp\/v2\/product_tag?post=49039"}],"curies":[{"name":"wp","href":"https:\/\/api.w.org\/{rel}","templated":true}]}}