{"id":49074,"date":"2025-09-16T15:28:07","date_gmt":"2025-09-16T13:28:07","guid":{"rendered":"https:\/\/arena-ticket.com\/?p=49074&#038;post_type=product&#038;preview_id=49074"},"modified":"2025-10-20T14:44:00","modified_gmt":"2025-10-20T12:44:00","slug":"weckt-die-toten-fesival-2026-in-extremo-eisbrecher-windrose-subway-to-sally-manntra-halle-freilichtbuehne-peissnitz-05-09-2026-1530-uhr","status":"publish","type":"product","link":"https:\/\/arena-ticket.com\/en\/product\/weckt-die-toten-fesival-2026-in-extremo-eisbrecher-windrose-subway-to-sally-manntra-halle-freilichtbuehne-peissnitz-05-09-2026-1530-uhr\/","title":{"rendered":"Weckt die Toten Festival 2026 - IN EXTREMO | EISBRECHER | WINDROSE | SUBWAY TO SALLY | MANNTRA"},"content":{"rendered":"<p>On\u00a0<strong>5. September 2026<\/strong>\u00a0verwandelt sich die Freilichtb\u00fchne Pei\u00dfnitzinsel in Halle (Saale) in ein\u00a0<strong>Paradies f\u00fcr Mittelalter-Rock- und Festivalfans.<\/strong>\u00a0In Extremo laden zu ihrem eigenen\u00a0<strong>Open-Air-Festival\u00a0<\/strong>ein und bringen ein Line-up mit, das keine W\u00fcnsche offenl\u00e4sst: Eisbrecher, Wind Rose, Subway To Sally und Manntra stehen mit ihnen auf der B\u00fchne. Ein Tag voller mitrei\u00dfender Musik wartet auf euch!<\/p>\n<p>Seit \u00fcber drei Jahrzehnten begeistern\u00a0<strong>In Extremo mit ihrem unverwechselbaren Mix aus modernem Rock und mittelalterlichen Einfl\u00fcssen<\/strong>. Sie haben nicht nur ein eigenes Genre gepr\u00e4gt, sondern sich auch zur erfolgreichsten Mittelalter-Rockband der Welt entwickelt. Mit sieben Alben\u00a0und unz\u00e4hligen gefeierten Live-Shows, sind sie ein Garant f\u00fcr erstklassige Unterhaltung. Und jetzt setzen sie mit ihrem Festival noch einen drauf.<\/p>\n<p>Nach dem ausverkauften Deb\u00fct im letzten Jahr kehren In Extremo mit einer spektakul\u00e4ren Show zur\u00fcck.\u00a0<strong>Eisbrecher<\/strong>\u00a0bringen ihren kraftvollen Industrial-Rock-Sound mit,\u00a0<strong>Subway To Sally<\/strong>\u00a0liefern ihre einzigartige Mischung aus Rock und Folk,\u00a0<strong>Wind Rose<\/strong>\u00a0entf\u00fchren euch mit epischem Power Metal in fantastische Welten, und\u00a0<strong>Manntra<\/strong>\u00a0sorgen mit ihrem Balkan-Rock f\u00fcr ordentlich Stimmung. Dazu gibt es ein liebevoll gestaltetes Rahmenprogramm, das den Tag perfekt abrundet.<\/p>\n<p>&nbsp;<\/p>\n<p><span class=\"o-brushbg\">Lineup: <\/span><span style=\"font-size: 16px\">IN EXTREMO | EISBRECHER | WINDROSE | SUBWAY TO SALLY | MANNTRA<\/span><\/p>","protected":false},"excerpt":{"rendered":"<div class=\"c-heading u-block u-text-left\">\n<p id=\"lineup\" class=\"c-heading__title o-headline--size3\">\n<\/div>\n<p>Get your tickets here now!<\/p>","protected":false},"featured_media":49593,"template":"","meta":{"_acf_changed":false,"inline_featured_image":false},"product_brand":[],"product_cat":[31,6742,405,102,69,35,21,58],"product_tag":[941,1004,999,6339,942,944,947,948,6338],"class_list":{"0":"post-49074","1":"product","2":"type-product","3":"status-publish","4":"has-post-thumbnail","6":"product_cat-events","7":"product_cat-festivals-open-air","8":"product_cat-freilichtbuehne-peissnitz","9":"product_cat-halle","10":"product_cat-konzert","11":"product_cat-orte","12":"product_cat-ticket","13":"product_cat-veranstaltung","14":"product_tag-events","15":"product_tag-freilichtbuehne-peissnitz","16":"product_tag-halle","17":"product_tag-in-extremo-eisbrecher-windrose-subway-to-sally-manntra","18":"product_tag-konzert","19":"product_tag-orte","20":"product_tag-ticket","21":"product_tag-veranstaltung","22":"product_tag-weckt-die-toten-fesival-2026","23":"product_shipping_class-nur_paketversand","24":"pa_discount-freie-platzwahl","25":"pa_discount-vip-golden-circle","26":"pa_discount-normalpreis","27":"pa_preiskategorie-stehplatz","29":"first","30":"instock","31":"taxable","32":"shipping-taxable","33":"purchasable","34":"product-type-variable"},"group_of_quantity":0,"min_quantity":0,"max_quantity":"","exclude_order_quantity_value_rules":"no","exclude_category_quantity_rules":"no","combine_variations":"no","acf":[],"_links":{"self":[{"href":"https:\/\/arena-ticket.com\/en\/wp-json\/wp\/v2\/product\/49074","targetHints":{"allow":["GET"]}}],"collection":[{"href":"https:\/\/arena-ticket.com\/en\/wp-json\/wp\/v2\/product"}],"about":[{"href":"https:\/\/arena-ticket.com\/en\/wp-json\/wp\/v2\/types\/product"}],"wp:featuredmedia":[{"embeddable":true,"href":"https:\/\/arena-ticket.com\/en\/wp-json\/wp\/v2\/media\/49593"}],"wp:attachment":[{"href":"https:\/\/arena-ticket.com\/en\/wp-json\/wp\/v2\/media?parent=49074"}],"wp:term":[{"taxonomy":"product_brand","embeddable":true,"href":"https:\/\/arena-ticket.com\/en\/wp-json\/wp\/v2\/product_brand?post=49074"},{"taxonomy":"product_cat","embeddable":true,"href":"https:\/\/arena-ticket.com\/en\/wp-json\/wp\/v2\/product_cat?post=49074"},{"taxonomy":"product_tag","embeddable":true,"href":"https:\/\/arena-ticket.com\/en\/wp-json\/wp\/v2\/product_tag?post=49074"}],"curies":[{"name":"wp","href":"https:\/\/api.w.org\/{rel}","templated":true}]}}