{"id":49134,"date":"2025-09-17T15:32:59","date_gmt":"2025-09-17T13:32:59","guid":{"rendered":"https:\/\/arena-ticket.com\/?p=49134&#038;post_type=product&#038;preview_id=49134"},"modified":"2026-04-07T15:42:25","modified_gmt":"2026-04-07T13:42:25","slug":"christian-steiffen-ich-komme-2026-leipzig-haus-auensee-02-05-2026-2000-uhr","status":"publish","type":"product","link":"https:\/\/arena-ticket.com\/en\/product\/christian-steiffen-ich-komme-2026-leipzig-haus-auensee-02-05-2026-2000-uhr\/","title":{"rendered":"Christian Steiffen  - Ich komme! 2026"},"content":{"rendered":"<p>Nach einem \u00fcberaus erfolgreichen Konzertjahr 2025 mit fast vollst\u00e4ndig ausverkauften Shows geht es f\u00fcr Christian Steiffen im kommenden Jahr in die n\u00e4chste Runde: Im April und Mai 2026 bringt der Entertainer und selbsternannte \u201eGott of Schlager\u201c seine gr\u00f6\u00dften Hits und unvergleichliche Show zur\u00fcck auf die B\u00fchnen in ganz Deutschland.<\/p>\n<p>Ob in gro\u00dfen Hallen oder unter freiem Himmel \u2013 wo Christian Steiffen auftritt, wird jede Show zum Erlebnis. Der \u201eArbeiter der Liebe\u201c verwandelt seine Shows mit markanten Texten, viel Humor und der kraftvollen Unterst\u00fctzung des Original Haseland Orchesters in mitrei\u00dfende Mega-Partys. Die einzigartige Mischung aus Unterhaltung, Witz und musikalischer Raffinesse schafft so eine Atmosph\u00e4re, die seine Konzerte unvergesslich macht \u2013 und seine stetig wachsende Fangemeinde begeistert. Die Chance, den \u201eGott of Schlager\u201c live zu erleben, sollte man sich nicht entgehen lassen \u2013 denn eines ist sicher: Wo der Steiffen ist, da ist Party!<\/p>","protected":false},"excerpt":{"rendered":"<p>Secure your tickets!<\/p>","protected":false},"featured_media":56360,"template":"","meta":{"_acf_changed":false,"inline_featured_image":false},"product_brand":[],"product_cat":[31,344,69,86,35,6732,21,58],"product_tag":[4320,941,962,6340,942,943,944,6804,947,948],"class_list":{"0":"post-49134","1":"product","2":"type-product","3":"status-publish","4":"has-post-thumbnail","6":"product_cat-events","7":"product_cat-haus-auensee","8":"product_cat-konzert","9":"product_cat-leipzig","10":"product_cat-orte","11":"product_cat-rock-hard-rock","12":"product_cat-ticket","13":"product_cat-veranstaltung","14":"product_tag-christian-steiffen","15":"product_tag-events","16":"product_tag-haus-auensee","17":"product_tag-ich-komme-2026","18":"product_tag-konzert","19":"product_tag-leipzig","20":"product_tag-orte","21":"product_tag-rock-hard-rock","22":"product_tag-ticket","23":"product_tag-veranstaltung","24":"product_shipping_class-nur_paketversand","25":"pa_discount-normalpreis","26":"pa_preiskategorie-stehplatz","28":"first","29":"outofstock","30":"taxable","31":"shipping-taxable","32":"purchasable","33":"product-type-variable","34":"has-default-attributes"},"group_of_quantity":0,"min_quantity":0,"max_quantity":"","exclude_order_quantity_value_rules":"no","exclude_category_quantity_rules":"no","combine_variations":"no","acf":[],"_links":{"self":[{"href":"https:\/\/arena-ticket.com\/en\/wp-json\/wp\/v2\/product\/49134","targetHints":{"allow":["GET"]}}],"collection":[{"href":"https:\/\/arena-ticket.com\/en\/wp-json\/wp\/v2\/product"}],"about":[{"href":"https:\/\/arena-ticket.com\/en\/wp-json\/wp\/v2\/types\/product"}],"wp:featuredmedia":[{"embeddable":true,"href":"https:\/\/arena-ticket.com\/en\/wp-json\/wp\/v2\/media\/56360"}],"wp:attachment":[{"href":"https:\/\/arena-ticket.com\/en\/wp-json\/wp\/v2\/media?parent=49134"}],"wp:term":[{"taxonomy":"product_brand","embeddable":true,"href":"https:\/\/arena-ticket.com\/en\/wp-json\/wp\/v2\/product_brand?post=49134"},{"taxonomy":"product_cat","embeddable":true,"href":"https:\/\/arena-ticket.com\/en\/wp-json\/wp\/v2\/product_cat?post=49134"},{"taxonomy":"product_tag","embeddable":true,"href":"https:\/\/arena-ticket.com\/en\/wp-json\/wp\/v2\/product_tag?post=49134"}],"curies":[{"name":"wp","href":"https:\/\/api.w.org\/{rel}","templated":true}]}}