{"id":49138,"date":"2025-09-17T15:58:38","date_gmt":"2025-09-17T13:58:38","guid":{"rendered":"https:\/\/arena-ticket.com\/?p=49138&#038;post_type=product&#038;preview_id=49138"},"modified":"2025-11-06T14:54:57","modified_gmt":"2025-11-06T13:54:57","slug":"georg-stengel-isso-live-mit-band-2026-felsenkeller-leipzig-02-05-2026-1930-uhr","status":"publish","type":"product","link":"https:\/\/arena-ticket.com\/en\/product\/georg-stengel-isso-live-mit-band-2026-felsenkeller-leipzig-02-05-2026-1930-uhr\/","title":{"rendered":"Georg Stengel - ISSO  - Live mit Band 2026"},"content":{"rendered":"<div><strong>2026 geht Georg Stengel wieder auf Tour \u2013 lauter, emotionaler und n\u00e4her dran als je zuvor. Nach seinem erfolgreichen Deb\u00fctalbum \u201eEndlich!\u201c, millionenfach gestreamten Songs und gefeierten Auftritten an der Seite von Roland Kaiser, startet der sympathische Brandenburger erneut durch: mit seinem neuen Album \u201eISSO\u201c, das am 13. M\u00e4rz 2026 erscheint, und der gleichnamigen Clubtour im kommenden Fr\u00fchjahr. Ein echtes Highlight f\u00fcr alle Fans von ehrlicher Musik, kraftvoller Stimme und emotionalen Geschichten!<\/strong><\/div>\n<div><\/div>\n<div>Bereits 2023 erf\u00fcllte sich <strong>Georg Stengel<\/strong> mit seiner ersten Headliner-Tour einen gro\u00dfen Traum. Seither ist viel passiert: TV-Auftritte, neue Songs, eine stetig wachsende Fanbase und Konzerte, die f\u00fcr unvergessliche G\u00e4nsehautmomente sorgten. 2026 schl\u00e4gt er mit seiner Clubtour, begleitet von einer mitrei\u00dfenden Liveband, das n\u00e4chste Kapitel auf. Mit im Gep\u00e4ck: sein neues Album \u201eISSO\u201c, das am 13. M\u00e4rz 2026 ver\u00f6ffentlicht wird. Damit zeigt er einmal mehr, warum er zu den spannendsten Stimmen im deutschsprachigen Pop geh\u00f6rt.<\/div>\n<div><\/div>\n<div>Nach erfolgreichen Ohrw\u00fcrmern wie \u201eWOW\u201c und millionenfach gestreamten Songs wie \u201eMars\u201c, \u201eNEIN NEIN NEIN\u201c oder \u201eTitanic\u201c beweist <strong>Georg Stengel<\/strong> mit brandneuen Songs wie \u201eBella Bella\u201c und \u201eDer Himmel weint\u201c erneut seine Vielseitigkeit: mal tanzbar, mal tiefgr\u00fcndig, aber immer mit seiner unverkennbaren Stimme, die unter die Haut geht. Mit Texten, die ber\u00fchren, und einer B\u00fchnenpr\u00e4senz, die begeistert. Er schafft es, mit seinem unverwechselbaren Mix aus Deutschpop, Singer-\/Songwriter-Elementen und modernen Beats, Gef\u00fchle in ausdrucksstarke Musik zu verwandeln \u2013 und das direkt, nahbar und voller Leidenschaft.<\/div>\n<div><\/div>\n<div><strong>Georg Stengel <\/strong>macht mit seiner Band im Fr\u00fchjahr Halt in ausgew\u00e4hlten Clubs in ganz Deutschland. Wer die besondere Atmosph\u00e4re seiner letzten Shows erlebt hat, wei\u00df: Diese Abende bleiben lange in Erinnerung \u2013 und f\u00fcr immer im Herzen.<\/div>","protected":false},"excerpt":{"rendered":"<p>Get your tickets here now!<\/p>","protected":false},"featured_media":49141,"template":"","meta":{"_acf_changed":false,"inline_featured_image":false},"product_brand":[],"product_cat":[31,348,69,86,35,6746,21,58],"product_tag":[941,1476,6341,942,943,6342,944,947,948],"class_list":{"0":"post-49138","1":"product","2":"type-product","3":"status-publish","4":"has-post-thumbnail","6":"product_cat-events","7":"product_cat-felsenkeller","8":"product_cat-konzert","9":"product_cat-leipzig","10":"product_cat-orte","11":"product_cat-singer-songwriter","12":"product_cat-ticket","13":"product_cat-veranstaltung","14":"product_tag-events","15":"product_tag-felsenkeller","16":"product_tag-georg-stengel-isso","17":"product_tag-konzert","18":"product_tag-leipzig","19":"product_tag-live-mit-band-2026","20":"product_tag-orte","21":"product_tag-ticket","22":"product_tag-veranstaltung","23":"product_shipping_class-nur_paketversand","24":"pa_discount-normalpreis","25":"pa_preiskategorie-stehplatz","27":"first","28":"instock","29":"taxable","30":"shipping-taxable","31":"purchasable","32":"product-type-variable"},"group_of_quantity":0,"min_quantity":0,"max_quantity":"","exclude_order_quantity_value_rules":"no","exclude_category_quantity_rules":"no","combine_variations":"no","acf":[],"_links":{"self":[{"href":"https:\/\/arena-ticket.com\/en\/wp-json\/wp\/v2\/product\/49138","targetHints":{"allow":["GET"]}}],"collection":[{"href":"https:\/\/arena-ticket.com\/en\/wp-json\/wp\/v2\/product"}],"about":[{"href":"https:\/\/arena-ticket.com\/en\/wp-json\/wp\/v2\/types\/product"}],"wp:featuredmedia":[{"embeddable":true,"href":"https:\/\/arena-ticket.com\/en\/wp-json\/wp\/v2\/media\/49141"}],"wp:attachment":[{"href":"https:\/\/arena-ticket.com\/en\/wp-json\/wp\/v2\/media?parent=49138"}],"wp:term":[{"taxonomy":"product_brand","embeddable":true,"href":"https:\/\/arena-ticket.com\/en\/wp-json\/wp\/v2\/product_brand?post=49138"},{"taxonomy":"product_cat","embeddable":true,"href":"https:\/\/arena-ticket.com\/en\/wp-json\/wp\/v2\/product_cat?post=49138"},{"taxonomy":"product_tag","embeddable":true,"href":"https:\/\/arena-ticket.com\/en\/wp-json\/wp\/v2\/product_tag?post=49138"}],"curies":[{"name":"wp","href":"https:\/\/api.w.org\/{rel}","templated":true}]}}