{"id":49146,"date":"2025-09-17T18:14:25","date_gmt":"2025-09-17T16:14:25","guid":{"rendered":"https:\/\/arena-ticket.com\/?p=49146&#038;post_type=product&#038;preview_id=49146"},"modified":"2025-09-17T18:23:08","modified_gmt":"2025-09-17T16:23:08","slug":"stian-westerhus-leipzig-voelkerschlachtdenkmal-17-10-2025-2030-uhr","status":"publish","type":"product","link":"https:\/\/arena-ticket.com\/en\/product\/stian-westerhus-leipzig-voelkerschlachtdenkmal-17-10-2025-2030-uhr\/","title":{"rendered":"Stian Westerhus"},"content":{"rendered":"<p>&nbsp;<\/p>\n<p><em>Platzwahl frei - teilbestuhlt - kein Sitzplatzanspruch<\/em><\/p>\n<p>&nbsp;<\/p>\n<p>&nbsp;<\/p>\n<div class=\"inhalt\">\n<p>&nbsp;<\/p>\n<p>Hartn\u00e4ckig h\u00e4lt sich der Glaube, dass sich die Ausdrucksm\u00f6glichkeiten an der E-Gitarre im 21. Jahrhundert ersch\u00f6pft, und in einer endlosen Schleife der Redundanz verloren haben. Doch Stian Westerhus beweist uns das Gegenteil.<\/p>\n<p>Der norwegische E-Gitarrist gilt als musikalischer Innovator und Ikone seines Instrumentes. Mitsamt einer breiten Palette an Effekten und Soundkulissen versetzt er sein Publikum regelm\u00e4\u00dfig in eine Art Trancezustand, dem es sich nur schwer zu entziehen vermag. Dabei erbaut er dichte, massive Klangw\u00e4nde, um sie im n\u00e4chsten Moment zugunsten zerbrechlich-intimer Klangminiaturen wieder zum Einsturz zu bringen.<\/p>\n<p>Die k\u00fchle Atmosph\u00e4re des Black Metal und Post Rock haben ebenso ihre Spuren in seinem Spiel hinterlassen wie die komplexe Harmonik des Jazz, die warmen Klangfarben des Ambient ebenso wie die anarchische Spielfreude Jimi Hendrix\u2018. \u00dcber die Jahre spielte er in zahlreichen Projekten und Bands, seine Diskographie ist schwer zu \u00fcberblicken. Ein zentrales Werk ist bis heute das 2012 ver\u00f6ffentlichte Album \u00bbThe Matriarch and the wrong kind of flowers\u00ab, das in einem Osloer Mausoleum mit \u00fcberdurchschnittlich langer Nachhallzeit aufgenommen wurde.<\/p>\n<p>Vergleichbare Bedingungen finden sich aufgrund der architektonischen \u00c4hnlichkeit auch im Leipziger V\u00f6lkerschlachtdenkmal \u2013 der nat\u00fcrliche Hall liegt hier bei 10 Sekunden. Westerhus in die monumental-steinerne Kulisse der Messestadt einzuladen, war daher nur folgerichtig. Mitsamt\u00a0des Live-Mappings der Videokunst-Koryph\u00e4e\u00a0Frieder Weiss wird das Konzert Novum und Experiment zugleich \u2013 und in seiner konzeptionellen Einzigartigkeit nur an diesem Abend zu erleben sein.<\/p>\n<p>&nbsp;<\/p>\n<p>&nbsp;<\/p>\n<p>&nbsp;<\/p>\n<p>&nbsp;<\/p>\n<p>&nbsp;<\/p>\n<\/div>\n<footer>Text: Luca Glenzer<\/footer>","protected":false},"excerpt":{"rendered":"<p>Novum und Nachhall: audio-visuelle Premiere in monumental steinerner Kulisse - sichern Sie sich Ihre Ticket f\u00fcr dieses Konzert<\/p>","protected":false},"featured_media":49153,"template":"","meta":{"_acf_changed":false,"inline_featured_image":false},"product_brand":[],"product_cat":[31,6740,69,86,35,21,58,507],"product_tag":[941,942,943,944,6343,947,948,4934],"class_list":{"0":"post-49146","1":"product","2":"type-product","3":"status-publish","4":"has-post-thumbnail","6":"product_cat-events","7":"product_cat-jazz-blues","8":"product_cat-konzert","9":"product_cat-leipzig","10":"product_cat-orte","11":"product_cat-ticket","12":"product_cat-veranstaltung","13":"product_cat-voelkerschlachtdenkmal","14":"product_tag-events","15":"product_tag-konzert","16":"product_tag-leipzig","17":"product_tag-orte","18":"product_tag-stian-westerhus","19":"product_tag-ticket","20":"product_tag-veranstaltung","21":"product_tag-voelkerschlachtdenkmal","22":"product_shipping_class-nur_paketversand","23":"pa_discount-ermaessigt","24":"pa_discount-leipzig-pass-inhaber","25":"pa_discount-normalpreis","26":"pa_preiskategorie-freie-platzwahl","27":"pa_preiskategorie-stehplatz","29":"first","30":"instock","31":"taxable","32":"shipping-taxable","33":"purchasable","34":"product-type-variable"},"group_of_quantity":0,"min_quantity":0,"max_quantity":"","exclude_order_quantity_value_rules":"no","exclude_category_quantity_rules":"no","combine_variations":"no","acf":[],"_links":{"self":[{"href":"https:\/\/arena-ticket.com\/en\/wp-json\/wp\/v2\/product\/49146","targetHints":{"allow":["GET"]}}],"collection":[{"href":"https:\/\/arena-ticket.com\/en\/wp-json\/wp\/v2\/product"}],"about":[{"href":"https:\/\/arena-ticket.com\/en\/wp-json\/wp\/v2\/types\/product"}],"wp:featuredmedia":[{"embeddable":true,"href":"https:\/\/arena-ticket.com\/en\/wp-json\/wp\/v2\/media\/49153"}],"wp:attachment":[{"href":"https:\/\/arena-ticket.com\/en\/wp-json\/wp\/v2\/media?parent=49146"}],"wp:term":[{"taxonomy":"product_brand","embeddable":true,"href":"https:\/\/arena-ticket.com\/en\/wp-json\/wp\/v2\/product_brand?post=49146"},{"taxonomy":"product_cat","embeddable":true,"href":"https:\/\/arena-ticket.com\/en\/wp-json\/wp\/v2\/product_cat?post=49146"},{"taxonomy":"product_tag","embeddable":true,"href":"https:\/\/arena-ticket.com\/en\/wp-json\/wp\/v2\/product_tag?post=49146"}],"curies":[{"name":"wp","href":"https:\/\/api.w.org\/{rel}","templated":true}]}}