{"id":49441,"date":"2025-09-19T10:29:07","date_gmt":"2025-09-19T08:29:07","guid":{"rendered":"https:\/\/arena-ticket.com\/?p=49441&#038;post_type=product&#038;preview_id=49441"},"modified":"2026-03-10T14:34:27","modified_gmt":"2026-03-10T13:34:27","slug":"roland-kaiser-das-open-air-2026-erfurt-domplatz-03-07-2026-2000-uhr","status":"publish","type":"product","link":"https:\/\/arena-ticket.com\/en\/product\/roland-kaiser-das-open-air-2026-erfurt-domplatz-03-07-2026-2000-uhr\/","title":{"rendered":"Roland Kaiser  - Das Open Air 2026!"},"content":{"rendered":"<div>Er ist einer der bekanntesten und erfolgreichsten K\u00fcnstler Deutschlands und feiert jedes Jahr neue Besucherrekorde. Roland Kaiser wird gemeinsam mit seiner Band auch im kommenden Jahr seine Fans auf seiner neuen Open Air-Tournee begeistern.<\/div>\n<div><\/div>\n<div>DIE OPEN AIRS! \u2013 Tournee 2026 f\u00fchrt den\u00a0K\u00fcnstler im n\u00e4chsten Jahr quer durch Deutschland: Auf dem Tourneeplan stehen ab Mitte Juni bis Ende August aktuell 18 Live-Termine. Damit ist jetzt schon garantiert, dass der Meister der Unterhaltung mit Haltung von Osten nach Westen sowie Norden nach S\u00fcden neue Roland Kaiser Fan-Hochburgen einnehmen kann. Zum kr\u00f6nenden Abschluss schenkt der Kaiser seinen Fans gleich zwei Konzerte in der legend\u00e4ren Waldb\u00fchne Berlin. Ein solches Finale darf man auf keinen Fall verpassen!<\/div>\n<div><\/div>\n<div>Roland Kaiser geh\u00f6rt genre\u00fcbergreifend zu den erfolgreichsten K\u00fcnstlern Deutschlands. Er versteht es wie kaum ein anderer, sein Publikum mit einer perfekten Songauswahl zu fesseln \u2013 von seinen gro\u00dfen Hits \u00fcber die Lieblingstracks der Fans bis hin zu brandneuen Titeln, die oft den Zeitgeist treffen. Kaisers Konzerte zeichnen sich durch starke B\u00fchnenpr\u00e4senz, emotionsgeladene Momente und eine enge Bindung zum Publikum aus. In Kombination mit einer hochwertigen, modern inszenierten Licht- und B\u00fchnenshow wird jedes Konzert des Musikers zu einem unvergesslichen Live-Erlebnis \u2013 wie seine stetig wachsende Fangemeinde immer wieder beweist.<\/div>\n<div><\/div>\n<div>Roland Kaiser steht auch f\u00fcr Authentizit\u00e4t und Best\u00e4ndigkeit in einer sich wandelnden Musiklandschaft. Neben seiner musikalischen Karriere engagiert er sich regelm\u00e4\u00dfig f\u00fcr ausgew\u00e4hlte soziale Projekte und ist eine respektierte Stimme im deutschsprachigen Musik-Universum.<\/div>","protected":false},"excerpt":{"rendered":"<p>Secure your tickets!<\/p>","protected":false},"featured_media":49447,"template":"","meta":{"_acf_changed":false,"inline_featured_image":false},"product_brand":[],"product_cat":[194,167,31,69,35,6734,21,58],"product_tag":[6337,4059,4058,3127,941,942,944,2772,2568,947,948],"class_list":{"0":"post-49441","1":"product","2":"type-product","3":"status-publish","4":"has-post-thumbnail","6":"product_cat-domplatz","7":"product_cat-erfurt","8":"product_cat-events","9":"product_cat-konzert","10":"product_cat-orte","11":"product_cat-schlager","12":"product_cat-ticket","13":"product_cat-veranstaltung","14":"product_tag-das-open-air-2026","15":"product_tag-domplatz","16":"product_tag-domplatz-erfurt","17":"product_tag-erfurt","18":"product_tag-events","19":"product_tag-konzert","20":"product_tag-orte","21":"product_tag-roland-kaiser","22":"product_tag-schlager","23":"product_tag-ticket","24":"product_tag-veranstaltung","25":"product_shipping_class-nur_paketversand","26":"pa_discount-normalpreis","27":"pa_preiskategorie-early-entry-stehplatz","28":"pa_preiskategorie-front-of-stage-stehplatz","29":"pa_preiskategorie-innenraum-stehplatz","30":"pa_preiskategorie-pk-i","32":"first","33":"outofstock","34":"taxable","35":"shipping-taxable","36":"purchasable","37":"product-type-variable"},"group_of_quantity":0,"min_quantity":0,"max_quantity":"","exclude_order_quantity_value_rules":"no","exclude_category_quantity_rules":"no","combine_variations":"no","acf":[],"_links":{"self":[{"href":"https:\/\/arena-ticket.com\/en\/wp-json\/wp\/v2\/product\/49441","targetHints":{"allow":["GET"]}}],"collection":[{"href":"https:\/\/arena-ticket.com\/en\/wp-json\/wp\/v2\/product"}],"about":[{"href":"https:\/\/arena-ticket.com\/en\/wp-json\/wp\/v2\/types\/product"}],"wp:featuredmedia":[{"embeddable":true,"href":"https:\/\/arena-ticket.com\/en\/wp-json\/wp\/v2\/media\/49447"}],"wp:attachment":[{"href":"https:\/\/arena-ticket.com\/en\/wp-json\/wp\/v2\/media?parent=49441"}],"wp:term":[{"taxonomy":"product_brand","embeddable":true,"href":"https:\/\/arena-ticket.com\/en\/wp-json\/wp\/v2\/product_brand?post=49441"},{"taxonomy":"product_cat","embeddable":true,"href":"https:\/\/arena-ticket.com\/en\/wp-json\/wp\/v2\/product_cat?post=49441"},{"taxonomy":"product_tag","embeddable":true,"href":"https:\/\/arena-ticket.com\/en\/wp-json\/wp\/v2\/product_tag?post=49441"}],"curies":[{"name":"wp","href":"https:\/\/api.w.org\/{rel}","templated":true}]}}