{"id":49494,"date":"2025-09-19T16:22:27","date_gmt":"2025-09-19T14:22:27","guid":{"rendered":"https:\/\/arena-ticket.com\/?p=49494&#038;post_type=product&#038;preview_id=49494"},"modified":"2025-11-25T11:55:17","modified_gmt":"2025-11-25T10:55:17","slug":"sind-die-lichter-angezuendet-mit-ronny-weiland-gewandhaus-zu-leipzig-mendelssohn-saal-09-12-2026-1600-uhr","status":"publish","type":"product","link":"https:\/\/arena-ticket.com\/en\/product\/sind-die-lichter-angezuendet-mit-ronny-weiland-gewandhaus-zu-leipzig-mendelssohn-saal-09-12-2026-1600-uhr\/","title":{"rendered":"Sind die Lichter angez\u00fcndet\u2026   - mit Ronny Weiland"},"content":{"rendered":"<p>&nbsp;<\/p>\n<p>Sind die Lichter angez\u00fcndet\u2026<\/p>\n<p>mit Ronny Weiland<\/p>\n<p>&nbsp;<\/p>\n<p>&nbsp;<\/p>\n<p>So hei\u00dft das Weihnachtsprogramm von Ronny Weiland. Der Titel \u201eSind die Lichter angez\u00fcndet\u201c ist vielen sicher auch vom Rundfunk-Kinderchor in Leipzig bekannt. Hans Sandig vertonte das Gedicht von Erika Engel das mit den Worten endet \u201e\u00dcberall soll Friede sein\u201c.<\/p>\n<p>Der Kerzenschein geh\u00f6rt ohne Frage zur Weihnachtszeit dazu wie Weihnachtsbaum und Glockenklang. All dies wird nat\u00fcrlich auch in den sch\u00f6nsten traditionellen Weihnachtsliedern besungen.<\/p>\n<p>&nbsp;<\/p>\n<p>Wie schon zu seiner Konzerttour \u201eErinnerungen an Ivan Rebroff\u201c gastiert Ronny auch mit seinem Weihnachtsprogramm in Konzerth\u00e4usern und Kirchen. Die Besucher d\u00fcrfen sich auf ein zweiteiliges<\/p>\n<p>Konzertprogramm freuen, besinnlich, aber auch fr\u00f6hlich, so darf Weihnachten sein!<\/p>\n<p>&nbsp;<\/p>\n<p>Der 1. Teil wird mit den \u201eGro\u00dfen Gef\u00fchlen\u201c gestaltet sein mit Titeln wie zum Beispiel \u201eDie Moldau\u201c, \u201eBetende H\u00e4nde\u201c und \u201eGib Eltern etwas wieder\u201c, bevor Ronny im 2. Teil mit Weihnachtsliedern<\/p>\n<p>zum Lauschen, Tr\u00e4umen und auch zum Mitsingen einl\u00e4dt. Diese warme Gesangsstimme ist zur Interpretation von Liedern zur Weihnachtszeit geradezu pr\u00e4destiniert und wird es auch diesmal an ein Gef\u00fchl der R\u00fchrung nicht fehlen lassen. Ronny Weiland schafft es immer wieder, seine G\u00e4ste in den Bann zu ziehen und zu begeistern. Treue und Dankbarkeit seiner st\u00e4ndig wachsenden Fangemeinde sind ein Indiz daf\u00fcr! Mit \u201eeine der besten Stimmen Deutschlands\u201c wurde Ronny in einem TV-Auftritt von Stefan Mross angesagt.<\/p>\n<p>&nbsp;<\/p>\n<p>Und diese Stimme l\u00e4dt Sie zu \u201eSind die Lichter angez\u00fcndet\u201c ein, um Sie auf die besinnlichste Zeit des Jahres einzustimmen, wenn in stiller Nacht die Glocken s\u00fc\u00df erklingen und der Schnee leise rieselt, w\u00e4hrend der kleine Trommler auf das Christkind wartet.<\/p>","protected":false},"excerpt":{"rendered":"<p>Der Kerzenschein geh\u00f6rt ohne Frage zur Weihnachtszeit dazu wie Weihnachtsbaum und Glockenklang. All dies wird nat\u00fcrlich auch in den sch\u00f6nsten traditionellen Weihnachtsliedern besungen - sichern Sie sich Ihre Tickets!<\/p>","protected":false},"featured_media":49501,"template":"","meta":{"_acf_changed":false,"inline_featured_image":false},"product_brand":[],"product_cat":[31,345,69,86,931,35,6749,21,58,6581],"product_tag":[941,956,3020,942,943,3397,6355,944,6354,947,948,2048],"class_list":{"0":"post-49494","1":"product","2":"type-product","3":"status-publish","4":"has-post-thumbnail","6":"product_cat-events","7":"product_cat-gewandhaus","8":"product_cat-konzert","9":"product_cat-leipzig","10":"product_cat-mendelssohn-saal","11":"product_cat-orte","12":"product_cat-sonstiges_konzert","13":"product_cat-ticket","14":"product_cat-veranstaltung","15":"product_cat-weihnachten","16":"product_tag-events","17":"product_tag-gewandhaus","18":"product_tag-gewandhaus-mendelssohn-saal","19":"product_tag-konzert","20":"product_tag-leipzig","21":"product_tag-mendelssohn-saal","22":"product_tag-mit-ronny-weiland","23":"product_tag-orte","24":"product_tag-sind-die-lichter-angezuendet","25":"product_tag-ticket","26":"product_tag-veranstaltung","27":"product_tag-weihnachten","28":"product_shipping_class-nur_paketversand","29":"pa_discount-normalpreis","30":"pa_discount-schueler-student","31":"pa_preiskategorie-pk-i","32":"pa_preiskategorie-pk-ii","33":"pa_preiskategorie-pk-iii","35":"first","36":"instock","37":"taxable","38":"shipping-taxable","39":"purchasable","40":"product-type-variable"},"group_of_quantity":0,"min_quantity":0,"max_quantity":"","exclude_order_quantity_value_rules":"no","exclude_category_quantity_rules":"no","combine_variations":"no","acf":[],"_links":{"self":[{"href":"https:\/\/arena-ticket.com\/en\/wp-json\/wp\/v2\/product\/49494","targetHints":{"allow":["GET"]}}],"collection":[{"href":"https:\/\/arena-ticket.com\/en\/wp-json\/wp\/v2\/product"}],"about":[{"href":"https:\/\/arena-ticket.com\/en\/wp-json\/wp\/v2\/types\/product"}],"wp:featuredmedia":[{"embeddable":true,"href":"https:\/\/arena-ticket.com\/en\/wp-json\/wp\/v2\/media\/49501"}],"wp:attachment":[{"href":"https:\/\/arena-ticket.com\/en\/wp-json\/wp\/v2\/media?parent=49494"}],"wp:term":[{"taxonomy":"product_brand","embeddable":true,"href":"https:\/\/arena-ticket.com\/en\/wp-json\/wp\/v2\/product_brand?post=49494"},{"taxonomy":"product_cat","embeddable":true,"href":"https:\/\/arena-ticket.com\/en\/wp-json\/wp\/v2\/product_cat?post=49494"},{"taxonomy":"product_tag","embeddable":true,"href":"https:\/\/arena-ticket.com\/en\/wp-json\/wp\/v2\/product_tag?post=49494"}],"curies":[{"name":"wp","href":"https:\/\/api.w.org\/{rel}","templated":true}]}}