{"id":49505,"date":"2025-09-19T16:40:38","date_gmt":"2025-09-19T14:40:38","guid":{"rendered":"https:\/\/arena-ticket.com\/?p=49505&#038;post_type=product&#038;preview_id=49505"},"modified":"2025-09-19T18:15:38","modified_gmt":"2025-09-19T16:15:38","slug":"stefan-gwildis-das-war-doch-grad-erst-eben-50-jahre-auf-der-buehne-leipzig-haus-leipzig-18-03-2026-2000-uhr","status":"publish","type":"product","link":"https:\/\/arena-ticket.com\/en\/product\/stefan-gwildis-das-war-doch-grad-erst-eben-50-jahre-auf-der-buehne-leipzig-haus-leipzig-18-03-2026-2000-uhr\/","title":{"rendered":"Stefan Gwildis - Das war doch grad\u2019 erst eben - 50 Jahre auf der B\u00fchne"},"content":{"rendered":"<p>Sackschlepper, Sonnenbankaufsteller und Soul-Sensation, Hafen-Malocher und Lyrik-Rezitator, Fabrik-Besetzer, Gelegenheits-Weihnachtsmann und Deutschlands Antwort auf George Clooney \u2013 was ist Stefan Gwildis nicht alles schon gewesen. Dieser Charmebolzen von einem Entertainer, dieses wandelnde Gesamtkunstwerk aus heimeliger Seelenruhe, original Hamburger Schmodder und einem gro\u00dfen Schuss am\u00fcsierter Unberechenbarkeit. Und was hei\u00dft \u00fcberhaupt \u201egewesen\u201c: Er ist das alles ja noch, irgendwie zumindest, und immer mal wieder. So, wie es ihm gerade gef\u00e4llt.<\/p>\n<p>&nbsp;<\/p>\n<p>Und Stefan Gwildis gef\u00e4llt Vieles, schon immer. Verschiedenste Dinge, die zu noch mehr Ideen und schlie\u00dflich zu unendlich vielen erz\u00e4hlenswerten Geschichten f\u00fchrten. Fast zu viel f\u00fcr nur ein Leben \u2013 und allemal genug f\u00fcr einen zum Bersten gef\u00fcllten Abend: \u201eDas war doch grad \u2019erst eben \u2013 50 Jahre auf der B\u00fchne\u201c ist daher weit mehr als ein Konzert, es ist eine wunderbare Mixtur aus Hits und noch zu hebenden Sch\u00e4tzen, aus Bildern und Anekdoten, aus Songs und Szenen; eine klingende Werkschau, eine multimediale, aber sehr analoge Revue des gwildis\u2019schen Schaffens.<\/p>","protected":false},"excerpt":{"rendered":"<p>Jetzt schon Tickets f\u00fcr den Abend im Haus Leipzig sichern!<\/p>","protected":false},"featured_media":49508,"template":"","meta":{"_acf_changed":false,"inline_featured_image":false},"product_brand":[],"product_cat":[31,349,69,922,86,6764,35,6746,21,58],"product_tag":[954,6357,941,1098,955,942,951,943,3099,944,958,6356,947,948],"class_list":{"0":"post-49505","1":"product","2":"type-product","3":"status-publish","4":"has-post-thumbnail","6":"product_cat-events","7":"product_cat-haus-leipzig","8":"product_cat-konzert","9":"product_cat-kultur","10":"product_cat-leipzig","11":"product_cat-lesung","12":"product_cat-orte","13":"product_cat-singer-songwriter","14":"product_cat-ticket","15":"product_cat-veranstaltung","16":"product_tag-comedy","17":"product_tag-das-war-doch-grad-erst-eben-50-jahre-auf-der-buehne","18":"product_tag-events","19":"product_tag-happy","20":"product_tag-haus-leipzig","21":"product_tag-konzert","22":"product_tag-kultur","23":"product_tag-leipzig","24":"product_tag-mirja-regensburg","25":"product_tag-orte","26":"product_tag-show","27":"product_tag-stefan-gwildis","28":"product_tag-ticket","29":"product_tag-veranstaltung","30":"product_shipping_class-nur_paketversand","31":"pa_discount-normalpreis","32":"pa_preiskategorie-pk-i","33":"pa_preiskategorie-pk-ii","34":"pa_preiskategorie-pk-iii","36":"first","37":"instock","38":"taxable","39":"shipping-taxable","40":"purchasable","41":"product-type-variable"},"group_of_quantity":0,"min_quantity":0,"max_quantity":"","exclude_order_quantity_value_rules":"no","exclude_category_quantity_rules":"no","combine_variations":"no","acf":[],"_links":{"self":[{"href":"https:\/\/arena-ticket.com\/en\/wp-json\/wp\/v2\/product\/49505","targetHints":{"allow":["GET"]}}],"collection":[{"href":"https:\/\/arena-ticket.com\/en\/wp-json\/wp\/v2\/product"}],"about":[{"href":"https:\/\/arena-ticket.com\/en\/wp-json\/wp\/v2\/types\/product"}],"wp:featuredmedia":[{"embeddable":true,"href":"https:\/\/arena-ticket.com\/en\/wp-json\/wp\/v2\/media\/49508"}],"wp:attachment":[{"href":"https:\/\/arena-ticket.com\/en\/wp-json\/wp\/v2\/media?parent=49505"}],"wp:term":[{"taxonomy":"product_brand","embeddable":true,"href":"https:\/\/arena-ticket.com\/en\/wp-json\/wp\/v2\/product_brand?post=49505"},{"taxonomy":"product_cat","embeddable":true,"href":"https:\/\/arena-ticket.com\/en\/wp-json\/wp\/v2\/product_cat?post=49505"},{"taxonomy":"product_tag","embeddable":true,"href":"https:\/\/arena-ticket.com\/en\/wp-json\/wp\/v2\/product_tag?post=49505"}],"curies":[{"name":"wp","href":"https:\/\/api.w.org\/{rel}","templated":true}]}}