{"id":49522,"date":"2025-09-19T18:32:50","date_gmt":"2025-09-19T16:32:50","guid":{"rendered":"https:\/\/arena-ticket.com\/?p=49522&#038;post_type=product&#038;preview_id=49522"},"modified":"2025-11-24T13:51:29","modified_gmt":"2025-11-24T12:51:29","slug":"silencio-morde-geschehen-nicht-immer-leise-leipzig-innside-by-melia-04-12-2025-1900-uhr","status":"publish","type":"product","link":"https:\/\/arena-ticket.com\/en\/product\/silencio-morde-geschehen-nicht-immer-leise-leipzig-innside-by-melia-04-12-2025-1900-uhr\/","title":{"rendered":"Silencio  - Morde geschehen nicht immer leise - SEK - Das Krimidinner"},"content":{"rendered":"<p><em>Einlass ab 18 Uhr<\/em><\/p>\n<p>&nbsp;<\/p>\n<p>Harvey Cline ist ein schweigsamer Typ.<br \/>\nEin Privatdetektiv.<br \/>\nUnd die Gesch\u00e4fte laufen schlecht.<br \/>\nDa bekommt er einen Anruf. Louise, die neue T\u00e4nzerin im Silencio hat einen Drohbrief erhalten.<br \/>\nSie soll sterben.<br \/>\nSilencio. Ein Nachtclub in Chicago zu den Zeiten Al Capones. Hier treffen Glamour und Champagner auf die dunkle Seite der Seele von Chicago.<\/p>\n<p>Genie\u00dfen Sie ein k\u00f6stliches Men\u00fc in stilvoller Atmosph\u00e4re und erleben Sie die Geschichte einer m\u00f6rderischen Nacht, in der niemand der ist, den er vorzugeben scheint.<\/p>","protected":false},"excerpt":{"rendered":"<p>Get your ticket now!<\/p>","protected":false},"featured_media":49527,"template":"","meta":{"_acf_changed":false,"inline_featured_image":false},"product_brand":[],"product_cat":[6360,86,35,21],"product_tag":[941,6363,943,6364,944,958,6361,947,948],"class_list":{"0":"post-49522","1":"product","2":"type-product","3":"status-publish","4":"has-post-thumbnail","6":"product_cat-innside-by-melia","7":"product_cat-leipzig","8":"product_cat-orte","9":"product_cat-ticket","10":"product_tag-events","11":"product_tag-innside-by-melia","12":"product_tag-leipzig","13":"product_tag-morde-geschehen-nicht-immer-leise-sek-das-krimidinner","14":"product_tag-orte","15":"product_tag-show","16":"product_tag-silencio","17":"product_tag-ticket","18":"product_tag-veranstaltung","19":"product_shipping_class-nur_paketversand","20":"pa_discount-normalpreis","21":"pa_preiskategorie-pk-i","22":"pa_preiskategorie-pk-ii","23":"pa_preiskategorie-pk-iii","25":"first","26":"outofstock","27":"taxable","28":"shipping-taxable","29":"purchasable","30":"product-type-variable"},"group_of_quantity":0,"min_quantity":0,"max_quantity":"","exclude_order_quantity_value_rules":"no","exclude_category_quantity_rules":"no","combine_variations":"no","acf":[],"_links":{"self":[{"href":"https:\/\/arena-ticket.com\/en\/wp-json\/wp\/v2\/product\/49522","targetHints":{"allow":["GET"]}}],"collection":[{"href":"https:\/\/arena-ticket.com\/en\/wp-json\/wp\/v2\/product"}],"about":[{"href":"https:\/\/arena-ticket.com\/en\/wp-json\/wp\/v2\/types\/product"}],"wp:featuredmedia":[{"embeddable":true,"href":"https:\/\/arena-ticket.com\/en\/wp-json\/wp\/v2\/media\/49527"}],"wp:attachment":[{"href":"https:\/\/arena-ticket.com\/en\/wp-json\/wp\/v2\/media?parent=49522"}],"wp:term":[{"taxonomy":"product_brand","embeddable":true,"href":"https:\/\/arena-ticket.com\/en\/wp-json\/wp\/v2\/product_brand?post=49522"},{"taxonomy":"product_cat","embeddable":true,"href":"https:\/\/arena-ticket.com\/en\/wp-json\/wp\/v2\/product_cat?post=49522"},{"taxonomy":"product_tag","embeddable":true,"href":"https:\/\/arena-ticket.com\/en\/wp-json\/wp\/v2\/product_tag?post=49522"}],"curies":[{"name":"wp","href":"https:\/\/api.w.org\/{rel}","templated":true}]}}