{"id":49528,"date":"2025-09-19T18:49:22","date_gmt":"2025-09-19T16:49:22","guid":{"rendered":"https:\/\/arena-ticket.com\/?p=49528&#038;post_type=product&#038;preview_id=49528"},"modified":"2025-09-19T19:01:10","modified_gmt":"2025-09-19T17:01:10","slug":"silencio-morde-geschehen-nicht-immer-leise-sek-krimidinner-leipzig-innside-by-melia-16-01-2026-1900-uhr","status":"publish","type":"product","link":"https:\/\/arena-ticket.com\/en\/product\/silencio-morde-geschehen-nicht-immer-leise-sek-krimidinner-leipzig-innside-by-melia-16-01-2026-1900-uhr\/","title":{"rendered":"Silencio  - Morde geschehen nicht immer leise - SEK - Das Krimidinner"},"content":{"rendered":"<p><em>Einlass ab 18 Uhr<\/em><\/p>\n<p>&nbsp;<\/p>\n<p>&nbsp;<\/p>\n<p>Harvey Cline ist ein schweigsamer Typ.<br \/>\nEin Privatdetektiv.<br \/>\nUnd die Gesch\u00e4fte laufen schlecht.<br \/>\nDa bekommt er einen Anruf. Louise, die neue T\u00e4nzerin im Silencio hat einen Drohbrief erhalten.<br \/>\nSie soll sterben.<br \/>\nSilencio. Ein Nachtclub in Chicago zu den Zeiten Al Capones. Hier treffen Glamour und Champagner auf die dunkle Seite der Seele von Chicago.<\/p>\n<p>Genie\u00dfen Sie ein k\u00f6stliches Men\u00fc in stilvoller Atmosph\u00e4re und erleben Sie die Geschichte einer m\u00f6rderischen Nacht, in der niemand der ist, den er vorzugeben scheint.<\/p>","protected":false},"excerpt":{"rendered":"<p>Get your ticket now!<\/p>","protected":false},"featured_media":49535,"template":"","meta":{"_acf_changed":false,"inline_featured_image":false},"product_brand":[],"product_cat":[31,6360,922,86,6764,35,6772,21,58],"product_tag":[941,6363,942,951,943,6362,6364,944,958,6361,947,948],"class_list":{"0":"post-49528","1":"product","2":"type-product","3":"status-publish","4":"has-post-thumbnail","6":"product_cat-events","7":"product_cat-innside-by-melia","8":"product_cat-kultur","9":"product_cat-leipzig","10":"product_cat-lesung","11":"product_cat-orte","12":"product_cat-sonstiges_kultur","13":"product_cat-ticket","14":"product_cat-veranstaltung","15":"product_tag-events","16":"product_tag-innside-by-melia","17":"product_tag-konzert","18":"product_tag-kultur","19":"product_tag-leipzig","20":"product_tag-morde-geschehen-nicht-immer-leise","21":"product_tag-morde-geschehen-nicht-immer-leise-sek-das-krimidinner","22":"product_tag-orte","23":"product_tag-show","24":"product_tag-silencio","25":"product_tag-ticket","26":"product_tag-veranstaltung","27":"product_shipping_class-nur_paketversand","28":"pa_discount-normalpreis","29":"pa_preiskategorie-pk-i","30":"pa_preiskategorie-pk-ii","31":"pa_preiskategorie-pk-iii","33":"first","34":"instock","35":"taxable","36":"shipping-taxable","37":"purchasable","38":"product-type-variable"},"group_of_quantity":0,"min_quantity":0,"max_quantity":"","exclude_order_quantity_value_rules":"no","exclude_category_quantity_rules":"no","combine_variations":"no","acf":[],"_links":{"self":[{"href":"https:\/\/arena-ticket.com\/en\/wp-json\/wp\/v2\/product\/49528","targetHints":{"allow":["GET"]}}],"collection":[{"href":"https:\/\/arena-ticket.com\/en\/wp-json\/wp\/v2\/product"}],"about":[{"href":"https:\/\/arena-ticket.com\/en\/wp-json\/wp\/v2\/types\/product"}],"wp:featuredmedia":[{"embeddable":true,"href":"https:\/\/arena-ticket.com\/en\/wp-json\/wp\/v2\/media\/49535"}],"wp:attachment":[{"href":"https:\/\/arena-ticket.com\/en\/wp-json\/wp\/v2\/media?parent=49528"}],"wp:term":[{"taxonomy":"product_brand","embeddable":true,"href":"https:\/\/arena-ticket.com\/en\/wp-json\/wp\/v2\/product_brand?post=49528"},{"taxonomy":"product_cat","embeddable":true,"href":"https:\/\/arena-ticket.com\/en\/wp-json\/wp\/v2\/product_cat?post=49528"},{"taxonomy":"product_tag","embeddable":true,"href":"https:\/\/arena-ticket.com\/en\/wp-json\/wp\/v2\/product_tag?post=49528"}],"curies":[{"name":"wp","href":"https:\/\/api.w.org\/{rel}","templated":true}]}}