{"id":49530,"date":"2025-09-19T18:52:34","date_gmt":"2025-09-19T16:52:34","guid":{"rendered":"https:\/\/arena-ticket.com\/?p=49530&#038;post_type=product&#038;preview_id=49530"},"modified":"2025-11-25T13:20:36","modified_gmt":"2025-11-25T12:20:36","slug":"mafia-mafia-sek-das-krimidinner-leipzig-innside-by-melia-11-12-2025-1900-uhr","status":"publish","type":"product","link":"https:\/\/arena-ticket.com\/en\/product\/mafia-mafia-sek-das-krimidinner-leipzig-innside-by-melia-11-12-2025-1900-uhr\/","title":{"rendered":"Mafia Mafia - SEK - Das Krimidinner"},"content":{"rendered":"<p><em>Einlass ab 18 Uhr<\/em><\/p>\n<p>&nbsp;<\/p>\n<p>&nbsp;<\/p>\n<p><em>\u201cFr\u00fcher war alles besser! Und Little Italy ist auch nicht mehr das, was es mal war. Fr\u00fcher wurde nicht viel geredet, da wurde Blei gefressen. Kurz und schmerzlos. Na gut, nicht schmerzlos, aber herrlich! Und heute? Heute macht man Vertr\u00e4ge. Alles ist schrecklich kompliziert. Und die Frauen erst, die wollen auch mitreden.\u201d<\/em><\/p>\n<p>Tante Gina ist gestorben. War es Mord? Don Vito, der Pate, ist todtraurig und um ihn herum ger\u00e4t die Welt aus den Fugen. Und das an seinem Geburtstag, an\u00a0dem die ganze famiglia anwesend ist. Aber ein waschechter Sizilianer findet immer eine L\u00f6sung!<\/p>\n<p>Genie\u00dfen Sie ein delikates Men\u00fc in stilvoller Atmosph\u00e4re, wenn der Pate zum Fest l\u00e4dt. Wird es Tote geben? Aber nat\u00fcrlich!<\/p>","protected":false},"excerpt":{"rendered":"<p>Get your ticket now!<\/p>","protected":false},"featured_media":49534,"template":"","meta":{"_acf_changed":false,"inline_featured_image":false},"product_brand":[],"product_cat":[31,6360,922,86,35,6772,21,58,6581],"product_tag":[941,6363,942,951,943,6365,944,6366,958,947,948,2048],"class_list":{"0":"post-49530","1":"product","2":"type-product","3":"status-publish","4":"has-post-thumbnail","6":"product_cat-events","7":"product_cat-innside-by-melia","8":"product_cat-kultur","9":"product_cat-leipzig","10":"product_cat-orte","11":"product_cat-sonstiges_kultur","12":"product_cat-ticket","13":"product_cat-veranstaltung","14":"product_cat-weihnachten","15":"product_tag-events","16":"product_tag-innside-by-melia","17":"product_tag-konzert","18":"product_tag-kultur","19":"product_tag-leipzig","20":"product_tag-mafia-mafia","21":"product_tag-orte","22":"product_tag-sek-das-krimidinner","23":"product_tag-show","24":"product_tag-ticket","25":"product_tag-veranstaltung","26":"product_tag-weihnachten","27":"product_shipping_class-nur_paketversand","28":"pa_discount-normalpreis","29":"pa_preiskategorie-pk-i","30":"pa_preiskategorie-pk-ii","31":"pa_preiskategorie-pk-iii","33":"first","34":"outofstock","35":"taxable","36":"shipping-taxable","37":"purchasable","38":"product-type-variable"},"group_of_quantity":0,"min_quantity":0,"max_quantity":"","exclude_order_quantity_value_rules":"no","exclude_category_quantity_rules":"no","combine_variations":"no","acf":[],"_links":{"self":[{"href":"https:\/\/arena-ticket.com\/en\/wp-json\/wp\/v2\/product\/49530","targetHints":{"allow":["GET"]}}],"collection":[{"href":"https:\/\/arena-ticket.com\/en\/wp-json\/wp\/v2\/product"}],"about":[{"href":"https:\/\/arena-ticket.com\/en\/wp-json\/wp\/v2\/types\/product"}],"wp:featuredmedia":[{"embeddable":true,"href":"https:\/\/arena-ticket.com\/en\/wp-json\/wp\/v2\/media\/49534"}],"wp:attachment":[{"href":"https:\/\/arena-ticket.com\/en\/wp-json\/wp\/v2\/media?parent=49530"}],"wp:term":[{"taxonomy":"product_brand","embeddable":true,"href":"https:\/\/arena-ticket.com\/en\/wp-json\/wp\/v2\/product_brand?post=49530"},{"taxonomy":"product_cat","embeddable":true,"href":"https:\/\/arena-ticket.com\/en\/wp-json\/wp\/v2\/product_cat?post=49530"},{"taxonomy":"product_tag","embeddable":true,"href":"https:\/\/arena-ticket.com\/en\/wp-json\/wp\/v2\/product_tag?post=49530"}],"curies":[{"name":"wp","href":"https:\/\/api.w.org\/{rel}","templated":true}]}}