{"id":49577,"date":"2025-09-20T14:01:57","date_gmt":"2025-09-20T12:01:57","guid":{"rendered":"https:\/\/arena-ticket.com\/?p=49577&#038;post_type=product&#038;preview_id=49577"},"modified":"2026-02-17T15:28:09","modified_gmt":"2026-02-17T14:28:09","slug":"let-me-entertain-you-the-robbie-williams-show-a-night-of-greatest-hits-berlin-admiralspalast-30-01-2027-2000-uhr","status":"publish","type":"product","link":"https:\/\/arena-ticket.com\/en\/product\/let-me-entertain-you-the-robbie-williams-show-a-night-of-greatest-hits-berlin-admiralspalast-30-01-2027-2000-uhr\/","title":{"rendered":"Let Me Entertain You  - The Robbie Williams Show a night of greatest hits"},"content":{"rendered":"<div class=\"elementor-column elementor-col-50 elementor-top-column elementor-element elementor-element-9bc5c93\" data-id=\"9bc5c93\" data-element_type=\"column\">\n<div class=\"elementor-widget-wrap elementor-element-populated\">\n<div class=\"elementor-element elementor-element-f1b2d8e elementor-widget elementor-widget-text-editor\" data-id=\"f1b2d8e\" data-element_type=\"widget\" data-widget_type=\"text-editor.default\">\n<div class=\"elementor-widget-container\">\n<h4 class=\"xdj266r x14z9mp xat24cr x1lziwak x1vvkbs\">THE ROBBIE EXPERIENCE ist die beste und angesagteste Robbie Williams Tribute Show in Europa!<\/h4>\n<h4 class=\"x14z9mp xat24cr x1lziwak x1vvkbs xtlvy1s\">Sie sind die Sieger der neuen SAT.1 Show \u201eTHE TRIBUTE\u201c<br \/>\nund haben im Laufe der Staffel ausschlie\u00dflich die vorderenPl\u00e4tze belegt und die Jury zu Lobeshymnen mitgerissen.<br class=\"html-br\" \/>THE ROBBIE EXPERIENCE ist die Band um Frontmann und S\u00e4nger Mario Nowack, der bereits seit mehr als einem Jahrzehnt als bester Robbie Williams Impersonator gilt und mittlerweile weltweit unterwegs ist. Er sieht nicht nur so aus wie Robbie, sondern klingt auch genauso. Wer es nicht besser wei\u00df, hat fast den Eindruck, das Original vor sich zu haben, denn auch Gestik und Mimik sind zum Verwechseln \u00e4hnlich. Die englischsprachigen Ansagen setzen seiner Performance die Krone auf und lassen selbst den gr\u00f6\u00dften Fan ins Zweifeln kommen.<br class=\"html-br\" \/>Vor \u201eThe Tribute\u201c hat Mario schon die RTL II Show \u201eMy Name Is\u201c gewonnen und steht nun mit einer absoluten Ausnahmeband<br \/>\nauf der B\u00fchne.<\/h4>\n<h4 class=\"x14z9mp xat24cr x1lziwak x1vvkbs xtlvy1s\">Die Besetzung dieser energetischen Live Band besteht aus den besten Musikern Deutschlands, die bereits mit Acts wie den Ehrlich Brothers oder Ben Zucker auf Tour waren. In Sachen Optik und Sound orientiert sich die 7-k\u00f6pfige Band zu 100%<br \/>\nam Vorbild des britischen Superstars.<\/h4>\n<h4 class=\"x14z9mp xat24cr x1lziwak x1vvkbs xtlvy1s\"><br class=\"html-br\" \/>THE ROBBIE EXPERIENCE fackeln eine atemberaubend- explosive Show ab und liefern das perfekte \u201eRobbie-Erlebnis\u201c!<br class=\"html-br\" \/>LET THEM ENTERTAIN YOU!!!<\/h4>\n<\/div>\n<\/div>\n<\/div>\n<\/div>\n<div class=\"elementor-column elementor-col-50 elementor-top-column elementor-element elementor-element-83c3765\" data-id=\"83c3765\" data-element_type=\"column\">\n<div class=\"elementor-widget-wrap elementor-element-populated\">\n<div class=\"elementor-element elementor-element-eabc2e8 elementor-widget elementor-widget-shortcode\" data-id=\"eabc2e8\" data-element_type=\"widget\" data-widget_type=\"shortcode.default\">\n<div class=\"elementor-widget-container\">\n<div class=\"elementor-shortcode\">\n<div id=\"d2mc-weiterlesen-1\" class=\"d2mc-weiterlesen\"><\/div>\n<\/div>\n<\/div>\n<\/div>\n<div class=\"elementor-element elementor-element-0bfe292 elementor-widget elementor-widget-video\" data-id=\"0bfe292\" data-element_type=\"widget\" data-settings=\"{&quot;youtube_url&quot;:&quot;https:\/\/www.youtube.com\/watch?v=GHzVjgp5qWI&quot;,&quot;mute&quot;:&quot;yes&quot;,&quot;modestbranding&quot;:&quot;yes&quot;,&quot;yt_privacy&quot;:&quot;yes&quot;,&quot;video_type&quot;:&quot;youtube&quot;,&quot;controls&quot;:&quot;yes&quot;}\" data-widget_type=\"video.default\">\n<div class=\"elementor-widget-container\">\n<div class=\"elementor-wrapper elementor-open-inline\"><\/div>\n<\/div>\n<\/div>\n<\/div>\n<\/div>","protected":false},"excerpt":{"rendered":"<p>Secure your tickets!<\/p>","protected":false},"featured_media":49565,"template":"","meta":{"_acf_changed":false,"inline_featured_image":false},"product_brand":[],"product_cat":[352,315,31,64,35,6730,21,58],"product_tag":[5355,5354,939,1332,940,941,942,6368,6773,944,958,6369,947,948],"class_list":{"0":"post-49577","1":"product","2":"type-product","3":"status-publish","4":"has-post-thumbnail","6":"product_cat-admiralspalast","7":"product_cat-berlin","8":"product_cat-events","9":"product_cat-musical-show","10":"product_cat-orte","11":"product_cat-show","12":"product_cat-ticket","13":"product_cat-veranstaltung","14":"product_tag-admiralspalast","15":"product_tag-admiralspalast-berlin","16":"product_tag-alter-schlachthof","17":"product_tag-berlin","18":"product_tag-dresden","19":"product_tag-events","20":"product_tag-konzert","21":"product_tag-let-me-entertain-you","22":"product_tag-musical-show","23":"product_tag-orte","24":"product_tag-show","25":"product_tag-the-robbie-williams-show-a-night-of-greatest-hits","26":"product_tag-ticket","27":"product_tag-veranstaltung","28":"product_shipping_class-nur_paketversand","29":"pa_discount-normalpreis","30":"pa_preiskategorie-pk-i","31":"pa_preiskategorie-pk-ii","32":"pa_preiskategorie-pk-iii","33":"pa_preiskategorie-pk-iv","34":"pa_preiskategorie-pk-v","36":"first","37":"instock","38":"taxable","39":"shipping-taxable","40":"purchasable","41":"product-type-variable"},"group_of_quantity":0,"min_quantity":0,"max_quantity":"","exclude_order_quantity_value_rules":"no","exclude_category_quantity_rules":"no","combine_variations":"no","acf":[],"_links":{"self":[{"href":"https:\/\/arena-ticket.com\/en\/wp-json\/wp\/v2\/product\/49577","targetHints":{"allow":["GET"]}}],"collection":[{"href":"https:\/\/arena-ticket.com\/en\/wp-json\/wp\/v2\/product"}],"about":[{"href":"https:\/\/arena-ticket.com\/en\/wp-json\/wp\/v2\/types\/product"}],"wp:featuredmedia":[{"embeddable":true,"href":"https:\/\/arena-ticket.com\/en\/wp-json\/wp\/v2\/media\/49565"}],"wp:attachment":[{"href":"https:\/\/arena-ticket.com\/en\/wp-json\/wp\/v2\/media?parent=49577"}],"wp:term":[{"taxonomy":"product_brand","embeddable":true,"href":"https:\/\/arena-ticket.com\/en\/wp-json\/wp\/v2\/product_brand?post=49577"},{"taxonomy":"product_cat","embeddable":true,"href":"https:\/\/arena-ticket.com\/en\/wp-json\/wp\/v2\/product_cat?post=49577"},{"taxonomy":"product_tag","embeddable":true,"href":"https:\/\/arena-ticket.com\/en\/wp-json\/wp\/v2\/product_tag?post=49577"}],"curies":[{"name":"wp","href":"https:\/\/api.w.org\/{rel}","templated":true}]}}