{"id":49588,"date":"2025-09-20T15:15:17","date_gmt":"2025-09-20T13:15:17","guid":{"rendered":"https:\/\/arena-ticket.com\/?p=49588&#038;post_type=product&#038;preview_id=49588"},"modified":"2025-10-07T15:35:39","modified_gmt":"2025-10-07T13:35:39","slug":"the-kooks-special-guests-leipzig-haus-auensee-24-02-2026-2000-uhr","status":"publish","type":"product","link":"https:\/\/arena-ticket.com\/en\/product\/the-kooks-special-guests-leipzig-haus-auensee-24-02-2026-2000-uhr\/","title":{"rendered":"The Kooks  - + Special Guests"},"content":{"rendered":"<div>Sie sind vielleicht die pr\u00e4gendste Indie-Rock-Band unserer Zeit: Vor fast 20 Jahren haben The Kooks die britische Musikszene ordentlich aufgemischt \u2013 und bis heute nicht an Strahlkraft eingeb\u00fc\u00dft. Alles begann Anfang der 2000er im malerischen Brighton. Die Gr\u00fcndungsmitglieder rund um S\u00e4nger Luke Pritchard und Gitarrist Hugh Harris lernten sich w\u00e4hrend des Musik-Studiums kennen und schrieben innerhalb weniger Monate mehr als 100 Songs. Inspiriert von einem David Bowie Song, gaben sie sich den Namen The Kooks: die Exzentrischen, die Verr\u00fcckten.<\/div>\n<div>Und diesem Namen machten sie alle Ehre. Schon nach drei Monaten als Band erhielten sie ihren ersten Plattenvertrag bei Virgin Records. 2006 erschien ihr Deb\u00fctalbum \u201eInside In \/ Inside Out\u201c, was ein \u00dcberraschungserfolg werden sollte, der ihnen f\u00fcnffachen Platinstatus und den MTV-Award als besten britischen Act einbrachte. Zwei Jahre sp\u00e4ter folgte \u201eKonk\u201c , mit dem The Kooks an die Spitze der britischen Charts st\u00fcrmten und sich endg\u00fcltig als feste Gr\u00f6\u00dfe am Indie-Himmel etablierten. F\u00fcr ihr drittes Album \u201eJunk Of The Heart\u201c (2011) zog sich die Band auf eine Farm zur\u00fcck, um dem Trubel des Erfolgs zu entfliehen, bevor sie mit \u201eListen\u201c (2014) ein Experiment voller Soul-, Gospel- und Folk-Einfl\u00fcsse wagten. 2018 kehrte die Band mit \u201eLet\u2019s Go Sunshine\u201c wieder zur\u00fcck zu ihren Indie-Wurzeln. Schlie\u00dflich zog es Luke Pritchard nach Berlin, wo er w\u00e4hrend der Pandemie die Songs f\u00fcr das 2022 erschienene \u201e10 Tracks To Echo In The Dark\u201c schrieb. Ein reiferes Album, das klassische Kooks-Elemente mit Themen wie verflossener Liebe, durchzechten Party-N\u00e4chten und seiner neuen Rolle als Vater verbindet. Im Fr\u00fchjahr 2025 folgte mit \u201eNever\/Know\u201c das siebte Studioalbum.<\/div>\n<div>Im Herzen waren The Kooks immer eine Live-Band \u2013 ob bei ihren ersten Auftritten in den kleinen Bars Brightons, als Festival-Headliner oder im Vorprogramm von Legenden wie den Rolling Stones. Ihr zeitloser Sound, die packenden Hits und insbesondere die einzigartige Chemie zwischen Pritchard und Harris machen ihre Konzerte bis heute zu den Besten im ganzen Indie-Kosmos. Und genau diese Magie bringen sie im Februar 2026 zur\u00fcck nach Deutschland: Fans d\u00fcrfen sich auf sechs Konzerte von The Kooks freuen!<\/div>","protected":false},"excerpt":{"rendered":"<p>Secure your tickets!<\/p>","protected":false},"featured_media":49590,"template":"","meta":{"_acf_changed":false,"inline_featured_image":false},"product_brand":[],"product_cat":[31,344,69,86,35,6733,21,58],"product_tag":[6371,941,962,942,943,944,6370,947,948],"class_list":{"0":"post-49588","1":"product","2":"type-product","3":"status-publish","4":"has-post-thumbnail","6":"product_cat-events","7":"product_cat-haus-auensee","8":"product_cat-konzert","9":"product_cat-leipzig","10":"product_cat-orte","11":"product_cat-pop","12":"product_cat-ticket","13":"product_cat-veranstaltung","14":"product_tag-special-guests","15":"product_tag-events","16":"product_tag-haus-auensee","17":"product_tag-konzert","18":"product_tag-leipzig","19":"product_tag-orte","20":"product_tag-the-kooks","21":"product_tag-ticket","22":"product_tag-veranstaltung","23":"product_shipping_class-nur_paketversand","24":"pa_discount-normalpreis","25":"pa_preiskategorie-stehplatz","27":"first","28":"instock","29":"taxable","30":"shipping-taxable","31":"purchasable","32":"product-type-variable","33":"has-default-attributes"},"group_of_quantity":0,"min_quantity":0,"max_quantity":"","exclude_order_quantity_value_rules":"no","exclude_category_quantity_rules":"no","combine_variations":"no","acf":[],"_links":{"self":[{"href":"https:\/\/arena-ticket.com\/en\/wp-json\/wp\/v2\/product\/49588","targetHints":{"allow":["GET"]}}],"collection":[{"href":"https:\/\/arena-ticket.com\/en\/wp-json\/wp\/v2\/product"}],"about":[{"href":"https:\/\/arena-ticket.com\/en\/wp-json\/wp\/v2\/types\/product"}],"wp:featuredmedia":[{"embeddable":true,"href":"https:\/\/arena-ticket.com\/en\/wp-json\/wp\/v2\/media\/49590"}],"wp:attachment":[{"href":"https:\/\/arena-ticket.com\/en\/wp-json\/wp\/v2\/media?parent=49588"}],"wp:term":[{"taxonomy":"product_brand","embeddable":true,"href":"https:\/\/arena-ticket.com\/en\/wp-json\/wp\/v2\/product_brand?post=49588"},{"taxonomy":"product_cat","embeddable":true,"href":"https:\/\/arena-ticket.com\/en\/wp-json\/wp\/v2\/product_cat?post=49588"},{"taxonomy":"product_tag","embeddable":true,"href":"https:\/\/arena-ticket.com\/en\/wp-json\/wp\/v2\/product_tag?post=49588"}],"curies":[{"name":"wp","href":"https:\/\/api.w.org\/{rel}","templated":true}]}}