{"id":49768,"date":"2025-09-23T13:14:09","date_gmt":"2025-09-23T11:14:09","guid":{"rendered":"https:\/\/arena-ticket.com\/?p=49768&#038;post_type=product&#038;preview_id=49768"},"modified":"2025-10-20T16:06:01","modified_gmt":"2025-10-20T14:06:01","slug":"lord-of-the-dance-tour-2026-zwickau-sparkassen-arena-zwickau-17-05-2026-1900-uhr","status":"publish","type":"product","link":"https:\/\/arena-ticket.com\/en\/product\/lord-of-the-dance-tour-2026-zwickau-sparkassen-arena-zwickau-17-05-2026-1900-uhr\/","title":{"rendered":"Lord Of The Dance  - Tour 2026"},"content":{"rendered":"<p>Seit 1996 begeistert Lord of the Dance, das zum Kultereignis aufgestiegen ist, die Menschen in aller Welt. Knapp 4 Millionen Besucher allein im deutschsprachigen Raum, rund 80 Millionen international, machen Lord of the Dance konkurrenzlos zum popul\u00e4rsten Showereignis der Gegenwart. Mehr als 900 Auff\u00fchrungen nur in Deutschland, \u00d6sterreich und der Schweiz belegen den einzigartigen Erfolg der irischen Stepp-Revolution\u00e4re in diesen Breitengraden. Lord of the Dance zeigte eine neue Entertainment-Dimension auf. Das \u201eKlacken der Killerhacken\u201c erlebte einen Triumph ohne Beispiel. Die geniale Synthese aus Tanz, Folklore und Show entwickelte sich vom Geheimtipp zum ph\u00e4nomenalen Publikumsmagneten.<\/p>","protected":false},"excerpt":{"rendered":"<p>Secure your tickets!<\/p>","protected":false},"featured_media":49774,"template":"","meta":{"_acf_changed":false,"inline_featured_image":false},"product_brand":[],"product_cat":[35,4710,21,4432],"product_tag":[941,6377,944,958,6320,947,4188,948,4440],"class_list":{"0":"post-49768","1":"product","2":"type-product","3":"status-publish","4":"has-post-thumbnail","6":"product_cat-orte","7":"product_cat-sparkassen-arena-zwickau","8":"product_cat-ticket","9":"product_cat-zwickau","10":"product_tag-events","11":"product_tag-lord-of-the-dance","12":"product_tag-orte","13":"product_tag-show","14":"product_tag-sparkassen-arena-zwickau","15":"product_tag-ticket","16":"product_tag-tour-2026","17":"product_tag-veranstaltung","18":"product_tag-zwickau","19":"product_shipping_class-nur_paketversand","20":"pa_discount-normalpreis","21":"pa_preiskategorie-pk-i","22":"pa_preiskategorie-pk-ii","23":"pa_preiskategorie-pk-iii","24":"pa_preiskategorie-pk-iv","25":"pa_preiskategorie-pk-v","27":"first","28":"instock","29":"taxable","30":"shipping-taxable","31":"purchasable","32":"product-type-variable","33":"has-default-attributes"},"group_of_quantity":0,"min_quantity":0,"max_quantity":"","exclude_order_quantity_value_rules":"no","exclude_category_quantity_rules":"no","combine_variations":"no","acf":[],"_links":{"self":[{"href":"https:\/\/arena-ticket.com\/en\/wp-json\/wp\/v2\/product\/49768","targetHints":{"allow":["GET"]}}],"collection":[{"href":"https:\/\/arena-ticket.com\/en\/wp-json\/wp\/v2\/product"}],"about":[{"href":"https:\/\/arena-ticket.com\/en\/wp-json\/wp\/v2\/types\/product"}],"wp:featuredmedia":[{"embeddable":true,"href":"https:\/\/arena-ticket.com\/en\/wp-json\/wp\/v2\/media\/49774"}],"wp:attachment":[{"href":"https:\/\/arena-ticket.com\/en\/wp-json\/wp\/v2\/media?parent=49768"}],"wp:term":[{"taxonomy":"product_brand","embeddable":true,"href":"https:\/\/arena-ticket.com\/en\/wp-json\/wp\/v2\/product_brand?post=49768"},{"taxonomy":"product_cat","embeddable":true,"href":"https:\/\/arena-ticket.com\/en\/wp-json\/wp\/v2\/product_cat?post=49768"},{"taxonomy":"product_tag","embeddable":true,"href":"https:\/\/arena-ticket.com\/en\/wp-json\/wp\/v2\/product_tag?post=49768"}],"curies":[{"name":"wp","href":"https:\/\/api.w.org\/{rel}","templated":true}]}}