{"id":49845,"date":"2025-09-23T16:16:25","date_gmt":"2025-09-23T14:16:25","guid":{"rendered":"https:\/\/arena-ticket.com\/?p=49845&#038;post_type=product&#038;preview_id=49845"},"modified":"2026-01-30T14:16:31","modified_gmt":"2026-01-30T13:16:31","slug":"fabi-rommel-daheim-leipzig-haus-auensee-17-04-2026-2000-uhr","status":"publish","type":"product","link":"https:\/\/arena-ticket.com\/en\/product\/fabi-rommel-daheim-leipzig-haus-auensee-17-04-2026-2000-uhr\/","title":{"rendered":"Fabi Rommel  - Daheim"},"content":{"rendered":"<p>\"Nach der ausverkauften Premierentour geht Fabi Rommel in 2025\/26 mit ganz neuem Programm auf gro\u00dfe Tour durch Deutschland, \u00d6sterreich und die Schweiz.<\/p>\n<p>In \u201cDaheim\u201d spricht der Stand Up Comedian \u00fcber den geplanten Wegzug aus Berlin, Heimweh, Freunde, Familie, das Leben in der Gro\u00dfstadt und den Wunsch nach Natur. Er erz\u00e4hlt Geschichten von Verfehlungen seines Umfelds und vor allem von sich selbst.<br \/>\nMit seiner gewohnt ruhigen Art, dem humorvollen Storytelling und ausschlie\u00dflich wahren Geschichten aus seinem Leben m\u00f6chte Fabi das Publikum auch in 2025\/26 wieder f\u00fcr einen Abend zum Lachen zusammenbringen.<\/p>\n<p>Aufgrund der hohen Nachfrage gibt es nun auch Zusatztermine in 2026.\"<\/p>","protected":false},"excerpt":{"rendered":"<p>In \u201cDaheim\u201d spricht der Stand Up Comedian Fabi Rommel \u00fcber den geplanten Wegzug aus Berlin, Heimweh, Freunde, Familie, das Leben in der Gro\u00dfstadt und den Wunsch nach Natur.<\/p>","protected":false},"featured_media":49848,"template":"","meta":{"_acf_changed":false,"inline_featured_image":false},"product_brand":[],"product_cat":[6725,31,344,95,86,35,21,58],"product_tag":[954,6379,941,2781,962,6774,943,944,947,948],"class_list":{"0":"post-49845","1":"product","2":"type-product","3":"status-publish","4":"has-post-thumbnail","6":"product_cat-comedy","7":"product_cat-events","8":"product_cat-haus-auensee","9":"product_cat-humor","10":"product_cat-leipzig","11":"product_cat-orte","12":"product_cat-ticket","13":"product_cat-veranstaltung","14":"product_tag-comedy","15":"product_tag-daheim","16":"product_tag-events","17":"product_tag-fabi-rommel","18":"product_tag-haus-auensee","19":"product_tag-humor","20":"product_tag-leipzig","21":"product_tag-orte","22":"product_tag-ticket","23":"product_tag-veranstaltung","24":"product_shipping_class-nur_paketversand","25":"pa_discount-normalpreis","26":"pa_preiskategorie-freie-platzwahl","28":"first","29":"instock","30":"taxable","31":"shipping-taxable","32":"purchasable","33":"product-type-variable","34":"has-default-attributes"},"group_of_quantity":0,"min_quantity":0,"max_quantity":"","exclude_order_quantity_value_rules":"no","exclude_category_quantity_rules":"no","combine_variations":"no","acf":[],"_links":{"self":[{"href":"https:\/\/arena-ticket.com\/en\/wp-json\/wp\/v2\/product\/49845","targetHints":{"allow":["GET"]}}],"collection":[{"href":"https:\/\/arena-ticket.com\/en\/wp-json\/wp\/v2\/product"}],"about":[{"href":"https:\/\/arena-ticket.com\/en\/wp-json\/wp\/v2\/types\/product"}],"wp:featuredmedia":[{"embeddable":true,"href":"https:\/\/arena-ticket.com\/en\/wp-json\/wp\/v2\/media\/49848"}],"wp:attachment":[{"href":"https:\/\/arena-ticket.com\/en\/wp-json\/wp\/v2\/media?parent=49845"}],"wp:term":[{"taxonomy":"product_brand","embeddable":true,"href":"https:\/\/arena-ticket.com\/en\/wp-json\/wp\/v2\/product_brand?post=49845"},{"taxonomy":"product_cat","embeddable":true,"href":"https:\/\/arena-ticket.com\/en\/wp-json\/wp\/v2\/product_cat?post=49845"},{"taxonomy":"product_tag","embeddable":true,"href":"https:\/\/arena-ticket.com\/en\/wp-json\/wp\/v2\/product_tag?post=49845"}],"curies":[{"name":"wp","href":"https:\/\/api.w.org\/{rel}","templated":true}]}}