{"id":49852,"date":"2025-09-23T16:43:17","date_gmt":"2025-09-23T14:43:17","guid":{"rendered":"https:\/\/arena-ticket.com\/?p=49852&#038;post_type=product&#038;preview_id=49852"},"modified":"2025-10-16T12:01:27","modified_gmt":"2025-10-16T10:01:27","slug":"michael-mittermeier-flashback-die-rueckkehr-der-zukunft-halle-saale-steintor-variete-28-11-2025-1930-uhr","status":"publish","type":"product","link":"https:\/\/arena-ticket.com\/en\/product\/michael-mittermeier-flashback-die-rueckkehr-der-zukunft-halle-saale-steintor-variete-28-11-2025-1930-uhr\/","title":{"rendered":"Michael Mittermeier - FLASHBACK - Die R\u00fcckkehr der Zukunft"},"content":{"rendered":"<p><b><strong>Michael Mittermeier<br \/>\nDas neue Live-Programm: FLASHBACK \u2013 Die Ru\u0308ckkehr der Zukunft<\/strong><\/b><br style=\"font-weight: 400\" \/><br style=\"font-weight: 400\" \/><\/p>\n<p style=\"font-weight: 400\">Nach fast vier Jahrzehnten Comedy-Tour geht Mittermeier dahin, wo er noch nie gewesen ist: in die Zukunft. Solang es die noch gibt! Aber wie hinkommen? In den 80ern ist man da noch mit dem Auto hingefahren. Typisch. Doch wie f\u00e4hrt man heute hin? Sind Zeitreisen \u00fcberhaupt m\u00f6glich? Yep, er hat\u2019s gemacht!<\/p>\n<p style=\"font-weight: 400\">Die L\u00f6sung lag im Keller: Mittermeiers Uropa war n\u00e4mlich Erfinder, so eine Art bayerischer Oppenheimer. Und der hat vor \u00fcber hundert Jahren eine Zeitmaschine gebaut. Das Ding stand dann jahrzehntelang bei den Gro\u00dfeltern im Keller und hat nicht funktioniert. Es hie\u00df immer, das sei ein Prototyp f\u00fcr eine Solarheizung. Dabei war nur der Akku leer. Aber jetzt kann\u2019s losgehen! Startzeit: 2024. Antrieb: Comedy. Kraftstoff: Humor. Michl, Energie!<\/p>\n<p style=\"font-weight: 400\">Traveling alone is less fun, however, so we&#039;re traveling together. Together into the future! With a transitional jacket, of course. And while we&#039;re there, let&#039;s take a look back into the past. From what we hear, there was a lot going on there too. The key is to laugh together. No matter what time period.<\/p>\n<p style=\"font-weight: 400\">FLASHBACK! Ich wei\u00df, was Du n\u00e4chsten Sommer getan haben wirst \u2026<\/p>","protected":false},"excerpt":{"rendered":"<p>Michael Mittermeier geht auf \"Flashback\"-Tour und l\u00e4utet \"Die R\u00fcckkehr der Zukunft\" ein!<\/p>","protected":false},"featured_media":49856,"template":"","meta":{"_acf_changed":false,"inline_featured_image":false},"product_brand":[],"product_cat":[6725,31,102,95,35,496,21,58],"product_tag":[954,941,2837,999,2836,944,2788,947,948],"class_list":{"0":"post-49852","1":"product","2":"type-product","3":"status-publish","4":"has-post-thumbnail","6":"product_cat-comedy","7":"product_cat-events","8":"product_cat-halle","9":"product_cat-humor","10":"product_cat-orte","11":"product_cat-steintor-variete","12":"product_cat-ticket","13":"product_cat-veranstaltung","14":"product_tag-comedy","15":"product_tag-events","16":"product_tag-flashback-die-rueckkehr-der-zukunft","17":"product_tag-halle","18":"product_tag-michael-mittermeier","19":"product_tag-orte","20":"product_tag-steintor-variete","21":"product_tag-ticket","22":"product_tag-veranstaltung","23":"product_shipping_class-nur_paketversand","24":"pa_discount-ermaessigt","25":"pa_discount-normalpreis","26":"pa_preiskategorie-pk-i","27":"pa_preiskategorie-pk-ii","28":"pa_preiskategorie-pk-iii","30":"first","31":"instock","32":"taxable","33":"shipping-taxable","34":"purchasable","35":"product-type-variable","36":"has-default-attributes"},"group_of_quantity":0,"min_quantity":0,"max_quantity":"","exclude_order_quantity_value_rules":"no","exclude_category_quantity_rules":"no","combine_variations":"no","acf":[],"_links":{"self":[{"href":"https:\/\/arena-ticket.com\/en\/wp-json\/wp\/v2\/product\/49852","targetHints":{"allow":["GET"]}}],"collection":[{"href":"https:\/\/arena-ticket.com\/en\/wp-json\/wp\/v2\/product"}],"about":[{"href":"https:\/\/arena-ticket.com\/en\/wp-json\/wp\/v2\/types\/product"}],"wp:featuredmedia":[{"embeddable":true,"href":"https:\/\/arena-ticket.com\/en\/wp-json\/wp\/v2\/media\/49856"}],"wp:attachment":[{"href":"https:\/\/arena-ticket.com\/en\/wp-json\/wp\/v2\/media?parent=49852"}],"wp:term":[{"taxonomy":"product_brand","embeddable":true,"href":"https:\/\/arena-ticket.com\/en\/wp-json\/wp\/v2\/product_brand?post=49852"},{"taxonomy":"product_cat","embeddable":true,"href":"https:\/\/arena-ticket.com\/en\/wp-json\/wp\/v2\/product_cat?post=49852"},{"taxonomy":"product_tag","embeddable":true,"href":"https:\/\/arena-ticket.com\/en\/wp-json\/wp\/v2\/product_tag?post=49852"}],"curies":[{"name":"wp","href":"https:\/\/api.w.org\/{rel}","templated":true}]}}