{"id":49867,"date":"2025-09-23T17:06:33","date_gmt":"2025-09-23T15:06:33","guid":{"rendered":"https:\/\/arena-ticket.com\/?p=49867&#038;post_type=product&#038;preview_id=49867"},"modified":"2026-03-12T10:51:23","modified_gmt":"2026-03-12T09:51:23","slug":"atze-schroeder-lovemachine-steintor-variete-halle-saale-25-03-2026-2000-uhr","status":"publish","type":"product","link":"https:\/\/arena-ticket.com\/en\/product\/atze-schroeder-lovemachine-steintor-variete-halle-saale-25-03-2026-2000-uhr\/","title":{"rendered":"Atze Schr\u00f6der  - Lovemachine"},"content":{"rendered":"<p>Der Kanzler der Herzen ist zur\u00fcck: Atze Schr\u00f6der mit \u201eLOVEMACHINE\u201c<\/p>\n<p>Ein Programm \u00fcber N\u00e4he, Ehrlichkeit \u2013 und die R\u00fcckkehr zum Menschlichen<\/p>\n<p>Atze Schr\u00f6der, die liebende Legende, will seinen Fans diesmal etwas zur\u00fcckzugeben: das Echte, das Vertraute, das sch\u00f6nste Gef\u00fchl der Welt.<\/p>\n<p>Denn wir tippen, wischen, liken \u2013 aber wissen kaum noch, wie eine echte Ber\u00fchrung geht. Wir haben alle Tools, um verbunden zu sein \u2013 aber niemand hebt mehr ab, wenn\u2019s klingelt. Wir sind alle dauer-online \u2013 aber innerlich auf Flugmodus. Wir leben zwischen Selbstoptimierung und digitalen Dauerbrennern, in Beziehungen mit gemeinsamem WLAN-Passwort, aber ohne stabile Verbindung. Die Welt dreht durch, aber Hauptsache, die Zahnb\u00fcrste des Partners steht im richtigen Becher.<\/p>\n<p>Willkommen im Liebesleben 2025!<\/p>\n<p>In LOVEMACHINE nimmt Atze Schr\u00f6der das auseinander, was wir heute Liebe nennen. \u201eIch hab\u2018 so viel \u00fcber Kommunikation in Beziehungen gelesen\u201c, so Atze, \u201emittlerweile entschuldige ich mich sogar beim K\u00fchlschrank, wenn ich ihn entt\u00e4uscht habe.\u201c<\/p>\n<p>LOVEMACHINE ist eine Absage an den digitalen Beziehungsschwindel und eine<\/p>\n<p>warmherzige Liebeserkl\u00e4rung ans Analoge. An das langsame Verlieben, an peinliches Schweigen, an Zettelchen mit \u201eIch liebe Dich!\u201c Kein Kitsch. Keine Kalenderspr\u00fcche \u2013 einfach nur ehrliches Feeling. Denn Atze sagt uns, wie es ist: N\u00e4he braucht keine App. Nur Mut. Und manchmal \u2019ne gute Pizza.<\/p>\n<p>LOVEMACHINE \u2013 das neue Live-Programm von Atze Schr\u00f6der. Ehrlich. Direkt. Ber\u00fchrend.<\/p>\n<p>Weil Liebe wieder real sein darf.<\/p>","protected":false},"excerpt":{"rendered":"<p>Get your tickets here now!<\/p>","protected":false},"featured_media":49872,"template":"","meta":{"_acf_changed":false,"inline_featured_image":false},"product_brand":[],"product_cat":[6725,31,102,95,35,496,21,58],"product_tag":[3648,954,941,999,6774,6380,944,2788,947,948],"class_list":{"0":"post-49867","1":"product","2":"type-product","3":"status-publish","4":"has-post-thumbnail","6":"product_cat-comedy","7":"product_cat-events","8":"product_cat-halle","9":"product_cat-humor","10":"product_cat-orte","11":"product_cat-steintor-variete","12":"product_cat-ticket","13":"product_cat-veranstaltung","14":"product_tag-atze-schroeder","15":"product_tag-comedy","16":"product_tag-events","17":"product_tag-halle","18":"product_tag-humor","19":"product_tag-lovemachine","20":"product_tag-orte","21":"product_tag-steintor-variete","22":"product_tag-ticket","23":"product_tag-veranstaltung","24":"product_shipping_class-nur_paketversand","25":"pa_discount-ermaessigt","26":"pa_discount-normalpreis","27":"pa_preiskategorie-pk-i","28":"pa_preiskategorie-pk-ii","29":"pa_preiskategorie-pk-iii","30":"pa_preiskategorie-pk-iv","32":"first","33":"instock","34":"taxable","35":"shipping-taxable","36":"purchasable","37":"product-type-variable"},"group_of_quantity":0,"min_quantity":0,"max_quantity":"","exclude_order_quantity_value_rules":"no","exclude_category_quantity_rules":"no","combine_variations":"no","acf":[],"_links":{"self":[{"href":"https:\/\/arena-ticket.com\/en\/wp-json\/wp\/v2\/product\/49867","targetHints":{"allow":["GET"]}}],"collection":[{"href":"https:\/\/arena-ticket.com\/en\/wp-json\/wp\/v2\/product"}],"about":[{"href":"https:\/\/arena-ticket.com\/en\/wp-json\/wp\/v2\/types\/product"}],"wp:featuredmedia":[{"embeddable":true,"href":"https:\/\/arena-ticket.com\/en\/wp-json\/wp\/v2\/media\/49872"}],"wp:attachment":[{"href":"https:\/\/arena-ticket.com\/en\/wp-json\/wp\/v2\/media?parent=49867"}],"wp:term":[{"taxonomy":"product_brand","embeddable":true,"href":"https:\/\/arena-ticket.com\/en\/wp-json\/wp\/v2\/product_brand?post=49867"},{"taxonomy":"product_cat","embeddable":true,"href":"https:\/\/arena-ticket.com\/en\/wp-json\/wp\/v2\/product_cat?post=49867"},{"taxonomy":"product_tag","embeddable":true,"href":"https:\/\/arena-ticket.com\/en\/wp-json\/wp\/v2\/product_tag?post=49867"}],"curies":[{"name":"wp","href":"https:\/\/api.w.org\/{rel}","templated":true}]}}