{"id":49880,"date":"2025-09-23T17:34:17","date_gmt":"2025-09-23T15:34:17","guid":{"rendered":"https:\/\/arena-ticket.com\/?p=49880&#038;post_type=product&#038;preview_id=49880"},"modified":"2025-12-23T11:41:08","modified_gmt":"2025-12-23T10:41:08","slug":"gregor-gysi-auf-eine-currywurst-mit-gregor-gysi-chemnitz-carlowitz-congresscenter-19-01-2026-1930-uhr","status":"publish","type":"product","link":"https:\/\/arena-ticket.com\/en\/product\/gregor-gysi-auf-eine-currywurst-mit-gregor-gysi-chemnitz-carlowitz-congresscenter-19-01-2026-1930-uhr\/","title":{"rendered":"Gregor Gysi - A currywurst with Gregor Gysi"},"content":{"rendered":"<p>Gregor Gysi, legend of the Left Party and alternative elder statesman, has been accompanied on his reading tours for years by Hans-Dieter Sch\u00fctt. This is how the conversations at the snack bar and over currywurst came about, which are collected in this book: Gysi in his element, quick-witted, pointed, worldly-wise. About vodka, football and East Germany, about the media, sensuality and God, about the last generation and the first German chancellor. Gysi on tour through life - how it is, how it should be and how we could change it. And: Gysi in conversation - more open and personal than ever before. As a lawyer, Gysi represented Robert Havemann, Rudolf Bahro and other regime critics. He was both party chairman and parliamentary group chairman of the PDS and the Left Party, as well as president of the Party of the European Left. He is still a member of the German Bundestag. Hans-Dieter Sch\u00fctt studied theater studies in Leipzig, and was editor of the daily newspapers &quot;Junge Welt&quot; and &quot;Neues Deutschland&quot; in the GDR.<\/p>","protected":false},"excerpt":{"rendered":"<p>Gregory Gysi, Mitglied des deutschen Bundestags, pr\u00e4sentiert auf der B\u00fchne seinen neuen Gespr\u00e4chsband \u201eAuf eine Currywurst mit Gregor Gysi\u201c mit Journalist Hans-Dieter Sch\u00fctt.<\/p>","protected":false},"featured_media":49882,"template":"","meta":{"_acf_changed":false,"inline_featured_image":false},"product_brand":[],"product_cat":[377,103,31,922,6764,35,21,58],"product_tag":[3463,3908,992,941,3462,951,944,947,948],"class_list":{"0":"post-49880","1":"product","2":"type-product","3":"status-publish","4":"has-post-thumbnail","6":"product_cat-carlowitz-congress-center","7":"product_cat-chemnitz","8":"product_cat-events","9":"product_cat-kultur","10":"product_cat-lesung","11":"product_cat-orte","12":"product_cat-ticket","13":"product_cat-veranstaltung","14":"product_tag-auf-eine-currywurst-mit-gregor-gysi","15":"product_tag-carlowitz-congress-center","16":"product_tag-chemnitz","17":"product_tag-events","18":"product_tag-gregor-gysi","19":"product_tag-kultur","20":"product_tag-orte","21":"product_tag-ticket","22":"product_tag-veranstaltung","23":"product_shipping_class-nur_paketversand","24":"pa_discount-normalpreis","25":"pa_preiskategorie-pk-i","27":"first","28":"outofstock","29":"taxable","30":"shipping-taxable","31":"purchasable","32":"product-type-variable"},"group_of_quantity":0,"min_quantity":0,"max_quantity":"","exclude_order_quantity_value_rules":"no","exclude_category_quantity_rules":"no","combine_variations":"no","acf":[],"_links":{"self":[{"href":"https:\/\/arena-ticket.com\/en\/wp-json\/wp\/v2\/product\/49880","targetHints":{"allow":["GET"]}}],"collection":[{"href":"https:\/\/arena-ticket.com\/en\/wp-json\/wp\/v2\/product"}],"about":[{"href":"https:\/\/arena-ticket.com\/en\/wp-json\/wp\/v2\/types\/product"}],"wp:featuredmedia":[{"embeddable":true,"href":"https:\/\/arena-ticket.com\/en\/wp-json\/wp\/v2\/media\/49882"}],"wp:attachment":[{"href":"https:\/\/arena-ticket.com\/en\/wp-json\/wp\/v2\/media?parent=49880"}],"wp:term":[{"taxonomy":"product_brand","embeddable":true,"href":"https:\/\/arena-ticket.com\/en\/wp-json\/wp\/v2\/product_brand?post=49880"},{"taxonomy":"product_cat","embeddable":true,"href":"https:\/\/arena-ticket.com\/en\/wp-json\/wp\/v2\/product_cat?post=49880"},{"taxonomy":"product_tag","embeddable":true,"href":"https:\/\/arena-ticket.com\/en\/wp-json\/wp\/v2\/product_tag?post=49880"}],"curies":[{"name":"wp","href":"https:\/\/api.w.org\/{rel}","templated":true}]}}