{"id":49925,"date":"2025-09-24T13:31:17","date_gmt":"2025-09-24T11:31:17","guid":{"rendered":"https:\/\/arena-ticket.com\/?p=49925&#038;post_type=product&#038;preview_id=49925"},"modified":"2026-01-13T12:42:20","modified_gmt":"2026-01-13T11:42:20","slug":"samu-haber-good-boy-tour-2026-leipzig-haus-auensee-24-02-2026-2000-uhr","status":"publish","type":"product","link":"https:\/\/arena-ticket.com\/en\/product\/samu-haber-good-boy-tour-2026-leipzig-haus-auensee-24-02-2026-2000-uhr\/","title":{"rendered":"Samu Haber  - Good Boy Tour 2026"},"content":{"rendered":"<p>Nach einem unvergesslichen Sommer 2025 voller magischer Konzerte, \u00fcber 100,000 verkauften Tickets und inspirierten Momenten geht Samu Haber 2026 endlich wieder auf gro\u00dfe Tour durch die Hallen Europas.<\/p>\n<p>Die Tour startet im September in Finnland und f\u00fchrt den finnischen S\u00e4nger und Songwriter im Oktober in den Rest Europas - zu einer Mischung aus altbekannten Lieblingshallen und brandneuen Spielorten, die er bislang noch nie betreten hat.<\/p>\n<p>\u201eDer Sommer 2025 war die inspirierendste Zeit meines Lebens. \u00dcberall, wo wir gespielt haben, war die Stimmung unglaublich und jeder einzelne Abend war absolut fantastisch. Nach diesen hei\u00dfen N\u00e4chten habe ich tausend Songideen im Kopf, die ich kaum erwarten kann, im Studio umzusetzen. Und in meinen Tagtr\u00e4umen habe ich schon geh\u00f6rt, wie ich viele dieser neuen Songs mit den Menschen singe, die ich diesen Sommer bei den Shows gesehen habe. Die Tour wird eine fantastische Mischung aus alten Lieblingsclubs und neuen Orten, an denen ich noch nie gespielt habe. Der Sommer ist normalerweise meine liebste Jahreszeit, aber im n\u00e4chsten Jahr beginnt die beste Zeit im September\u201c, sagt Samu Haber.<\/p>\n<p>Mit neuer Musik im Gep\u00e4ck, voller Energie und Vorfreude, d\u00fcrfen sich die Fans auf emotionale Abende zwischen bekannten Hits und frischen Songs des ehemaligen Sunrise Avenue-Frontmanns freuen.<\/p>","protected":false},"excerpt":{"rendered":"<p>Secure your tickets!<\/p>","protected":false},"featured_media":49929,"template":"","meta":{"_acf_changed":false,"inline_featured_image":false},"product_brand":[],"product_cat":[31,344,69,86,35,6732,21,58],"product_tag":[941,6381,962,942,943,944,3813,947,948],"class_list":{"0":"post-49925","1":"product","2":"type-product","3":"status-publish","4":"has-post-thumbnail","6":"product_cat-events","7":"product_cat-haus-auensee","8":"product_cat-konzert","9":"product_cat-leipzig","10":"product_cat-orte","11":"product_cat-rock-hard-rock","12":"product_cat-ticket","13":"product_cat-veranstaltung","14":"product_tag-events","15":"product_tag-good-boy-tour-2026","16":"product_tag-haus-auensee","17":"product_tag-konzert","18":"product_tag-leipzig","19":"product_tag-orte","20":"product_tag-samu-haber","21":"product_tag-ticket","22":"product_tag-veranstaltung","23":"product_shipping_class-nur_paketversand","24":"pa_discount-normalpreis","25":"pa_preiskategorie-stehplatz","27":"first","28":"instock","29":"taxable","30":"shipping-taxable","31":"purchasable","32":"product-type-variable","33":"has-default-attributes"},"group_of_quantity":0,"min_quantity":0,"max_quantity":"","exclude_order_quantity_value_rules":"no","exclude_category_quantity_rules":"no","combine_variations":"no","acf":[],"_links":{"self":[{"href":"https:\/\/arena-ticket.com\/en\/wp-json\/wp\/v2\/product\/49925","targetHints":{"allow":["GET"]}}],"collection":[{"href":"https:\/\/arena-ticket.com\/en\/wp-json\/wp\/v2\/product"}],"about":[{"href":"https:\/\/arena-ticket.com\/en\/wp-json\/wp\/v2\/types\/product"}],"wp:featuredmedia":[{"embeddable":true,"href":"https:\/\/arena-ticket.com\/en\/wp-json\/wp\/v2\/media\/49929"}],"wp:attachment":[{"href":"https:\/\/arena-ticket.com\/en\/wp-json\/wp\/v2\/media?parent=49925"}],"wp:term":[{"taxonomy":"product_brand","embeddable":true,"href":"https:\/\/arena-ticket.com\/en\/wp-json\/wp\/v2\/product_brand?post=49925"},{"taxonomy":"product_cat","embeddable":true,"href":"https:\/\/arena-ticket.com\/en\/wp-json\/wp\/v2\/product_cat?post=49925"},{"taxonomy":"product_tag","embeddable":true,"href":"https:\/\/arena-ticket.com\/en\/wp-json\/wp\/v2\/product_tag?post=49925"}],"curies":[{"name":"wp","href":"https:\/\/api.w.org\/{rel}","templated":true}]}}