{"id":49994,"date":"2025-09-25T08:42:37","date_gmt":"2025-09-25T06:42:37","guid":{"rendered":"https:\/\/arena-ticket.com\/?p=49994&#038;post_type=product&#038;preview_id=49994"},"modified":"2026-04-15T20:17:38","modified_gmt":"2026-04-15T18:17:38","slug":"die-nervigen-live-2026-quarterback-immobilien-arena-14-10-2026-1900-uhr","status":"publish","type":"product","link":"https:\/\/arena-ticket.com\/en\/product\/die-nervigen-live-2026-quarterback-immobilien-arena-14-10-2026-1900-uhr\/","title":{"rendered":"Die Nervigen - Live 2026"},"content":{"rendered":"<p>Die Nervigen gehen auf die gr\u00f6\u00dfte Tour ever.<br \/>\nMit komplett vollgeschissenen Hosen, aber auch extrem viel Vorfreude, touren wir im Oktober 2026 durch ganz Deutschland und berieseln euch mit allem, was unser Podcast zu bieten hat.<br \/>\nVon knackigen Fragen zu \u00fcberaus schl\u00fcpfrigen Themen \u00fcber die schlimmste Katastrophe, die uns mal wieder im Urlaub passiert ist, bis zur n\u00e4chsten Krankheit, die der Hund mal wieder aufgegabelt hat: Wir plaudern live mit euch aus unseren ganz pers\u00f6nlichen N\u00e4hk\u00e4stchen.<br \/>\nUnd wer uns von YouTube kennt wei\u00df, dass unsere Shows weit mehr als ein Live-Podcast sind.<br \/>\nLetztes Jahr sind wir auf der B\u00fchne \u00fcber unsere eigene k\u00f6rperliche Beweglichkeit hinausgewachsen, sind uns gegenseitig ordentlich auf die Nerven gegangen und haben mit euch den ganzen Abend den Sommer gefeiert.<br \/>\nUnd Poppys Giardien-Orakel hat uns vorausgesagt: Der Herbst 2026 wird noch besser.<\/p>\n<p>\u00a9 Die Nervigen<\/p>","protected":false},"excerpt":{"rendered":"<p>Die Nervigen gehen auf die gr\u00f6\u00dfte Tour ever. Der Vorverkauf startet am 26.09.2025, 10 Uhr<\/p>","protected":false},"featured_media":50003,"template":"","meta":{"_acf_changed":false,"inline_featured_image":false},"product_brand":[],"product_cat":[37,86,31,922,6764,35,21,22,58],"product_tag":[6384,941,951,943,1691,4819,944,945,958,3270,947,973,948],"class_list":{"0":"post-49994","1":"product","2":"type-product","3":"status-publish","4":"has-post-thumbnail","6":"product_cat-quarterback-immobilien-arena","7":"product_cat-leipzig","8":"product_cat-events","9":"product_cat-kultur","10":"product_cat-lesung","11":"product_cat-orte","12":"product_cat-ticket","13":"product_cat-ticketupgrades-zusatzleistungen","14":"product_cat-veranstaltung","15":"product_tag-die-nervigen","16":"product_tag-events","17":"product_tag-kultur","18":"product_tag-leipzig","19":"product_tag-lesung","20":"product_tag-live-2026","21":"product_tag-orte","22":"product_tag-quarterback-immobilien-arena","23":"product_tag-show","24":"product_tag-the-show","25":"product_tag-ticket","26":"product_tag-ticketupgrades-zusatzleistungen","27":"product_tag-veranstaltung","28":"product_shipping_class-abholung_paketversand","29":"pa_discount-normalpreis","30":"pa_discount-inklusive-begleitperson","31":"pa_preiskategorie-pk-i","32":"pa_preiskategorie-pk-ii","33":"pa_preiskategorie-pk-iii","34":"pa_preiskategorie-pk-iv","35":"pa_preiskategorie-pk-v","36":"pa_preiskategorie-stehplatz","37":"pa_preiskategorie-rollstuhlfahrer","38":"pa_preiskategorie-ggv-up","39":"pa_preiskategorie-pgv-up","41":"first","42":"instock","43":"taxable","44":"shipping-taxable","45":"purchasable","46":"product-type-variable"},"group_of_quantity":0,"min_quantity":0,"max_quantity":"","exclude_order_quantity_value_rules":"no","exclude_category_quantity_rules":"no","combine_variations":"no","acf":[],"_links":{"self":[{"href":"https:\/\/arena-ticket.com\/en\/wp-json\/wp\/v2\/product\/49994","targetHints":{"allow":["GET"]}}],"collection":[{"href":"https:\/\/arena-ticket.com\/en\/wp-json\/wp\/v2\/product"}],"about":[{"href":"https:\/\/arena-ticket.com\/en\/wp-json\/wp\/v2\/types\/product"}],"wp:featuredmedia":[{"embeddable":true,"href":"https:\/\/arena-ticket.com\/en\/wp-json\/wp\/v2\/media\/50003"}],"wp:attachment":[{"href":"https:\/\/arena-ticket.com\/en\/wp-json\/wp\/v2\/media?parent=49994"}],"wp:term":[{"taxonomy":"product_brand","embeddable":true,"href":"https:\/\/arena-ticket.com\/en\/wp-json\/wp\/v2\/product_brand?post=49994"},{"taxonomy":"product_cat","embeddable":true,"href":"https:\/\/arena-ticket.com\/en\/wp-json\/wp\/v2\/product_cat?post=49994"},{"taxonomy":"product_tag","embeddable":true,"href":"https:\/\/arena-ticket.com\/en\/wp-json\/wp\/v2\/product_tag?post=49994"}],"curies":[{"name":"wp","href":"https:\/\/api.w.org\/{rel}","templated":true}]}}