{"id":50069,"date":"2025-09-25T18:40:50","date_gmt":"2025-09-25T16:40:50","guid":{"rendered":"https:\/\/arena-ticket.com\/?p=50069&#038;post_type=product&#038;preview_id=50069"},"modified":"2025-11-07T10:04:41","modified_gmt":"2025-11-07T09:04:41","slug":"nino-de-angelo-irgendwann-im-leben-zwickau-stadthalle-zwickau-12-12-2025-2000-uhr","status":"publish","type":"product","link":"https:\/\/arena-ticket.com\/en\/product\/nino-de-angelo-irgendwann-im-leben-zwickau-stadthalle-zwickau-12-12-2025-2000-uhr\/","title":{"rendered":"Nino de Angelo  - Irgendwann im Leben"},"content":{"rendered":"<p style=\"font-weight: 400\"><b><strong>Eine Stimme, die ber\u00fchrt \u2013 Eine Pers\u00f6nlichkeit, die inspiriert<\/strong><\/b><\/p>\n<p style=\"font-weight: 400\"><b><strong>\u201cIrgendwann im Leben\u201d so der Titel der bevorstehen Deutschland-Tour 2025 von Nino de Angelo. Dominico Gerhard Gorgolione, wie Nino de Angelo mit b\u00fcrgerlichen Namen hei\u00dft, best\u00e4tigt: \u201eMeine Fans wollen mehr Nino \u2013 sie bekommen mehr Nino!\u201c<\/strong><\/b><\/p>\n<p style=\"font-weight: 400\">Seit \u00fcber vier Jahrzehnten z\u00e4hlt\u00a0<b><strong>Nino de Angelo<\/strong><\/b>\u00a0zu den herausragendsten Stimmen der deutschsprachigen Musikszene. Mit seinem unverwechselbaren Mix aus tief emotionalen Texten und kraftvollen Melodien hat er sich l\u00e4ngst einen festen Platz in den Herzen seiner Fans erobert. Jetzt meldet sich der charismatische S\u00e4nger und Songwriter eindrucksvoll zur\u00fcck \u2013 und zeigt einmal mehr, warum er als einer der gr\u00f6\u00dften K\u00fcnstler Deutschlands gilt. Nino de Angelo hat alle H\u00f6hen und Tiefen des Lebens durchlebt und kann auf ein turbulentes Leben zur\u00fcckblicken. St\u00e4rker denn je k\u00f6nnen ihn seine Fans stimmgewaltig und authentisch auf der B\u00fchne erleben.<\/p>","protected":false},"excerpt":{"rendered":"<p>Secure your tickets!<\/p>","protected":false},"featured_media":50074,"template":"","meta":{"_acf_changed":false,"inline_featured_image":false},"product_brand":[],"product_cat":[31,69,35,6734,4710,21,58,4432],"product_tag":[941,4160,942,4159,944,6320,947,948,4440],"class_list":{"0":"post-50069","1":"product","2":"type-product","3":"status-publish","4":"has-post-thumbnail","6":"product_cat-events","7":"product_cat-konzert","8":"product_cat-orte","9":"product_cat-schlager","10":"product_cat-sparkassen-arena-zwickau","11":"product_cat-ticket","12":"product_cat-veranstaltung","13":"product_cat-zwickau","14":"product_tag-events","15":"product_tag-irgendwann-im-leben","16":"product_tag-konzert","17":"product_tag-nino-de-angelo","18":"product_tag-orte","19":"product_tag-sparkassen-arena-zwickau","20":"product_tag-ticket","21":"product_tag-veranstaltung","22":"product_tag-zwickau","23":"product_shipping_class-nur_paketversand","24":"pa_discount-normalpreis","25":"pa_preiskategorie-pk-i","26":"pa_preiskategorie-pk-ii","27":"pa_preiskategorie-pk-iii","28":"pa_preiskategorie-pk-iv","30":"first","31":"instock","32":"taxable","33":"shipping-taxable","34":"purchasable","35":"product-type-variable","36":"has-default-attributes"},"group_of_quantity":0,"min_quantity":0,"max_quantity":"","exclude_order_quantity_value_rules":"no","exclude_category_quantity_rules":"no","combine_variations":"no","acf":[],"_links":{"self":[{"href":"https:\/\/arena-ticket.com\/en\/wp-json\/wp\/v2\/product\/50069","targetHints":{"allow":["GET"]}}],"collection":[{"href":"https:\/\/arena-ticket.com\/en\/wp-json\/wp\/v2\/product"}],"about":[{"href":"https:\/\/arena-ticket.com\/en\/wp-json\/wp\/v2\/types\/product"}],"wp:featuredmedia":[{"embeddable":true,"href":"https:\/\/arena-ticket.com\/en\/wp-json\/wp\/v2\/media\/50074"}],"wp:attachment":[{"href":"https:\/\/arena-ticket.com\/en\/wp-json\/wp\/v2\/media?parent=50069"}],"wp:term":[{"taxonomy":"product_brand","embeddable":true,"href":"https:\/\/arena-ticket.com\/en\/wp-json\/wp\/v2\/product_brand?post=50069"},{"taxonomy":"product_cat","embeddable":true,"href":"https:\/\/arena-ticket.com\/en\/wp-json\/wp\/v2\/product_cat?post=50069"},{"taxonomy":"product_tag","embeddable":true,"href":"https:\/\/arena-ticket.com\/en\/wp-json\/wp\/v2\/product_tag?post=50069"}],"curies":[{"name":"wp","href":"https:\/\/api.w.org\/{rel}","templated":true}]}}