{"id":50180,"date":"2025-09-26T16:26:34","date_gmt":"2025-09-26T14:26:34","guid":{"rendered":"https:\/\/arena-ticket.com\/?p=50180&#038;post_type=product&#038;preview_id=50180"},"modified":"2026-02-28T11:08:26","modified_gmt":"2026-02-28T10:08:26","slug":"amy-macdonald-sommershows-2026-dresden-freilichtbuehne-junge-garde-im-grossen-garte-21-08-2026-1900-uhr","status":"publish","type":"product","link":"https:\/\/arena-ticket.com\/en\/product\/amy-macdonald-sommershows-2026-dresden-freilichtbuehne-junge-garde-im-grossen-garte-21-08-2026-1900-uhr\/","title":{"rendered":"Amy Macdonald  - Sommershows 2026"},"content":{"rendered":"<p>Erst k\u00fcrzlich ver\u00f6ffentlichte die schottische Singer\/Songwriterin ihr sechstes Album \u201eIs This What You\u2019ve Been Waiting For?\u201c, mit dem sie im Februar 2026 auf gleichnamige Tour geht. Diesen sechs Shows in Deutschland schlie\u00dft sie im August 2026 weitere Termine an. Mit dem neuen Album hat die Musikerin nicht nur die Herzen ihrer Fans erobert, sondern auch eindrucksvoll bewiesen, dass sie zu den st\u00e4rksten Stimmen der britischen Popmusik z\u00e4hlt. Bekannt f\u00fcr ihre F\u00e4higkeit, pers\u00f6nliche Geschichten in mitrei\u00dfende Hymnen zu verwandeln, hat Amy Macdonald \u00fcber die Jahre ein beeindruckendes Repertoire geschaffen. F\u00fcnf Studioalben gingen bereits europaweit in die Top 5, mit Millionen verkaufter Tontr\u00e4ger, unz\u00e4hligen Platin-Auszeichnungen und \u00fcber einer Milliarde Streams. Live hat sie in den letzten Jahren vor mehr als f\u00fcnf Millionen Menschen gespielt und dabei immer wieder bewiesen, dass ihre Energie und Authentizit\u00e4t besonders auf der B\u00fchne zur Geltung kommen. Das aktuelle Werk \u201eIs This What You\u2019ve Been Waiting For?\u201c ist ein mutiges, kraftvolles Album, das Themen wie toxische Freundschaften, das Gef\u00fchl der Enge in Beziehungen oder den Druck gesellschaftlicher Erwartungen behandelt. Gleichzeitig strahlt es Hoffnung, St\u00e4rke und die Lust auf Neuanf\u00e4nge aus. Der Titelsong er\u00f6ffnet das Album mit pulsierendem Beat und einer euphorischen Wucht, die wie gemacht ist f\u00fcr die gro\u00dfen Hallen und Arenen dieser Welt. Produziert wurde das Werk von Nicolas Rebscher und dem Grammy-pr\u00e4mierten Jim Abbiss, was dem Sound eine besondere Tiefe und Dynamik verleiht. F\u00fcr Amy selbst war die Arbeit an diesem Album ein Befreiungsschlag. \u201eIch f\u00fchle mich sehr gl\u00fccklich, da zu sein, wo ich jetzt bin. Ich habe diese Karriere, gute Freunde, meine Familie \u2013 und die Leute scheinen meine Musik immer noch h\u00f6ren zu wollen, was gro\u00dfartig ist\u201c, erkl\u00e4rt sie. Mit einer Mischung aus Bodenst\u00e4ndigkeit und Spielfreude geht sie nun auf Tour, um gemeinsam mit ihren Fans die neuen Songs zu feiern und Klassiker wie \u201eThis Is The Life\u201c, \u201eMr. Rock &amp; Roll\u201c oder \u201eDream On\u201c wieder aufleben zu lassen. Die anstehenden Konzerte versprechen mit Amys unverwechselbarer Stimme emotionale Abende voller G\u00e4nsehautmomente, die nicht nur in Hallen entstehen, sondern auch bei sommerlichen Open Airs.<\/p>","protected":false},"excerpt":{"rendered":"<div class=\"event__header\" data-v-331ed750=\"\">Secure your tickets!<\/div>","protected":false},"featured_media":50182,"template":"","meta":{"_acf_changed":false,"inline_featured_image":false},"product_brand":[],"product_cat":[87,31,403,69,35,6733,58],"product_tag":[5429,940,941,996,942,944,2506,6262,948],"class_list":{"0":"post-50180","1":"product","2":"type-product","3":"status-publish","4":"has-post-thumbnail","6":"product_cat-dresden","7":"product_cat-events","8":"product_cat-freilichtbuehne-grosser-garten-junge-garde","9":"product_cat-konzert","10":"product_cat-orte","11":"product_cat-pop","12":"product_cat-veranstaltung","13":"product_tag-amy-macdonald","14":"product_tag-dresden","15":"product_tag-events","16":"product_tag-freilichtbuehne-grosser-garten-junge-garde","17":"product_tag-konzert","18":"product_tag-orte","19":"product_tag-pop","20":"product_tag-sommershows-2026","21":"product_tag-veranstaltung","22":"product_shipping_class-nur_paketversand","23":"pa_discount-normalpreis","24":"pa_preiskategorie-freie-platzwahl","26":"first","27":"outofstock","28":"taxable","29":"shipping-taxable","30":"purchasable","31":"product-type-variable"},"group_of_quantity":0,"min_quantity":0,"max_quantity":"","exclude_order_quantity_value_rules":"no","exclude_category_quantity_rules":"no","combine_variations":"no","acf":[],"_links":{"self":[{"href":"https:\/\/arena-ticket.com\/en\/wp-json\/wp\/v2\/product\/50180","targetHints":{"allow":["GET"]}}],"collection":[{"href":"https:\/\/arena-ticket.com\/en\/wp-json\/wp\/v2\/product"}],"about":[{"href":"https:\/\/arena-ticket.com\/en\/wp-json\/wp\/v2\/types\/product"}],"wp:featuredmedia":[{"embeddable":true,"href":"https:\/\/arena-ticket.com\/en\/wp-json\/wp\/v2\/media\/50182"}],"wp:attachment":[{"href":"https:\/\/arena-ticket.com\/en\/wp-json\/wp\/v2\/media?parent=50180"}],"wp:term":[{"taxonomy":"product_brand","embeddable":true,"href":"https:\/\/arena-ticket.com\/en\/wp-json\/wp\/v2\/product_brand?post=50180"},{"taxonomy":"product_cat","embeddable":true,"href":"https:\/\/arena-ticket.com\/en\/wp-json\/wp\/v2\/product_cat?post=50180"},{"taxonomy":"product_tag","embeddable":true,"href":"https:\/\/arena-ticket.com\/en\/wp-json\/wp\/v2\/product_tag?post=50180"}],"curies":[{"name":"wp","href":"https:\/\/api.w.org\/{rel}","templated":true}]}}