{"id":50211,"date":"2025-09-26T17:00:56","date_gmt":"2025-09-26T15:00:56","guid":{"rendered":"https:\/\/arena-ticket.com\/?p=50211&#038;post_type=product&#038;preview_id=50211"},"modified":"2026-03-09T11:22:34","modified_gmt":"2026-03-09T10:22:34","slug":"steve-hackett-best-of-genesis-solo-gems-2026-tour-haus-auensee-leipzig-28-05-2026-2000-uhr","status":"publish","type":"product","link":"https:\/\/arena-ticket.com\/en\/product\/steve-hackett-best-of-genesis-solo-gems-2026-tour-haus-auensee-leipzig-28-05-2026-2000-uhr\/","title":{"rendered":"Steve Hackett  - Best of Genesis & Solo Gems 2026 Tour"},"content":{"rendered":"<p>2026 bringt Steve Hackett Genesis\u2018 Greatest Hits und seine Solo-Highlights wieder nach Deutschland!<\/p>\n<p>Nach seiner erfolgreichen Tour 2025 l\u00e4sst Steve Hackett es sich nicht nehmen, seine Fans ein weiteres Jahr mit seinen unglaublichen Gitarrenriffs zu begeistern, diesmal hat er Genesis\u2018 Greatest Hits sowie seine Solo-Highlights im Gep\u00e4ck. Hackett freut sich au\u00dferdem, zwei neue Mitglieder seiner Band vorstellen zu d\u00fcrfen: den schwedischen Keyboard-Virtuosen Lalle Larsson, der das langj\u00e4hrigen Bandmitglied Roger King ersetzt, sowie Felix Lehrmann, den deutschen Schlagzeuger, der die Nachfolge von Craig Blundell antritt. Mit der Best of Genesis &amp; Solo Gems 2026 Tour macht Hackett im Mai 2026 in einigen der sch\u00f6nsten Hallen Deutschlands Station, Hamburg (21.05., Laeiszhalle), Aachen (22.05., Eurogress), K\u00f6ln (24.05., Philharmonie), Stuttgart (26.05. Liederhalle Beethovensaal), Frankfurt (27.05., Alte Oper) und Leipzig (28.05., Haus Auensee) stehen dabei auf dem Programm.<\/p>\n<p>\u201eDas Wichtigste ist, sich auf die Musik zu konzentrieren, die alles antreibt, aber es wird einige gro\u00dfe Ver\u00e4nderungen in der Band geben\u201c, sagt Hackett. \u201eSowohl Craig als auch Roger sind gro\u00dfartige Musiker, und ich wei\u00df, dass Lalle Larsson und Felix ebenso fantastisch sein werden. Ich habe noch nie mit Lalle Larsson zusammengearbeitet, aber er ist absolut brillant und mehr als qualifiziert f\u00fcr die Aufgabe, Genesis von 1971 bis 1977 wieder zum Leben zu erwecken. Er ist ein absoluter Virtuose. Mit Felix Lehrmann haben wir bereits zusammengearbeitet, und wenn man ihn zusammen mit Jonas Reingold am Bass h\u00f6rt, ist das, als w\u00fcrden tausend Eisentr\u00e4ger mit 100 Meilen pro Stunde auf einen zukommen!\u201c<\/p>\n<p>Larsson und Lehrmann werden neben Jonas Reingold (Bass, Backing Vocals), Nad Sylvan (Gesang) und Rob Townsend (Saxophon, Fl\u00f6ten, zus\u00e4tzliche Keyboards) ihren Platz in Hacketts Tournee-Band einnehmen. \u201eIch habe einige au\u00dfergew\u00f6hnliche Musiker in der Band\u201c, f\u00fcgt Hackett hinzu, \u201eund ich bin sehr zufrieden mit diesem Niveau an Virtuosen. Diese Jungs sind alle unglaubliche Profis.\u201c<\/p>\n<p>Steve Hacketts innovatives Gitarrenspiel war ein wesentlicher Bestandteil des klassischen Genesis-Katalogs von Nursery Cryme (1971) bis Wind And Wuthering (1977). F\u00fcr viele eingefleischte Fans und auch f\u00fcr die neuen Generationen, die diese bahnbrechenden Juwelen gerade erst entdecken, ist dies nach wie vor die wichtigste Genesis-\u00c4ra. \u201eIch bin immer noch verliebt in die Idee der Musik\u201c, sagt Hackett. \u201eIch liebe sie \u00fcber alles. Ich bekomme jedes Mal wieder G\u00e4nsehaut und die Musik und hat mich bisher jung genug gehalten, um weiterhin mit Begeisterung auf Tournee zu gehen!\u201c<\/p>","protected":false},"excerpt":{"rendered":"<p>Secure your tickets!<\/p>","protected":false},"featured_media":50220,"template":"","meta":{"_acf_changed":false,"inline_featured_image":false},"product_brand":[],"product_cat":[31,344,69,86,35,6732,21,58],"product_tag":[6402,941,962,942,943,944,6804,3379,947,948],"class_list":{"0":"post-50211","1":"product","2":"type-product","3":"status-publish","4":"has-post-thumbnail","6":"product_cat-events","7":"product_cat-haus-auensee","8":"product_cat-konzert","9":"product_cat-leipzig","10":"product_cat-orte","11":"product_cat-rock-hard-rock","12":"product_cat-ticket","13":"product_cat-veranstaltung","14":"product_tag-best-of-genesis-solo-gems-2026-tour","15":"product_tag-events","16":"product_tag-haus-auensee","17":"product_tag-konzert","18":"product_tag-leipzig","19":"product_tag-orte","20":"product_tag-rock-hard-rock","21":"product_tag-steve-hackett","22":"product_tag-ticket","23":"product_tag-veranstaltung","24":"product_shipping_class-nur_paketversand","25":"pa_discount-normalpreis","26":"pa_preiskategorie-pk-i","27":"pa_preiskategorie-pk-ii","28":"pa_preiskategorie-pk-iii","29":"pa_preiskategorie-rang-stehplatz","31":"first","32":"instock","33":"taxable","34":"shipping-taxable","35":"purchasable","36":"product-type-variable"},"group_of_quantity":0,"min_quantity":0,"max_quantity":"","exclude_order_quantity_value_rules":"no","exclude_category_quantity_rules":"no","combine_variations":"no","acf":[],"_links":{"self":[{"href":"https:\/\/arena-ticket.com\/en\/wp-json\/wp\/v2\/product\/50211","targetHints":{"allow":["GET"]}}],"collection":[{"href":"https:\/\/arena-ticket.com\/en\/wp-json\/wp\/v2\/product"}],"about":[{"href":"https:\/\/arena-ticket.com\/en\/wp-json\/wp\/v2\/types\/product"}],"wp:featuredmedia":[{"embeddable":true,"href":"https:\/\/arena-ticket.com\/en\/wp-json\/wp\/v2\/media\/50220"}],"wp:attachment":[{"href":"https:\/\/arena-ticket.com\/en\/wp-json\/wp\/v2\/media?parent=50211"}],"wp:term":[{"taxonomy":"product_brand","embeddable":true,"href":"https:\/\/arena-ticket.com\/en\/wp-json\/wp\/v2\/product_brand?post=50211"},{"taxonomy":"product_cat","embeddable":true,"href":"https:\/\/arena-ticket.com\/en\/wp-json\/wp\/v2\/product_cat?post=50211"},{"taxonomy":"product_tag","embeddable":true,"href":"https:\/\/arena-ticket.com\/en\/wp-json\/wp\/v2\/product_tag?post=50211"}],"curies":[{"name":"wp","href":"https:\/\/api.w.org\/{rel}","templated":true}]}}