{"id":50223,"date":"2025-09-26T17:29:49","date_gmt":"2025-09-26T15:29:49","guid":{"rendered":"https:\/\/arena-ticket.com\/?p=50223&#038;post_type=product&#038;preview_id=50223"},"modified":"2025-12-09T17:02:53","modified_gmt":"2025-12-09T16:02:53","slug":"roland-kaiser-das-open-air-2026-schwarzenberg-waldbuehne-schwarzenberg-18-07-2025-2000-uhr","status":"publish","type":"product","link":"https:\/\/arena-ticket.com\/en\/product\/roland-kaiser-das-open-air-2026-schwarzenberg-waldbuehne-schwarzenberg-18-07-2025-2000-uhr\/","title":{"rendered":"Roland Kaiser  - Das Open Air 2026!"},"content":{"rendered":"<p>Er ist einer der bekanntesten und erfolgreichsten K\u00fcnstler Deutschlands und feiert jedes Jahr neue Besucherrekorde. 2025 begeisterte er bei 40 ausverkauften Live-Shows insgesamt 400.000 Besucher. Kein deutscher Livek\u00fcnstler hat in diesem Jahr eine \u00e4hnliche Besucherzahl erreicht.<\/p>\n<p>Kurz nach dem Abschluss der Live-Saison 2025 beginnen bereits die Vorbereitungen f\u00fcr den Sommer 2026. Roland Kaiser wird gemeinsam mit seiner Band auch im kommenden Jahr seine Fans auf seiner neuen Open Air - Tournee begeistern. DIE OPEN AIRS! Sommer 2026 \u2013 Tournee f\u00fchrt Roland Kaiser im n\u00e4chsten Jahr quer durch Deutschland: Auf dem Tourneeplan stehen ab Mitte Juni bis Ende August aktuell 18 Live-Termine. Zum kr\u00f6nenden Abschluss schenkt der Kaiser seinen Fans gleich zwei Konzerte in der legend\u00e4ren Waldb\u00fchne Berlin.<\/p>","protected":false},"excerpt":{"rendered":"<div class=\"artwork-image-container\">\n<div class=\"artwork-image\">\n<div class=\"gradient gradient-right\">Roland Kaiser wird gemeinsam mit seiner Band auch im kommenden Jahr seine Fans auf seiner neuen Open-Air-Tournee begeistern!<\/div>\n<\/div>\n<\/div>","protected":false},"featured_media":50226,"template":"","meta":{"_acf_changed":false,"inline_featured_image":false},"product_brand":[],"product_cat":[31,69,35,6734,4064,21,58,4065],"product_tag":[6337,941,942,944,2772,4068,947,948,4069],"class_list":{"0":"post-50223","1":"product","2":"type-product","3":"status-publish","4":"has-post-thumbnail","6":"product_cat-events","7":"product_cat-konzert","8":"product_cat-orte","9":"product_cat-schlager","10":"product_cat-schwarzenberg","11":"product_cat-ticket","12":"product_cat-veranstaltung","13":"product_cat-waldbuehne-schwarzenberg","14":"product_tag-das-open-air-2026","15":"product_tag-events","16":"product_tag-konzert","17":"product_tag-orte","18":"product_tag-roland-kaiser","19":"product_tag-schwarzenberg","20":"product_tag-ticket","21":"product_tag-veranstaltung","22":"product_tag-waldbuehne-schwarzenberg","23":"product_shipping_class-nur_paketversand","24":"pa_discount-normalpreis","25":"pa_preiskategorie-freie-platzwahl","26":"pa_preiskategorie-front-of-stage-stehplatz","28":"first","29":"instock","30":"taxable","31":"shipping-taxable","32":"purchasable","33":"product-type-variable"},"group_of_quantity":0,"min_quantity":0,"max_quantity":"","exclude_order_quantity_value_rules":"no","exclude_category_quantity_rules":"no","combine_variations":"no","acf":[],"_links":{"self":[{"href":"https:\/\/arena-ticket.com\/en\/wp-json\/wp\/v2\/product\/50223","targetHints":{"allow":["GET"]}}],"collection":[{"href":"https:\/\/arena-ticket.com\/en\/wp-json\/wp\/v2\/product"}],"about":[{"href":"https:\/\/arena-ticket.com\/en\/wp-json\/wp\/v2\/types\/product"}],"wp:featuredmedia":[{"embeddable":true,"href":"https:\/\/arena-ticket.com\/en\/wp-json\/wp\/v2\/media\/50226"}],"wp:attachment":[{"href":"https:\/\/arena-ticket.com\/en\/wp-json\/wp\/v2\/media?parent=50223"}],"wp:term":[{"taxonomy":"product_brand","embeddable":true,"href":"https:\/\/arena-ticket.com\/en\/wp-json\/wp\/v2\/product_brand?post=50223"},{"taxonomy":"product_cat","embeddable":true,"href":"https:\/\/arena-ticket.com\/en\/wp-json\/wp\/v2\/product_cat?post=50223"},{"taxonomy":"product_tag","embeddable":true,"href":"https:\/\/arena-ticket.com\/en\/wp-json\/wp\/v2\/product_tag?post=50223"}],"curies":[{"name":"wp","href":"https:\/\/api.w.org\/{rel}","templated":true}]}}