{"id":50229,"date":"2025-09-26T18:22:13","date_gmt":"2025-09-26T16:22:13","guid":{"rendered":"https:\/\/arena-ticket.com\/?p=50229&#038;post_type=product&#038;preview_id=50229"},"modified":"2026-02-21T13:39:56","modified_gmt":"2026-02-21T12:39:56","slug":"die-moenche-des-shaolin-kung-fu-shamis-weg-nach-shaolin-haus-auensee-leipzig-17-03-2026-1900-uhr","status":"publish","type":"product","link":"https:\/\/arena-ticket.com\/en\/product\/die-moenche-des-shaolin-kung-fu-shamis-weg-nach-shaolin-haus-auensee-leipzig-17-03-2026-1900-uhr\/","title":{"rendered":"Die M\u00f6nche des Shaolin Kung Fu  - Shamis Weg nach Shaolin"},"content":{"rendered":"<p>Nach dem gro\u00dfen Erfolg ihrer letzten Tourneen kehren die legend\u00e4ren M\u00f6nche des Shaolin Kung Fu 2026 mit einer v\u00f6llig neuen Inszenierung nach Deutschland zur\u00fcck: Shamis Weg nach Shaolin.<\/p>\n<p>Die neue Produktion verbindet Tradition, Mystik und atemberaubende K\u00f6rperkunst und erz\u00e4hlt die Geschichte eines Kindes, das seinen Meister sucht und in die geheimnisvolle Welt des Shaolin-Tempels eintritt. Dort findet es seinen Meister, der es in die Geheimnisse der jahrtausendealten Kung-Fu-Tradition und in das Leben im Tempel einweiht. Auf seiner Reise erlebt das Publikum Pr\u00fcfungen, Mutproben, den harten Alltag der Ausbildung im Tempel und die besondere Beziehung zwischen Sch\u00fcler und Meister.<\/p>\n<p>Die M\u00f6nche demonstrieren meisterlich das Hard Qi Gong: St\u00f6cke und Eisenstangen zerschellen auf ihren K\u00f6rpern, Speerspitzen biegen sich an empfindlichen K\u00f6rperstellen, w\u00e4hrend sie mit Pr\u00e4zision und Konzentration scheinbar Unm\u00f6gliches m\u00f6glich machen<\/p>","protected":false},"excerpt":{"rendered":"<p>Secure your tickets!<\/p>","protected":false},"featured_media":50238,"template":"","meta":{"_acf_changed":false,"inline_featured_image":false},"product_brand":[],"product_cat":[344,86,35,21],"product_tag":[4423,941,962,943,944,6403,958,947,948],"class_list":{"0":"post-50229","1":"product","2":"type-product","3":"status-publish","4":"has-post-thumbnail","6":"product_cat-haus-auensee","7":"product_cat-leipzig","8":"product_cat-orte","9":"product_cat-ticket","10":"product_tag-die-moenche-des-shaolin-kung-fu","11":"product_tag-events","12":"product_tag-haus-auensee","13":"product_tag-leipzig","14":"product_tag-orte","15":"product_tag-shamis-weg-nach-shaolin","16":"product_tag-show","17":"product_tag-ticket","18":"product_tag-veranstaltung","19":"product_shipping_class-nur_paketversand","20":"pa_discount-kind","21":"pa_discount-normalpreis","22":"pa_preiskategorie-pk-i","23":"pa_preiskategorie-pk-ii","24":"pa_preiskategorie-pk-iii","25":"pa_preiskategorie-pk-iv","26":"pa_preiskategorie-pk-v","28":"first","29":"instock","30":"taxable","31":"shipping-taxable","32":"purchasable","33":"product-type-variable"},"group_of_quantity":0,"min_quantity":0,"max_quantity":"","exclude_order_quantity_value_rules":"no","exclude_category_quantity_rules":"no","combine_variations":"no","acf":[],"_links":{"self":[{"href":"https:\/\/arena-ticket.com\/en\/wp-json\/wp\/v2\/product\/50229","targetHints":{"allow":["GET"]}}],"collection":[{"href":"https:\/\/arena-ticket.com\/en\/wp-json\/wp\/v2\/product"}],"about":[{"href":"https:\/\/arena-ticket.com\/en\/wp-json\/wp\/v2\/types\/product"}],"wp:featuredmedia":[{"embeddable":true,"href":"https:\/\/arena-ticket.com\/en\/wp-json\/wp\/v2\/media\/50238"}],"wp:attachment":[{"href":"https:\/\/arena-ticket.com\/en\/wp-json\/wp\/v2\/media?parent=50229"}],"wp:term":[{"taxonomy":"product_brand","embeddable":true,"href":"https:\/\/arena-ticket.com\/en\/wp-json\/wp\/v2\/product_brand?post=50229"},{"taxonomy":"product_cat","embeddable":true,"href":"https:\/\/arena-ticket.com\/en\/wp-json\/wp\/v2\/product_cat?post=50229"},{"taxonomy":"product_tag","embeddable":true,"href":"https:\/\/arena-ticket.com\/en\/wp-json\/wp\/v2\/product_tag?post=50229"}],"curies":[{"name":"wp","href":"https:\/\/api.w.org\/{rel}","templated":true}]}}