{"id":50340,"date":"2025-09-29T12:47:15","date_gmt":"2025-09-29T10:47:15","guid":{"rendered":"https:\/\/arena-ticket.com\/?p=50340&#038;post_type=product&#038;preview_id=50340"},"modified":"2026-04-10T11:58:59","modified_gmt":"2026-04-10T09:58:59","slug":"berq-tour-2026-quarterback-immobilien-arena-17-11-2026-2000-uhr","status":"publish","type":"product","link":"https:\/\/arena-ticket.com\/en\/product\/berq-tour-2026-quarterback-immobilien-arena-17-11-2026-2000-uhr\/","title":{"rendered":"Berq  - Tour 2026"},"content":{"rendered":"<p>Kaum hat S\u00e4nger, Produzent, Komponist und Liedermacher Berq seinen Fans f\u00fcr die unvergessliche Konzertsaison 2025 gedankt und Wiederholungsbedarf bekundet, hat er auch schon wieder eine gro\u00dfe Neuank\u00fcndigung zu machen. Berq wird im Herbst 2026 auf die B\u00fchne zur\u00fcckkehren - mit neuer Musik im Gep\u00e4ck, an der er aktuell intensiv im Studio arbeitet.<\/p>\n<p>So z\u00fcgig Berqs Aufstieg in die Spitzengruppe der deutschen Musikszene abgelaufen ist, so best\u00e4ndig ist der Hype, der inzwischen seit \u00fcberzwei Jahren um ihn tobt und auch in absehbarer Zukunft keineswegs abzuflachen droht.<br \/>\nBerq hat bislang lediglich ein Album (\"berq\") und eine EP (\"Rote Flaggen\") ver\u00f6ffentlicht. Das hat gereicht, um hunderte Millionen Streams zu erspielen, Gold zu gehen, auf Platz zwei zu charten, bei B\u00f6hmermanns \"ZDF Magazin Royale\" aufzutreten und eine 1LIVE Krone sowie einen Preis f\u00fcr Popkultur zu gewinnen. Seitdem der Einundzwanzigj\u00e4hrige seine Musik auf B\u00fchnen transportiert, hat er stets in dicht gedr\u00e4ngte Crowds geblickt und nicht selten Einlassstopps verursacht. Seine Tour \"LIVE 2024\" war wie die Zusatztour \"LIVE 2025\" restlos ausverkauft, seinen ambitionierten letzten Festivalsommer hat Berq mit den \"Sommer Open Airs 2025\" gekr\u00f6nt. Wer Berqs Show - diese vieldimensionaldetailverliebte Verschmelzung aus extrem laut und extrem leise, aus Lichtshow und Schatten, aus OffPop und Pop-Charme, aus Wucht und Zartheit - live erlebt hat, wird sie wieder und wieder erleben wollen. Bei wenigen K\u00fcnstler*innen ist die Spannweite zwischen Laut und Leise in den Details so gro\u00df wie bei Berq. Die Tiefe, die Breite, die Dynamik seiner Lieder wird nur im unkomprimierten B\u00fchnenKontext vollumf\u00e4nglich ausgereizt.<\/p>\n<p>\u00a9 Marla Tabea Ka\u0308stle<\/p>","protected":false},"excerpt":{"rendered":"<p>Berq kommt auf seiner Tour 2026 in die QUARTERBACK Immobilien ARENA.<\/p>","protected":false},"featured_media":50347,"template":"","meta":{"_acf_changed":false,"inline_featured_image":false},"product_brand":[],"product_cat":[31,69,86,35,6733,37,21,22,58],"product_tag":[4716,941,942,943,944,2506,945,947,973,4188,948],"class_list":{"0":"post-50340","1":"product","2":"type-product","3":"status-publish","4":"has-post-thumbnail","6":"product_cat-events","7":"product_cat-konzert","8":"product_cat-leipzig","9":"product_cat-orte","10":"product_cat-pop","11":"product_cat-quarterback-immobilien-arena","12":"product_cat-ticket","13":"product_cat-ticketupgrades-zusatzleistungen","14":"product_cat-veranstaltung","15":"product_tag-berq","16":"product_tag-events","17":"product_tag-konzert","18":"product_tag-leipzig","19":"product_tag-orte","20":"product_tag-pop","21":"product_tag-quarterback-immobilien-arena","22":"product_tag-ticket","23":"product_tag-ticketupgrades-zusatzleistungen","24":"product_tag-tour-2026","25":"product_tag-veranstaltung","26":"product_shipping_class-abholung_paketversand","27":"pa_discount-inklusive-begleitperson","28":"pa_discount-normalpreis","29":"pa_discount-vip-sitzplatz","30":"pa_preiskategorie-ggv-up","31":"pa_preiskategorie-pgv-up","32":"pa_preiskategorie-pk-i","33":"pa_preiskategorie-pk-ii","34":"pa_preiskategorie-pk-iii","35":"pa_preiskategorie-pk-iv","36":"pa_preiskategorie-pk-v","37":"pa_preiskategorie-rollstuhlfahrer","38":"pa_preiskategorie-stehplatz","39":"pa_preiskategorie-vip-package-backstage-club","40":"pa_preiskategorie-vipu-up","42":"first","43":"instock","44":"taxable","45":"shipping-taxable","46":"purchasable","47":"product-type-variable"},"group_of_quantity":0,"min_quantity":0,"max_quantity":"","exclude_order_quantity_value_rules":"no","exclude_category_quantity_rules":"no","combine_variations":"no","acf":[],"_links":{"self":[{"href":"https:\/\/arena-ticket.com\/en\/wp-json\/wp\/v2\/product\/50340","targetHints":{"allow":["GET"]}}],"collection":[{"href":"https:\/\/arena-ticket.com\/en\/wp-json\/wp\/v2\/product"}],"about":[{"href":"https:\/\/arena-ticket.com\/en\/wp-json\/wp\/v2\/types\/product"}],"wp:featuredmedia":[{"embeddable":true,"href":"https:\/\/arena-ticket.com\/en\/wp-json\/wp\/v2\/media\/50347"}],"wp:attachment":[{"href":"https:\/\/arena-ticket.com\/en\/wp-json\/wp\/v2\/media?parent=50340"}],"wp:term":[{"taxonomy":"product_brand","embeddable":true,"href":"https:\/\/arena-ticket.com\/en\/wp-json\/wp\/v2\/product_brand?post=50340"},{"taxonomy":"product_cat","embeddable":true,"href":"https:\/\/arena-ticket.com\/en\/wp-json\/wp\/v2\/product_cat?post=50340"},{"taxonomy":"product_tag","embeddable":true,"href":"https:\/\/arena-ticket.com\/en\/wp-json\/wp\/v2\/product_tag?post=50340"}],"curies":[{"name":"wp","href":"https:\/\/api.w.org\/{rel}","templated":true}]}}