{"id":50387,"date":"2025-09-29T14:47:24","date_gmt":"2025-09-29T12:47:24","guid":{"rendered":"https:\/\/arena-ticket.com\/?p=50387&#038;post_type=product&#038;preview_id=50387"},"modified":"2026-03-17T09:20:04","modified_gmt":"2026-03-17T08:20:04","slug":"1986zig-ich-komme-nach-hause-tour-leipzig-haus-auensee-30-09-2026-1900-uhr","status":"publish","type":"product","link":"https:\/\/arena-ticket.com\/en\/product\/1986zig-ich-komme-nach-hause-tour-leipzig-haus-auensee-30-09-2026-1900-uhr\/","title":{"rendered":"1986zig - Ich komme nach Hause Tour"},"content":{"rendered":"<p>Seine Songs sind Beichte, Ventil und Selbsttherapie \u2013 und gleichzeitig der Grund, warum mittlerweile \u00fcber 1,5 Millionen monatliche Spotify-H\u00f6rer:innen regelm\u00e4\u00dfig einschalten. Titel wie \u201eKopf aus\u201c (\u00fcber 78 Millionen Streams), \u201e1000 Sterne\u201c mit Ayliva (44,3 Millionen Streams), \u201eSunshine\u201c (42 Millionen Streams) oder \u201eMeine 1\u201c (25 Millionen Streams) haben 1986zig zu einem der aufregendsten Acts der Gegenwart gemacht. Mit Leichtigkeit pendelt er zwischen Pop und Rap und ist dabei ebenso in Clubs wie auf gro\u00dfen Festivalb\u00fchnen zu Hause.<\/p>\n<p>Seine Geschichte klingt wie ein Drehbuch: vom Kinderheim in den Jugendarrest, vom Au\u00dfenseiter zum Streaming-Million\u00e4r. Ein Leben zwischen Abgr\u00fcnden und Aufstieg, das 1986zig ungesch\u00f6nt in seiner Musik verarbeitet. L\u00e4ngst gilt er als eine der spannendsten Stimmen des deutschsprachigen Pop \u2013 authentisch, verletzlich, kompromisslos ehrlich. Mit seinem zweiten Album \u201eEiner Von Euch\u201c (2024) setzte er ein Zeichen f\u00fcr Zusammenhalt, gegen die Einsamkeit \u2013 nicht ohne sich auch mit seinen eigenen D\u00e4monen auseinanderzusetzen.<\/p>\n<p>Nach zahlreichen Festivalauftritten steht nun die n\u00e4chste gro\u00dfe Tour bevor. Im Herbst 2026 wird 1986zig in Deutschland zu erleben sein \u2013 live, intensiv und unmittelbar.<\/p>","protected":false},"excerpt":{"rendered":"<p>Der maskierte Antiheld kommt nach Hause \u2013 zwischen Schmerz, Hoffnung und 376 Millionen Streams!<\/p>","protected":false},"featured_media":50393,"template":"","meta":{"_acf_changed":false,"inline_featured_image":false},"product_brand":[],"product_cat":[31,344,6737,69,86,35,21,58],"product_tag":[2481,941,962,6803,6404,942,943,944,947,948],"class_list":{"0":"post-50387","1":"product","2":"type-product","3":"status-publish","4":"has-post-thumbnail","6":"product_cat-events","7":"product_cat-haus-auensee","8":"product_cat-hip-hop-rnb","9":"product_cat-konzert","10":"product_cat-leipzig","11":"product_cat-orte","12":"product_cat-ticket","13":"product_cat-veranstaltung","14":"product_tag-1986zig","15":"product_tag-events","16":"product_tag-haus-auensee","17":"product_tag-hip-hop-rnb","18":"product_tag-ich-komme-nach-hause-tour","19":"product_tag-konzert","20":"product_tag-leipzig","21":"product_tag-orte","22":"product_tag-ticket","23":"product_tag-veranstaltung","24":"product_shipping_class-nur_paketversand","25":"pa_discount-inklusive-begleitperson","26":"pa_discount-normalpreis","27":"pa_preiskategorie-rollstuhlfahrer","28":"pa_preiskategorie-stehplatz","30":"first","31":"instock","32":"taxable","33":"shipping-taxable","34":"purchasable","35":"product-type-variable","36":"has-default-attributes"},"group_of_quantity":0,"min_quantity":0,"max_quantity":"","exclude_order_quantity_value_rules":"no","exclude_category_quantity_rules":"no","combine_variations":"no","acf":[],"_links":{"self":[{"href":"https:\/\/arena-ticket.com\/en\/wp-json\/wp\/v2\/product\/50387","targetHints":{"allow":["GET"]}}],"collection":[{"href":"https:\/\/arena-ticket.com\/en\/wp-json\/wp\/v2\/product"}],"about":[{"href":"https:\/\/arena-ticket.com\/en\/wp-json\/wp\/v2\/types\/product"}],"wp:featuredmedia":[{"embeddable":true,"href":"https:\/\/arena-ticket.com\/en\/wp-json\/wp\/v2\/media\/50393"}],"wp:attachment":[{"href":"https:\/\/arena-ticket.com\/en\/wp-json\/wp\/v2\/media?parent=50387"}],"wp:term":[{"taxonomy":"product_brand","embeddable":true,"href":"https:\/\/arena-ticket.com\/en\/wp-json\/wp\/v2\/product_brand?post=50387"},{"taxonomy":"product_cat","embeddable":true,"href":"https:\/\/arena-ticket.com\/en\/wp-json\/wp\/v2\/product_cat?post=50387"},{"taxonomy":"product_tag","embeddable":true,"href":"https:\/\/arena-ticket.com\/en\/wp-json\/wp\/v2\/product_tag?post=50387"}],"curies":[{"name":"wp","href":"https:\/\/api.w.org\/{rel}","templated":true}]}}