{"id":50452,"date":"2025-09-30T13:05:04","date_gmt":"2025-09-30T11:05:04","guid":{"rendered":"https:\/\/arena-ticket.com\/?p=50452&#038;post_type=product&#038;preview_id=50452"},"modified":"2026-04-11T12:18:29","modified_gmt":"2026-04-11T10:18:29","slug":"night-of-the-jumps-freestyle-mx-world-tour-championship-2026-quarterback-immobilien-arena-23-05-2026-1900-uhr","status":"publish","type":"product","link":"https:\/\/arena-ticket.com\/en\/product\/night-of-the-jumps-freestyle-mx-world-tour-championship-2026-quarterback-immobilien-arena-23-05-2026-1900-uhr\/","title":{"rendered":"NIGHT of the JUMPs - Freestyle MX World Tour Championship 2026"},"content":{"rendered":"<p>NIGHT of the JUMPs feiert 2026 erneut H\u00f6chstleistungen im Freestyle-Motocross: Nach Berlin und M\u00fcnchen d\u00fcrfen sich Fans nun auch in Leipzig auf spektakul\u00e4re Stunts freuen.<\/p>\n<p>Das Hallenspektakel verbindet internationalen Spitzensport mit beeindruckenden Showelementen aus Pyrotechnik sowie Lichttechnik. Bereits seit 25 Jahren begeistert NIGHT of the JUMPs sowohl Kinder und Familien als auch Motorsport-Fans auf der ganzen Welt.<br \/>\nAdrenalinsch\u00fcbe sind garantiert, wenn die Sportler auf ihren Motocross-Maschinen bis zu 12 Meter hoch und 25 Meter weit durch die Arenen fliegen und dabei Tricks wie \u201eTsunami\u201c, \u201eDead Body\u201c, \u201eHart Attack\u201c, \u201eSuperman\u201c, \u201eCalifornia Roll\u201c oder \u201eShaolin\u201c vollf\u00fchren.<br \/>\nMit Weltrekorden, sensationellen Hochleistungen und neuen Trick-Premieren setzt NIGHT of the JUMPs erneut Ma\u00dfst\u00e4be und hat bereits \u00fcber drei Millionen Fans weltweit begeistert. Mehr Action bietet keine FMX-Serie der Welt.<\/p>","protected":false},"excerpt":{"rendered":"<p>NIGHT of the JUMPs kommt 2026 in die QUARTERBACK Immobilien ARENA<\/p>","protected":false},"featured_media":50462,"template":"","meta":{"_acf_changed":false,"inline_featured_image":false},"product_brand":[],"product_cat":[31,86,6760,35,37,32,21,22,58],"product_tag":[941,6149,943,6776,5493,944,945,958,5642,947,973,948],"class_list":{"0":"post-50452","1":"product","2":"type-product","3":"status-publish","4":"has-post-thumbnail","6":"product_cat-events","7":"product_cat-leipzig","8":"product_cat-motorsport","9":"product_cat-orte","10":"product_cat-quarterback-immobilien-arena","11":"product_cat-sport","12":"product_cat-ticket","13":"product_cat-ticketupgrades-zusatzleistungen","14":"product_cat-veranstaltung","15":"product_tag-events","16":"product_tag-freestyle-mx-world-tour-championship-2026","17":"product_tag-leipzig","18":"product_tag-motorsport","19":"product_tag-night-of-the-jumps","20":"product_tag-orte","21":"product_tag-quarterback-immobilien-arena","22":"product_tag-show","23":"product_tag-sport","24":"product_tag-ticket","25":"product_tag-ticketupgrades-zusatzleistungen","26":"product_tag-veranstaltung","27":"product_shipping_class-abholung_paketversand","28":"pa_discount-inklusive-begleitperson","29":"pa_discount-kind","30":"pa_discount-normalpreis","31":"pa_preiskategorie-ggv-up","32":"pa_preiskategorie-pgv-up","33":"pa_preiskategorie-pk-i","34":"pa_preiskategorie-pk-ii","35":"pa_preiskategorie-pk-iii","36":"pa_preiskategorie-pk-iv","37":"pa_preiskategorie-pk-v","38":"pa_preiskategorie-rollstuhlfahrer","39":"pa_preiskategorie-stehplatz","40":"pa_preiskategorie-vip-package-backstage-club","41":"pa_preiskategorie-vipu-up","43":"first","44":"instock","45":"featured","46":"taxable","47":"shipping-taxable","48":"purchasable","49":"product-type-variable"},"group_of_quantity":0,"min_quantity":0,"max_quantity":"","exclude_order_quantity_value_rules":"no","exclude_category_quantity_rules":"no","combine_variations":"no","acf":[],"_links":{"self":[{"href":"https:\/\/arena-ticket.com\/en\/wp-json\/wp\/v2\/product\/50452","targetHints":{"allow":["GET"]}}],"collection":[{"href":"https:\/\/arena-ticket.com\/en\/wp-json\/wp\/v2\/product"}],"about":[{"href":"https:\/\/arena-ticket.com\/en\/wp-json\/wp\/v2\/types\/product"}],"wp:featuredmedia":[{"embeddable":true,"href":"https:\/\/arena-ticket.com\/en\/wp-json\/wp\/v2\/media\/50462"}],"wp:attachment":[{"href":"https:\/\/arena-ticket.com\/en\/wp-json\/wp\/v2\/media?parent=50452"}],"wp:term":[{"taxonomy":"product_brand","embeddable":true,"href":"https:\/\/arena-ticket.com\/en\/wp-json\/wp\/v2\/product_brand?post=50452"},{"taxonomy":"product_cat","embeddable":true,"href":"https:\/\/arena-ticket.com\/en\/wp-json\/wp\/v2\/product_cat?post=50452"},{"taxonomy":"product_tag","embeddable":true,"href":"https:\/\/arena-ticket.com\/en\/wp-json\/wp\/v2\/product_tag?post=50452"}],"curies":[{"name":"wp","href":"https:\/\/api.w.org\/{rel}","templated":true}]}}