{"id":50472,"date":"2025-09-30T14:12:12","date_gmt":"2025-09-30T12:12:12","guid":{"rendered":"https:\/\/arena-ticket.com\/?p=50472&#038;post_type=product&#038;preview_id=50472"},"modified":"2025-12-05T12:28:22","modified_gmt":"2025-12-05T11:28:22","slug":"sido-sidos-weihnachtsshow-2026-berlin-columbiahalle-21-12-2026-2000-uhr","status":"publish","type":"product","link":"https:\/\/arena-ticket.com\/en\/product\/sido-sidos-weihnachtsshow-2026-berlin-columbiahalle-21-12-2026-2000-uhr\/","title":{"rendered":"SIDO  - SIDOs WEIHNACHTSSHOW 2026"},"content":{"rendered":"<p>Wer Deutschrap sagt, muss auch Sido sagen. Kaum ein K\u00fcnstler hat deutschen Battle- und Gangsta-Rap so gepr\u00e4gt und mainstreamtauglich gemacht wie er. Wie f\u00fcr Rapper von der Stra\u00dfe \u00fcblich, blickt auch Sido auf eine schwierige Kindheit und Jugend am Rande der Armut zur\u00fcck. Heute ist er nicht nur einer der erfolgreichsten deutschen Rapper und Musikproduzenten, sondern auch Schauspieler und Musik-Juror.<\/p>\n<p>&nbsp;<\/p>\n<h3>\u201eMein Block\u201c \u2013 Jugend im ber\u00fcchtigten M\u00e4rkischen Viertel<\/h3>\n<p>Geboren wird Paul W\u00fcrdig alias Sido am 30. November 1980 im Ost-Berliner Stadtteil Prenzlauer Berg. Sein Vater verl\u00e4sst die Familie fr\u00fch, seine Mutter, eine Sintiza, erzieht ihn und seine Schwester allein. Als er acht Jahre alt ist, wird der Familie die Ausreise in den Westen bewilligt, worauf eine Odyssee folgt: Zun\u00e4chst geht es in eine Asylunterkunft in Berlin-Wedding, dann f\u00fcr neun Monate nach L\u00fcbeck und schlie\u00dflich ins M\u00e4rkische Viertel, eine der gr\u00f6\u00dften Berliner Plattenbausiedlungen. Mit dem Song \u201eMein Block\u201c setzt er dem \u201eMV\u201c sp\u00e4ter ein Denkmal.<\/p>\n<p>&nbsp;<\/p>\n<p><strong>Sidos Rap-Karriere beginnt bereits zur Schulzeit<\/strong>. Damals noch unter seinem b\u00fcrgerlichen Namen bekannt, versucht er sich mit 13 an ersten Raps, zun\u00e4chst auf Englisch, bald aber auf Deutsch. Mit 17 tritt er zusammen mit seinem Kumpel B-Tight als Rap-Duo Royal TS bei Open-Mic-Sessions des Hip-Hop-Labels Royal Bunker auf.<\/p>\n<p>&nbsp;<\/p>\n<p>Sido und B-Tight basteln ihre Mix-Tapes zu dieser Zeit noch auf einem Vierspur-Ger\u00e4t mit Playstation-Beats, doch schon damals fallen Sidos lakonischer Stil und sein Aggro-Image auf. Sie werden von den Gr\u00fcndern des damals noch jungen Labels Aggro Berlin entdeckt und unter dem Namen A.i.d.S. (Alles ist die Sekte) unter Vertrag genommen.<\/p>\n<p>&nbsp;<\/p>\n<h3>Sido gelingt der Sprung in den Mainstream<\/h3>\n<p>Sidos Solokarriere beginnt 2003 mit dem Lied \u201eWeihnachtssong\u201c. Auf dem Cover bereits zu sehen: Die\u00a0<strong>ber\u00fchmte verchromte Totenkopfmaske<\/strong>, die er fortan bei allen \u00f6ffentlichen Auftritten tr\u00e4gt. Die Maske ist nicht nur Markenzeichen, sondern offenbar auch Gl\u00fccksbringer: Sein erstes Album \u201eMaske\u201c, auf dem sich auch der Hit \u201eMein Block\u201c befindet, erreicht Platz 3 der Charts.<\/p>\n<p>&nbsp;<\/p>\n<p>Der regelm\u00e4\u00dfige Beef mit konkurrierenden Rappern, darunter auch mit seinen Label-Kollegen Bushido und Fler, sorgt ebenso f\u00fcr Aufmerksamkeit wie Sidos Tour zum ersten Album und sein Auftritt beim Stuttgarter Festival HipHop Open. Auch medienwirksame, selbstironische Auftritte beim Bundesvision Song Contest und Stefan Raabs \u201eTV Total\u201c helfen dabei, Sido in den Mainstream zu katapultieren.<\/p>\n<p>&nbsp;<\/p>\n<p>Der Erfolg des Rappers setzt sich mit jedem Album fort: Seine zweite Platte \u201eIch\u201c erreicht nach zwei Tagen Goldstatus, das dritte Soloalbum \u201eIch und meine Maske\u201c erreicht 2008 Platz 1 der Charts.\u00a0<strong>Nach Schlie\u00dfung des Labels Aggro Berlin vollzieht Sido einen Imagewandel<\/strong>. Er legt die Totenkopfmaske und das Gangsta-Image ab und gewinnt mit der autobiographischen Single \u201eHey Du\u201c den Echo.<\/p>\n<p>&nbsp;<\/p>\n<h3>Kollaborationen mit anderen K\u00fcnstlern<\/h3>\n<p>Sein Talent beweist Sido auch als Schauspieler in Filmen wie \u201eBlutzbr\u00fcdaz\u201c und \u201eHalbe Br\u00fcder\u201c. Beim\u00a0<strong>MTV-Unplugged-Konzert im M\u00e4rkischen Viertel<\/strong>, zu dem er prominente G\u00e4ste wie K.I.Z., Adel Tawil und die Fantastischen Vier einl\u00e4dt, erleben Fans Sido hautnah. 2011 beendet er seinen Streit mit Bushido und ver\u00f6ffentlicht gemeinsam mit ihm das Album \u201e23\u201c, das ebenfalls mit Gold pr\u00e4miert wird. Auf seinem Best-of-Album \u201e#Beste\u201c (2012) liefert er mit dem bis dahin unver\u00f6ffentlichten \u201eBilder im Kopf\u201c einen seiner gr\u00f6\u00dften Hits.<\/p>\n<p>&nbsp;<\/p>\n<p>Wer sich Sido-Tickets sichert, kann sich auf eing\u00e4ngige Beats und Texte mit einer kr\u00e4ftigen Dosis Selbstironie freuen. Dass der Rapper bei seinen Shows nicht nur Hip-Hop-Fans anzieht, liegt an seinem Talent, sich neu zu erfinden. Zu seiner Gangsta-Rap-Zeit noch undenkbar,\u00a0<strong>arbeitet er heute mit K\u00fcnstlern wie Mark Forster, Peter Maffay, Vanessa May und Andreas Bourani zusammen<\/strong>. Zudem ist er als Voice-of-Germany-Juror bekannt. Sido ist aus eigener Kraft aus seinem Block in der Berliner Plattenbausiedlung hinausgewachsen \u2013 und wirkt zufriedener als je zuvor.<\/p>","protected":false},"excerpt":{"rendered":"<p>Feiert die Weihnachtszeit mit Sido!<br \/>\nEinmalige Shows, gro\u00dfe Hits und festliche Stimmung \u2013 das d\u00fcrft ihr nicht verpassen!<\/p>","protected":false},"featured_media":50495,"template":"","meta":{"_acf_changed":false,"inline_featured_image":false},"product_brand":[],"product_cat":[315,3107,31,6737,69,35,21,58,6581],"product_tag":[1332,3603,941,942,944,4110,6410,947,948,2048],"class_list":{"0":"post-50472","1":"product","2":"type-product","3":"status-publish","4":"has-post-thumbnail","6":"product_cat-berlin","7":"product_cat-columbiahalle","8":"product_cat-events","9":"product_cat-hip-hop-rnb","10":"product_cat-konzert","11":"product_cat-orte","12":"product_cat-ticket","13":"product_cat-veranstaltung","14":"product_cat-weihnachten","15":"product_tag-berlin","16":"product_tag-columbiahalle","17":"product_tag-events","18":"product_tag-konzert","19":"product_tag-orte","20":"product_tag-sido","21":"product_tag-sidos-weihnachtsshow-2026","22":"product_tag-ticket","23":"product_tag-veranstaltung","24":"product_tag-weihnachten","25":"product_shipping_class-nur_paketversand","26":"pa_discount-normalpreis","27":"pa_preiskategorie-stehplatz","29":"first","30":"outofstock","31":"taxable","32":"shipping-taxable","33":"purchasable","34":"product-type-variable"},"group_of_quantity":0,"min_quantity":0,"max_quantity":"","exclude_order_quantity_value_rules":"no","exclude_category_quantity_rules":"no","combine_variations":"no","acf":[],"_links":{"self":[{"href":"https:\/\/arena-ticket.com\/en\/wp-json\/wp\/v2\/product\/50472","targetHints":{"allow":["GET"]}}],"collection":[{"href":"https:\/\/arena-ticket.com\/en\/wp-json\/wp\/v2\/product"}],"about":[{"href":"https:\/\/arena-ticket.com\/en\/wp-json\/wp\/v2\/types\/product"}],"wp:featuredmedia":[{"embeddable":true,"href":"https:\/\/arena-ticket.com\/en\/wp-json\/wp\/v2\/media\/50495"}],"wp:attachment":[{"href":"https:\/\/arena-ticket.com\/en\/wp-json\/wp\/v2\/media?parent=50472"}],"wp:term":[{"taxonomy":"product_brand","embeddable":true,"href":"https:\/\/arena-ticket.com\/en\/wp-json\/wp\/v2\/product_brand?post=50472"},{"taxonomy":"product_cat","embeddable":true,"href":"https:\/\/arena-ticket.com\/en\/wp-json\/wp\/v2\/product_cat?post=50472"},{"taxonomy":"product_tag","embeddable":true,"href":"https:\/\/arena-ticket.com\/en\/wp-json\/wp\/v2\/product_tag?post=50472"}],"curies":[{"name":"wp","href":"https:\/\/api.w.org\/{rel}","templated":true}]}}