{"id":50514,"date":"2025-09-30T17:29:16","date_gmt":"2025-09-30T15:29:16","guid":{"rendered":"https:\/\/arena-ticket.com\/?p=50514&#038;post_type=product&#038;preview_id=50514"},"modified":"2026-01-06T15:54:36","modified_gmt":"2026-01-06T14:54:36","slug":"semino-rossi-live-steintor-variete-halle-saale-12-10-2026-1600-uhr","status":"publish","type":"product","link":"https:\/\/arena-ticket.com\/en\/product\/semino-rossi-live-steintor-variete-halle-saale-12-10-2026-1600-uhr\/","title":{"rendered":"Semino Rossi  - Live"},"content":{"rendered":"<p>Er z\u00e4hlt zu den erfolgreichsten und beliebtesten Schlagerstars im deutschsprachigen Raum \u2013 Semino Rossi begeistert mit seiner warmen Stimme, Charisma und gef\u00fchlvollen Songs seit Jahrzehnten ein Millionenpublikum. Nun geht der Star-Entertainer endlich wieder auf gro\u00dfe Tournee und macht Station in vielen St\u00e4dten in Deutschland, \u00d6sterreich und der Schweiz.<\/p>\n<p>Erleben Sie einen Abend voller Emotionen, musikalischer Highlights und unvergesslicher Momente \u2013 mit Hits, die unter die Haut gehen, und einer B\u00fchnenpr\u00e4senz, die begeistert.<\/p>\n<p>Als besondere G\u00e4ste mit dabei:<br \/>\n\u2013 Nadin Meypo, die charmante S\u00e4ngerin mit Herz und Humor<br \/>\n\u2013 Kevin Pabst, der Star-Trompeter mit G\u00e4nsehautgarantie<\/p>","protected":false},"excerpt":{"rendered":"<p>Get your tickets here now!<\/p>","protected":false},"featured_media":50519,"template":"","meta":{"_acf_changed":false,"inline_featured_image":false},"product_brand":[],"product_cat":[31,345,936,102,69,86,35,6734,496,21,58],"product_tag":[941,957,999,3866,942,1089,944,4758,2788,947,948],"class_list":{"0":"post-50514","1":"product","2":"type-product","3":"status-publish","4":"has-post-thumbnail","6":"product_cat-events","7":"product_cat-gewandhaus","8":"product_cat-grosser-saal","9":"product_cat-halle","10":"product_cat-konzert","11":"product_cat-leipzig","12":"product_cat-orte","13":"product_cat-schlager","14":"product_cat-steintor-variete","15":"product_cat-ticket","16":"product_cat-veranstaltung","17":"product_tag-events","18":"product_tag-grosser-saal","19":"product_tag-halle","20":"product_tag-heaven-can-wait-chor","21":"product_tag-konzert","22":"product_tag-live","23":"product_tag-orte","24":"product_tag-semino-rossi","25":"product_tag-steintor-variete","26":"product_tag-ticket","27":"product_tag-veranstaltung","28":"product_shipping_class-nur_paketversand","29":"pa_discount-kind-bis-14-jahre","30":"pa_discount-normalpreis","31":"pa_preiskategorie-pk-i","32":"pa_preiskategorie-pk-ii","33":"pa_preiskategorie-pk-iii","34":"pa_preiskategorie-pk-iv","35":"pa_preiskategorie-premium","37":"first","38":"instock","39":"taxable","40":"shipping-taxable","41":"purchasable","42":"product-type-variable"},"group_of_quantity":0,"min_quantity":0,"max_quantity":"","exclude_order_quantity_value_rules":"no","exclude_category_quantity_rules":"no","combine_variations":"no","acf":[],"_links":{"self":[{"href":"https:\/\/arena-ticket.com\/en\/wp-json\/wp\/v2\/product\/50514","targetHints":{"allow":["GET"]}}],"collection":[{"href":"https:\/\/arena-ticket.com\/en\/wp-json\/wp\/v2\/product"}],"about":[{"href":"https:\/\/arena-ticket.com\/en\/wp-json\/wp\/v2\/types\/product"}],"wp:featuredmedia":[{"embeddable":true,"href":"https:\/\/arena-ticket.com\/en\/wp-json\/wp\/v2\/media\/50519"}],"wp:attachment":[{"href":"https:\/\/arena-ticket.com\/en\/wp-json\/wp\/v2\/media?parent=50514"}],"wp:term":[{"taxonomy":"product_brand","embeddable":true,"href":"https:\/\/arena-ticket.com\/en\/wp-json\/wp\/v2\/product_brand?post=50514"},{"taxonomy":"product_cat","embeddable":true,"href":"https:\/\/arena-ticket.com\/en\/wp-json\/wp\/v2\/product_cat?post=50514"},{"taxonomy":"product_tag","embeddable":true,"href":"https:\/\/arena-ticket.com\/en\/wp-json\/wp\/v2\/product_tag?post=50514"}],"curies":[{"name":"wp","href":"https:\/\/api.w.org\/{rel}","templated":true}]}}