{"id":50860,"date":"2025-10-07T10:39:09","date_gmt":"2025-10-07T08:39:09","guid":{"rendered":"https:\/\/arena-ticket.com\/?p=50860&#038;post_type=product&#038;preview_id=50860"},"modified":"2025-12-29T17:19:07","modified_gmt":"2025-12-29T16:19:07","slug":"syntainics-mbc-niners-chemnitz-qia-leipzig-26-12-2025-1830-uhr","status":"publish","type":"product","link":"https:\/\/arena-ticket.com\/en\/product\/syntainics-mbc-niners-chemnitz-qia-leipzig-26-12-2025-1830-uhr\/","title":{"rendered":"SYNTAINICS MBC  - Niners Chemnitz"},"content":{"rendered":"<div><em>Kinder bis Vollendung des 6. Lebensjahres frei, ohne Anspruch auf Sitzplatz<\/em><\/div>\n<div><em>Erm\u00e4\u00dfigt: Sch\u00fcler, Studenten, Zivil- und Wehrdienstleistende, Auszubildende, Behinderte<\/em><\/div>\n<div><\/div>\n<div><\/div>\n<div><\/div>\n<div><\/div>\n<div class=\"accordion__content\"><strong>Nach mehr als zweieinhalb Jahren kehrt der SYNTAINICS MBC nach Leipzig zur\u00fcck: Am Freitag, 26. Dezember 2025, dem Zweiten Weihnachtsfeiertag, empf\u00e4ngt der deutsche Pokalsieger den Ostrivalen NINERS Chemnitz zum XMAS EVENT GAME in der QUARTERBACK IMMOBILIEN Arena. Tip-off der Partie des 12. Spieltages der easyCredit BBL ist zur familienfreundlichen Zeit um 18.30 Uhr.<\/strong><\/div>\n<p>&nbsp;<\/p>","protected":false},"excerpt":{"rendered":"<p>Sichern Sie sich Ihr Ticket f\u00fcr das Spiel des SYNTAINICS MBC ab sofort bei ARENA TICKET!<\/p>\n<p>&nbsp;<\/p>","protected":false},"featured_media":50869,"template":"","meta":{"_acf_changed":false,"inline_featured_image":false},"product_brand":[],"product_cat":[6754,31,86,35,37,32,21,58,6581],"product_tag":[941,943,6413,944,945,5642,3824,947,2048],"class_list":{"0":"post-50860","1":"product","2":"type-product","3":"status-publish","4":"has-post-thumbnail","6":"product_cat-basketball","7":"product_cat-events","8":"product_cat-leipzig","9":"product_cat-orte","10":"product_cat-quarterback-immobilien-arena","11":"product_cat-sport","12":"product_cat-ticket","13":"product_cat-veranstaltung","14":"product_cat-weihnachten","15":"product_tag-events","16":"product_tag-leipzig","17":"product_tag-niners-chemnitz","18":"product_tag-orte","19":"product_tag-quarterback-immobilien-arena","20":"product_tag-sport","21":"product_tag-syntainics-mbc","22":"product_tag-ticket","23":"product_tag-weihnachten","24":"product_shipping_class-abholung_paketversand","25":"pa_discount-ermaessigt","26":"pa_discount-inklusive-begleitperson","27":"pa_discount-kind","28":"pa_discount-normalpreis","29":"pa_preiskategorie-pk-i","30":"pa_preiskategorie-pk-ii","31":"pa_preiskategorie-pk-iii","32":"pa_preiskategorie-pk-iv","33":"pa_preiskategorie-pk5-stehplatz","34":"pa_preiskategorie-rollstuhlfahrer","36":"first","37":"instock","38":"taxable","39":"shipping-taxable","40":"purchasable","41":"product-type-variable"},"group_of_quantity":0,"min_quantity":0,"max_quantity":"","exclude_order_quantity_value_rules":"no","exclude_category_quantity_rules":"no","combine_variations":"no","acf":[],"_links":{"self":[{"href":"https:\/\/arena-ticket.com\/en\/wp-json\/wp\/v2\/product\/50860","targetHints":{"allow":["GET"]}}],"collection":[{"href":"https:\/\/arena-ticket.com\/en\/wp-json\/wp\/v2\/product"}],"about":[{"href":"https:\/\/arena-ticket.com\/en\/wp-json\/wp\/v2\/types\/product"}],"wp:featuredmedia":[{"embeddable":true,"href":"https:\/\/arena-ticket.com\/en\/wp-json\/wp\/v2\/media\/50869"}],"wp:attachment":[{"href":"https:\/\/arena-ticket.com\/en\/wp-json\/wp\/v2\/media?parent=50860"}],"wp:term":[{"taxonomy":"product_brand","embeddable":true,"href":"https:\/\/arena-ticket.com\/en\/wp-json\/wp\/v2\/product_brand?post=50860"},{"taxonomy":"product_cat","embeddable":true,"href":"https:\/\/arena-ticket.com\/en\/wp-json\/wp\/v2\/product_cat?post=50860"},{"taxonomy":"product_tag","embeddable":true,"href":"https:\/\/arena-ticket.com\/en\/wp-json\/wp\/v2\/product_tag?post=50860"}],"curies":[{"name":"wp","href":"https:\/\/api.w.org\/{rel}","templated":true}]}}