{"id":51195,"date":"2025-10-09T12:20:49","date_gmt":"2025-10-09T10:20:49","guid":{"rendered":"https:\/\/arena-ticket.com\/?p=51195&#038;post_type=product&#038;preview_id=51195"},"modified":"2026-04-10T13:24:57","modified_gmt":"2026-04-10T11:24:57","slug":"bap-fuenfzig-jahre-die-zielgerade-leipzig-quarterback-immobilien-arena-07-12-2026-1930-uhr","status":"publish","type":"product","link":"https:\/\/arena-ticket.com\/en\/product\/bap-fuenfzig-jahre-die-zielgerade-leipzig-quarterback-immobilien-arena-07-12-2026-1930-uhr\/","title":{"rendered":"BAP - F\u00fcnfzig Jahre Die Zielgerade"},"content":{"rendered":"<p>Spricht man von BAP, dann spricht man \u00fcber deutsche Rockgeschichte. Mit ihren<br \/>\nk\u00f6lschen Texten haben sie geschafft, was nur wenigen Bands in dieser Dimension<br \/>\ngelungen ist: Sie verhalfen lokalem Kulturgut zu universeller Relevanz, feierten weit<br \/>\n\u00fcber die Grenzen ihrer Heimatstadt K\u00f6ln und Deutschland hinaus ungeahnte<br \/>\nErfolge. 2026 wird ein ganz besonderes Jahr f\u00fcr BAP und ihre riesige Fangemeinde,<br \/>\ndenn die 1976 gegr\u00fcndete Band feiert ihr 50. Jubil\u00e4um und Gr\u00fcnder der Band<br \/>\nWolfgang Niedecken seinen 75. Geburtstag. Grund genug, um dorthin<br \/>\nzur\u00fcckzukehren, wo Niedecken am liebsten ist: In seine Heimat, in dem Fall ins<br \/>\nheimische Fu\u00dfballStadion, nah bei seinen Fans. Unter dem Titel \u201eF\u00fcnfzig Jahre<br \/>\nBAP \u2013 Die Zielgerade\u201c geht die K\u00f6lner Rocklegende, dann im Winter f\u00fcr 19 Termine<br \/>\nauf gro\u00dfe Jubil\u00e4umstour durch Deutschland, \u00d6sterreich und die Schweiz.<br \/>\nMit fr\u00fchen Hits wie \u201eVerdamp lang her\u201c, \u201eKristallnaach\u201c, \u201eM\u00fcslim\u00e4n\u201c, \u201eWaschsalon\u201c<br \/>\nund \u201eDo kanns Zaubere\u201c haben BAP schon in den 80`ern Musikgeschichte geschrieben,<br \/>\nsich unwiderruflich in die Herzen ihrer Fans gespielt und sich mit Leidenschaft, Haltung und<br \/>\neinem unverwechselbaren Sound als eine unverf\u00e4lschte RockInstitution<br \/>\nin der deutschen Musikszene etabliert. Dreizehn NummerEinsAlben, EdelmetallAwards,<br \/>\nbegehrte Musikpreise und vor allem live erzielten BAP \u00fcber f\u00fcnf Jahrzehnte gr\u00f6\u00dfte Erfolge. Nach der<br \/>\nausverkauften ZEITREISETour 2024\/25 wird Rocklegende Wolfgang Niedecken<br \/>\nmit seiner Band also auch im n\u00e4chsten Jahr auf der B\u00fchne stehen und gemeinsam mit dem<br \/>\nPublikum auf musikalische Zeitreise gehen, um das enorme Repertoire aus 50 Jahren zu<br \/>\nfeiern \u2013 inklusive der gr\u00f6\u00dften Hits.<\/p>\n<p>&nbsp;<\/p>\n<p>(c) Nina Niedecken<\/p>","protected":false},"excerpt":{"rendered":"<p>Aus gegebenem Anlass diesmal eine ArenaTour durch Deutschland, \u00d6sterreich und die Schweiz. So ein Jubil\u00e4um will gefeiert werden.<\/p>","protected":false},"featured_media":51206,"template":"","meta":{"_acf_changed":false,"inline_featured_image":false},"product_brand":[],"product_cat":[31,69,86,35,37,6732,21,22,58],"product_tag":[1092,941,6420,942,943,944,945,6804,947,973,948],"class_list":{"0":"post-51195","1":"product","2":"type-product","3":"status-publish","4":"has-post-thumbnail","6":"product_cat-events","7":"product_cat-konzert","8":"product_cat-leipzig","9":"product_cat-orte","10":"product_cat-quarterback-immobilien-arena","11":"product_cat-rock-hard-rock","12":"product_cat-ticket","13":"product_cat-ticketupgrades-zusatzleistungen","14":"product_cat-veranstaltung","15":"product_tag-bap","16":"product_tag-events","17":"product_tag-fuenfzig-jahre-die-zielgerade","18":"product_tag-konzert","19":"product_tag-leipzig","20":"product_tag-orte","21":"product_tag-quarterback-immobilien-arena","22":"product_tag-rock-hard-rock","23":"product_tag-ticket","24":"product_tag-ticketupgrades-zusatzleistungen","25":"product_tag-veranstaltung","26":"product_shipping_class-abholung_paketversand","27":"pa_discount-inklusive-begleitperson","28":"pa_discount-normalpreis","29":"pa_preiskategorie-ggv-up","30":"pa_preiskategorie-pgv-up","31":"pa_preiskategorie-pk-i","32":"pa_preiskategorie-pk-ii","33":"pa_preiskategorie-pk-iii","34":"pa_preiskategorie-pk-iv","35":"pa_preiskategorie-pk-v","36":"pa_preiskategorie-premium","37":"pa_preiskategorie-rollstuhlfahrer","38":"pa_preiskategorie-vip-package-backstage-club","39":"pa_preiskategorie-vipu-up","41":"first","42":"instock","43":"taxable","44":"shipping-taxable","45":"purchasable","46":"product-type-variable"},"group_of_quantity":0,"min_quantity":0,"max_quantity":"","exclude_order_quantity_value_rules":"no","exclude_category_quantity_rules":"no","combine_variations":"no","acf":[],"_links":{"self":[{"href":"https:\/\/arena-ticket.com\/en\/wp-json\/wp\/v2\/product\/51195","targetHints":{"allow":["GET"]}}],"collection":[{"href":"https:\/\/arena-ticket.com\/en\/wp-json\/wp\/v2\/product"}],"about":[{"href":"https:\/\/arena-ticket.com\/en\/wp-json\/wp\/v2\/types\/product"}],"wp:featuredmedia":[{"embeddable":true,"href":"https:\/\/arena-ticket.com\/en\/wp-json\/wp\/v2\/media\/51206"}],"wp:attachment":[{"href":"https:\/\/arena-ticket.com\/en\/wp-json\/wp\/v2\/media?parent=51195"}],"wp:term":[{"taxonomy":"product_brand","embeddable":true,"href":"https:\/\/arena-ticket.com\/en\/wp-json\/wp\/v2\/product_brand?post=51195"},{"taxonomy":"product_cat","embeddable":true,"href":"https:\/\/arena-ticket.com\/en\/wp-json\/wp\/v2\/product_cat?post=51195"},{"taxonomy":"product_tag","embeddable":true,"href":"https:\/\/arena-ticket.com\/en\/wp-json\/wp\/v2\/product_tag?post=51195"}],"curies":[{"name":"wp","href":"https:\/\/api.w.org\/{rel}","templated":true}]}}