{"id":51507,"date":"2025-10-13T16:25:23","date_gmt":"2025-10-13T14:25:23","guid":{"rendered":"https:\/\/arena-ticket.com\/?p=51507&#038;post_type=product&#038;preview_id=51507"},"modified":"2026-04-20T15:17:52","modified_gmt":"2026-04-20T13:17:52","slug":"andrea-berg-live-2027-leipzig-quarterback-immobilien-arena-14-10-2027-1930-uhr","status":"publish","type":"product","link":"https:\/\/arena-ticket.com\/en\/product\/andrea-berg-live-2027-leipzig-quarterback-immobilien-arena-14-10-2027-1930-uhr\/","title":{"rendered":"Andrea Berg - Live 2027"},"content":{"rendered":"<p>Andrea Berg kehrt nach ihrer gefeierten \u201eParty, Hits, Emotionen\u201c-Tour im Herbst 2027 erneut auf die gro\u00dfen<br \/>\nB\u00fchnen zur\u00fcck. Die Ausnahmek\u00fcnstlerin k\u00fcndigt eine neue, riesige Arenatour durch 24 St\u00e4dte in Deutschland,<br \/>\n\u00d6sterreich und der Schweiz an \u2013 und verspricht ihren Fans ein spektakul\u00e4res, emotionales und<br \/>\nunvergessliches Live-Erlebnis.<br \/>\nDie Tournee 2025 war f\u00fcr Andrea Berg ein voller Erfolg: \u00dcber 21 St\u00e4dte in Deutschland, \u00d6sterreich und der<br \/>\nSchweiz standen dabei auf dem Tourplan. Die N\u00e4he zu ihrem Publikum, emotionale H\u00f6hepunkte und<br \/>\naufwendige Inszenierungen wurden von Medien und Fans gleicherma\u00dfen als \u201emitrei\u00dfend, pers\u00f6nlich und<br \/>\nfulminant\u201c bejubelt. In zahlreichen Artikeln und Beitr\u00e4gen wurde vor allem die besondere Intensit\u00e4t der Shows<br \/>\nhervorgehoben \u2013 eine K\u00fcnstlerin, die nahbar bleibt und gleichzeitig hochmoderne Showelemente auf die<br \/>\nB\u00fchne bringt.<br \/>\nEin echtes Highlight der Shows waren eindrucksvolle Kost\u00fcmwechsel, welche die Inszenierung der einzelnen<br \/>\nmusikalischen Kapitel stilvoll unterstrichen. Von glamour\u00f6s bis country-like, von romantisch bis dramatisch \u2013<br \/>\njedes Outfit erz\u00e4hlte dabei seine ganz eigene Geschichte und verlieh dem Abend zus\u00e4tzliche visuelle Tiefe.<br \/>\nNach dem letzten Konzert zeigte sich Andrea Berg tief bewegt: \u201eDie Verbindung mit meinem Publikum war so<br \/>\nintensiv wie nie zuvor. Das hat mich unglaublich ber\u00fchrt.\u201c F\u00fcr die S\u00e4ngerin war schnell klar, dass sie an diese<br \/>\nbesondere Energie ankn\u00fcpfen m\u00f6chte, und zwar mit einer neuen Tour, die im Herbst 2027 stattfinden wird.<br \/>\nDie neue Arenatour soll alle bisherigen Ma\u00dfst\u00e4be \u00fcbertreffen. Geplant ist eine spektakul\u00e4re Liveshow mit<br \/>\nneuem B\u00fchnenkonzept, beeindruckender visueller Inszenierung und der bew\u00e4hrten Mischung aus Emotion,<br \/>\nN\u00e4he und musikalischer Kraft. Die Fans d\u00fcrfen sich dabei auf neue Songs sowie alle Superhits der<br \/>\nAusnahmek\u00fcnstlerin freuen. Die Produktion bleibt auf h\u00f6chstem Niveau \u2013 mit Liveband, T\u00e4nzern,<br \/>\nKost\u00fcmwechseln und einem Konzept, das sowohl intime Momente als auch gro\u00dfe Showbilder erm\u00f6glicht.<br \/>\nEines ist sicher: Wenn Andrea Berg 2027 erneut die Arenen betritt, erwartet das Publikum ein<br \/>\nhochemotionaler Abend voller Musik, Leidenschaft und unvergesslicher Momente.<\/p>\n<p>&nbsp;<\/p>\n<p>(C) Nadine Volz<\/p>","protected":false},"excerpt":{"rendered":"<p>Sie ist Publikumsliebling, Powerfrau, Chartst\u00fcrmerin und Rekordhalterin: Andrea Berg geht 2027 auf gro\u00dfe Tournee!<\/p>","protected":false},"featured_media":51519,"template":"","meta":{"_acf_changed":false,"inline_featured_image":false},"product_brand":[],"product_cat":[37,86,31,69,35,6734,21,22,58],"product_tag":[3288,941,942,943,6422,944,945,2568,947,973,948],"class_list":{"0":"post-51507","1":"product","2":"type-product","3":"status-publish","4":"has-post-thumbnail","6":"product_cat-quarterback-immobilien-arena","7":"product_cat-leipzig","8":"product_cat-events","9":"product_cat-konzert","10":"product_cat-orte","11":"product_cat-schlager","12":"product_cat-ticket","13":"product_cat-ticketupgrades-zusatzleistungen","14":"product_cat-veranstaltung","15":"product_tag-andrea-berg","16":"product_tag-events","17":"product_tag-konzert","18":"product_tag-leipzig","19":"product_tag-live-2027","20":"product_tag-orte","21":"product_tag-quarterback-immobilien-arena","22":"product_tag-schlager","23":"product_tag-ticket","24":"product_tag-ticketupgrades-zusatzleistungen","25":"product_tag-veranstaltung","26":"product_shipping_class-abholung_paketversand","27":"pa_discount-normalpreis","28":"pa_discount-inklusive-begleitperson","29":"pa_preiskategorie-front-of-stage-stehplatz","30":"pa_preiskategorie-pk-i","31":"pa_preiskategorie-pk-ii","32":"pa_preiskategorie-pk-iii","33":"pa_preiskategorie-pk-iv","34":"pa_preiskategorie-pk-v","35":"pa_preiskategorie-pk-vi","36":"pa_preiskategorie-stehplatz","37":"pa_preiskategorie-rollstuhlfahrer","38":"pa_preiskategorie-schwerbeschaedigt","39":"pa_preiskategorie-vip-package-backstage-club","40":"pa_preiskategorie-ggv-up","41":"pa_preiskategorie-pgv-up","42":"pa_preiskategorie-vipu-up","44":"first","45":"instock","46":"taxable","47":"shipping-taxable","48":"purchasable","49":"product-type-variable"},"group_of_quantity":0,"min_quantity":0,"max_quantity":"","exclude_order_quantity_value_rules":"no","exclude_category_quantity_rules":"no","combine_variations":"no","acf":[],"_links":{"self":[{"href":"https:\/\/arena-ticket.com\/en\/wp-json\/wp\/v2\/product\/51507","targetHints":{"allow":["GET"]}}],"collection":[{"href":"https:\/\/arena-ticket.com\/en\/wp-json\/wp\/v2\/product"}],"about":[{"href":"https:\/\/arena-ticket.com\/en\/wp-json\/wp\/v2\/types\/product"}],"wp:featuredmedia":[{"embeddable":true,"href":"https:\/\/arena-ticket.com\/en\/wp-json\/wp\/v2\/media\/51519"}],"wp:attachment":[{"href":"https:\/\/arena-ticket.com\/en\/wp-json\/wp\/v2\/media?parent=51507"}],"wp:term":[{"taxonomy":"product_brand","embeddable":true,"href":"https:\/\/arena-ticket.com\/en\/wp-json\/wp\/v2\/product_brand?post=51507"},{"taxonomy":"product_cat","embeddable":true,"href":"https:\/\/arena-ticket.com\/en\/wp-json\/wp\/v2\/product_cat?post=51507"},{"taxonomy":"product_tag","embeddable":true,"href":"https:\/\/arena-ticket.com\/en\/wp-json\/wp\/v2\/product_tag?post=51507"}],"curies":[{"name":"wp","href":"https:\/\/api.w.org\/{rel}","templated":true}]}}