{"id":51660,"date":"2025-10-15T10:06:29","date_gmt":"2025-10-15T08:06:29","guid":{"rendered":"https:\/\/arena-ticket.com\/?p=51660&#038;post_type=product&#038;preview_id=51660"},"modified":"2026-03-27T09:22:50","modified_gmt":"2026-03-27T08:22:50","slug":"lea-sieben-monde-arena-tour-leipzig-quarterback-immobilien-arena-07-05-2027-2000-uhr","status":"publish","type":"product","link":"https:\/\/arena-ticket.com\/en\/product\/lea-sieben-monde-arena-tour-leipzig-quarterback-immobilien-arena-07-05-2027-2000-uhr\/","title":{"rendered":"Lea - Sieben Monde Arena Tour"},"content":{"rendered":"<p>Wer mit LEA \u00fcber ihre Musik spricht, merkt schnell, dass Kreativit\u00e4t bei ihr aus einer Art nat\u00fcrlicher Gelassenheit entsteht. Sie mag es, wenn Dinge einfach passieren und unperfekte Platten machen ihr keine Angst. Im Gegenteil: F\u00fcr LEA sind sie spannende Zeitdokumente.2016 ver\u00f6ffentlichte sie ihr erstes, sehr melancholisches Album \"Vakuum\". Ihre Single \"Leiser\" wurde zur Radio-Hymne und bescherte ihr die erste goldene Schallplatte. Dank dieser neuen Leichtigkeit und dem \u00d6ffnen des LEA-Universums hat sie mit \"Zwischenmeinen Zeilen\" ihre ganz eigene Soundwelt gefunden. Dieser Soundwelt bleibt sie auch mit ihrem dritten Album \"Treppenhaus\" treu.<br \/>\nF\u00fcr LEA kein Grund sich zur\u00fcckzulehnen. \u201eIch liebe Output\u201d, sagt sie, wenn es darum geht, dass ihr Album FLUSS die vierte Platte in f\u00fcnf Jahren ist. \u201eWenn ich Songs schreibe, m\u00f6chte ich sie m\u00f6glichst schnell teilen\u2013ich warte ungern auf den richtigen Moment, der ja nie kommt. Ich bin immer daf\u00fcr, ein Album nicht liegenzulassen, auch wenn nicht alles100% perfekt ist. F\u00fcr mich ist das eine Momentaufnahme, ein Mitschnitt der eigenen Entwicklung. Ich kann Songs sehr gut gehen lassen, wenn die Essenz stimmt\u2013und Musik ist ja sowieso st\u00e4ndig im Wandel, immer im Fluss.\u201c<br \/>\n2021 und 2022 ist LEA die meistgestreamte K\u00fcnstlerin in Deutschland. Allein auf Spotify erreicht sie \u00fcber 272 Mio. Streams. Es folgt die ausverkaufte \u201cTreppenhaus\u201d OPEN AIR Tour. Die Folgezeit ist gepr\u00e4gt von Kreativit\u00e4t und der Verleihung von 10 Gold- und Platin Awards. Im Herbst 2022 spielte sie eine ausverkaufte Hallentour, die beim Publikum f\u00fcr Begeisterung sorgt.<br \/>\nBevor LEA im Sommer 2023 insgesamt 23 Open Air Shows spielte, ver\u00f6ffentlichte die Wahlberlinerin mit \u201cB\u00fclowstrasse\u201c ein Album ganz entgegen dem Zeitgeist, mit dem die Stra\u00dfe ihren festen Platz in der an musikalischen Anekdoten und Erz\u00e4hlungen so reichen Hauptstadt bekommen hat.<br \/>\nF\u00fcr das Jahr 2024 stand eine Tour durch 15 St\u00e4dte in Deutschland, \u00d6sterreich und der Schweiz an, und auf ihrem Album \u201eVon Der Sch\u00f6nheit und Zerbrechlichkeit Der Dinge\u201c, das am 04.10.2024 erschien, nahm LEA ihre H\u00f6rerInnen mit auf einen poetischen Trip durch eine Welt, in der Anmut und Zerfall ineinander \u00fcbergehen und Sch\u00f6nheit und Schmerz eng beieinander liegen. Es folgten au\u00dfergew\u00f6hnliche Kollaborationen u.A. mit Herbert Gr\u00f6nemeyer, Dhurata Dora, 01099. Sie schrieb 2024 und2025 die Titelsongs f\u00fcr die Kinofilme \u201cDie Schule der magischen Tiere 3\u201d und \u201cPaddington in Peru\u201d.<\/p>\n<p>Diese musikalische Reise findet in 2027 ihre Fortsetzung, wenn LEA bei elf Live-Terminen gemeinsam mit ihrer Band auf ihre bisherige Musik zur\u00fcckblickt und dar\u00fcber hinaus. Eine Reise durch sieben Alben, sieben Kapitel, sieben Monde.<\/p>","protected":false},"excerpt":{"rendered":"<p>LEA geht 2027 auf \u201eSieben Monde\u201c-Arena-Tour und pr\u00e4sentiert eine musikalische Reise durch ihre gesamte Karriere.<\/p>","protected":false},"featured_media":51670,"template":"","meta":{"_acf_changed":false,"inline_featured_image":false},"product_brand":[],"product_cat":[31,69,86,35,6733,37,21,22,58],"product_tag":[941,942,1017,943,944,2506,945,6429,947,973,948],"class_list":{"0":"post-51660","1":"product","2":"type-product","3":"status-publish","4":"has-post-thumbnail","6":"product_cat-events","7":"product_cat-konzert","8":"product_cat-leipzig","9":"product_cat-orte","10":"product_cat-pop","11":"product_cat-quarterback-immobilien-arena","12":"product_cat-ticket","13":"product_cat-ticketupgrades-zusatzleistungen","14":"product_cat-veranstaltung","15":"product_tag-events","16":"product_tag-konzert","17":"product_tag-lea","18":"product_tag-leipzig","19":"product_tag-orte","20":"product_tag-pop","21":"product_tag-quarterback-immobilien-arena","22":"product_tag-sieben-monde-arena-tour","23":"product_tag-ticket","24":"product_tag-ticketupgrades-zusatzleistungen","25":"product_tag-veranstaltung","26":"product_shipping_class-abholung_paketversand","27":"pa_discount-inklusive-begleitperson","28":"pa_discount-kind","29":"pa_discount-normalpreis","30":"pa_preiskategorie-front-of-stage-stehplatz","31":"pa_preiskategorie-ggv-up","32":"pa_preiskategorie-pgv-up","33":"pa_preiskategorie-pk-i","34":"pa_preiskategorie-pk-ii","35":"pa_preiskategorie-pk-iii","36":"pa_preiskategorie-rollstuhlfahrer","37":"pa_preiskategorie-stehplatz","39":"first","40":"instock","41":"taxable","42":"shipping-taxable","43":"purchasable","44":"product-type-variable"},"group_of_quantity":0,"min_quantity":0,"max_quantity":"","exclude_order_quantity_value_rules":"no","exclude_category_quantity_rules":"no","combine_variations":"no","acf":[],"_links":{"self":[{"href":"https:\/\/arena-ticket.com\/en\/wp-json\/wp\/v2\/product\/51660","targetHints":{"allow":["GET"]}}],"collection":[{"href":"https:\/\/arena-ticket.com\/en\/wp-json\/wp\/v2\/product"}],"about":[{"href":"https:\/\/arena-ticket.com\/en\/wp-json\/wp\/v2\/types\/product"}],"wp:featuredmedia":[{"embeddable":true,"href":"https:\/\/arena-ticket.com\/en\/wp-json\/wp\/v2\/media\/51670"}],"wp:attachment":[{"href":"https:\/\/arena-ticket.com\/en\/wp-json\/wp\/v2\/media?parent=51660"}],"wp:term":[{"taxonomy":"product_brand","embeddable":true,"href":"https:\/\/arena-ticket.com\/en\/wp-json\/wp\/v2\/product_brand?post=51660"},{"taxonomy":"product_cat","embeddable":true,"href":"https:\/\/arena-ticket.com\/en\/wp-json\/wp\/v2\/product_cat?post=51660"},{"taxonomy":"product_tag","embeddable":true,"href":"https:\/\/arena-ticket.com\/en\/wp-json\/wp\/v2\/product_tag?post=51660"}],"curies":[{"name":"wp","href":"https:\/\/api.w.org\/{rel}","templated":true}]}}