{"id":51847,"date":"2025-10-16T12:12:49","date_gmt":"2025-10-16T10:12:49","guid":{"rendered":"https:\/\/arena-ticket.com\/?p=51847&#038;post_type=product&#038;preview_id=51847"},"modified":"2026-02-26T17:28:00","modified_gmt":"2026-02-26T16:28:00","slug":"william-wahl-wahlweise-chemnitz-carlowitz-congresscenter-13-03-2026-1930-uhr","status":"publish","type":"product","link":"https:\/\/arena-ticket.com\/en\/product\/william-wahl-wahlweise-chemnitz-carlowitz-congresscenter-13-03-2026-1930-uhr\/","title":{"rendered":"William Wahl  - wahlweise"},"content":{"rendered":"<p>&nbsp;<\/p>\n<section class=\"cc_outer cc_text_media\" data-columns=\"1\" data-container-size=\"md\">\n<div class=\"container\">\n<div class=\"row\">\n<div class=\"column\">\n<div class=\"cc_content_block cc_textmedia cc_media_above\">\n<div class=\"cc_content_wrap\">\n<div class=\"cc_content\" data-text-columns=\"2\">\n<section class=\"cc_outer cc_text_media\" data-columns=\"1\" data-container-size=\"md\">\n<div class=\"container\">\n<div class=\"row\">\n<div class=\"column\">\n<div class=\"cc_content_block cc_textmedia cc_media_above\">\n<div class=\"cc_content_wrap\">\n<div class=\"cc_content\" data-text-columns=\"2\">\n<p>Mit \"wahlweise\" pr\u00e4sentiert William Wahl sein drittes Programm. Seine Wahlges\u00e4nge ert\u00f6nen nicht nur live vor deutschlandweit ausverkauften H\u00e4usern, sondern sind auch im Internet millionenfach geh\u00f6rt worden.<\/p>\n<p>Sorgen seine Wortspiele verl\u00e4sslich f\u00fcr Lachsalven, ist es doch die ganz besondere Mischung aus Poesie und Komik, mit dem ihm die Klaviatur des Kreises gelingt.<\/p>\n<p>Zartbitterb\u00f6se sind seine Klavierlieder, und in ihnen beh\u00e4lt er trotz seiner sehr feinen Beobachtung der menschlichen Schw\u00e4chen stets einen liebevollen Blick aufs Leben. So zeigt er uns nicht zuletzt in seinem Lied \"Rein versehentlich einvernehmlich\", dass wir das mit der Liebe vielleicht doch noch hinkriegen k\u00f6nnen. Trotz alledem. Oder um es in seinen Worten zu sagen: Die Kehrseite der Medaille ist auch aus Gold.<\/p>\n<\/div>\n<\/div>\n<\/div>\n<\/div>\n<\/div>\n<\/div>\n<\/section>\n<section class=\"cc_outer cc_text_media cc_event_detail\" data-columns=\"1\" data-container-size=\"md\">\n<div class=\"container\">\n<div class=\"row\">\n<div class=\"column\">\n<div id=\"Inhalt\" class=\"cc_content_block cc_textmedia\">\n<div class=\"cc_content_wrap\">\n<div class=\"cc_content\"><\/div>\n<\/div>\n<\/div>\n<\/div>\n<\/div>\n<\/div>\n<\/section>\n<\/div>\n<\/div>\n<\/div>\n<\/div>\n<\/div>\n<\/div>\n<\/section>","protected":false},"excerpt":{"rendered":"<p>Get your tickets now!<\/p>","protected":false},"featured_media":51854,"template":"","meta":{"_acf_changed":false,"inline_featured_image":false},"product_brand":[],"product_cat":[377,103,6725,31,95,922,35,6772,21,58],"product_tag":[3908,992,954,941,6774,978,951,944,5706,958,6779,947,948,3585,3584],"class_list":{"0":"post-51847","1":"product","2":"type-product","3":"status-publish","4":"has-post-thumbnail","6":"product_cat-carlowitz-congress-center","7":"product_cat-chemnitz","8":"product_cat-comedy","9":"product_cat-events","10":"product_cat-humor","11":"product_cat-kultur","12":"product_cat-orte","13":"product_cat-sonstiges_kultur","14":"product_cat-ticket","15":"product_cat-veranstaltung","16":"product_tag-carlowitz-congress-center","17":"product_tag-chemnitz","18":"product_tag-comedy","19":"product_tag-events","20":"product_tag-humor","21":"product_tag-kinder","22":"product_tag-kultur","23":"product_tag-orte","24":"product_tag-sandtheater-dresden-aladin-und-die-wunderlampe","25":"product_tag-show","26":"product_tag-sonstiges","27":"product_tag-ticket","28":"product_tag-veranstaltung","29":"product_tag-wahlweise","30":"product_tag-william-wahl","31":"product_shipping_class-nur_paketversand","32":"pa_discount-kind","33":"pa_discount-normalpreis","34":"pa_preiskategorie-freie-platzwahl","36":"first","37":"instock","38":"taxable","39":"shipping-taxable","40":"purchasable","41":"product-type-variable"},"group_of_quantity":0,"min_quantity":0,"max_quantity":"","exclude_order_quantity_value_rules":"no","exclude_category_quantity_rules":"no","combine_variations":"no","acf":[],"_links":{"self":[{"href":"https:\/\/arena-ticket.com\/en\/wp-json\/wp\/v2\/product\/51847","targetHints":{"allow":["GET"]}}],"collection":[{"href":"https:\/\/arena-ticket.com\/en\/wp-json\/wp\/v2\/product"}],"about":[{"href":"https:\/\/arena-ticket.com\/en\/wp-json\/wp\/v2\/types\/product"}],"wp:featuredmedia":[{"embeddable":true,"href":"https:\/\/arena-ticket.com\/en\/wp-json\/wp\/v2\/media\/51854"}],"wp:attachment":[{"href":"https:\/\/arena-ticket.com\/en\/wp-json\/wp\/v2\/media?parent=51847"}],"wp:term":[{"taxonomy":"product_brand","embeddable":true,"href":"https:\/\/arena-ticket.com\/en\/wp-json\/wp\/v2\/product_brand?post=51847"},{"taxonomy":"product_cat","embeddable":true,"href":"https:\/\/arena-ticket.com\/en\/wp-json\/wp\/v2\/product_cat?post=51847"},{"taxonomy":"product_tag","embeddable":true,"href":"https:\/\/arena-ticket.com\/en\/wp-json\/wp\/v2\/product_tag?post=51847"}],"curies":[{"name":"wp","href":"https:\/\/api.w.org\/{rel}","templated":true}]}}