{"id":51868,"date":"2025-10-16T12:29:32","date_gmt":"2025-10-16T10:29:32","guid":{"rendered":"https:\/\/arena-ticket.com\/?p=51868&#038;post_type=product&#038;preview_id=51868"},"modified":"2026-01-30T14:15:14","modified_gmt":"2026-01-30T13:15:14","slug":"matze-knop-spitzenreiter-chemnitz-carlowitz-congresscenter-02-04-2026-2000-uhr","status":"publish","type":"product","link":"https:\/\/arena-ticket.com\/en\/product\/matze-knop-spitzenreiter-chemnitz-carlowitz-congresscenter-02-04-2026-2000-uhr\/","title":{"rendered":"Matze Knop  - SPITZENREITER"},"content":{"rendered":"<section class=\"cc_outer cc_text_media\" data-columns=\"1\" data-container-size=\"md\">\n<div class=\"container\">\n<div class=\"row\">\n<div class=\"column\">\n<div class=\"cc_content_block cc_textmedia cc_media_above\">\n<div class=\"cc_content_wrap\">\n<div class=\"cc_content\" data-text-columns=\"2\">\n<p>Zusammen mit seinem neuen Pferdebuddy reitet er wagemutig durch den Wahnsinn unseres Alltags. All den T\u00fccken und Herausforderungen in diesen verr\u00fcckten Zeiten stellt Matze sich in seiner bekannten humorvollen und ironischen Art.<\/p>\n<p>Von k\u00fcnstlicher Intelligenz \u00fcber Selbstbedienungskassen zum Leid eines gebeutelten SUV-Fahrers, wie Matze selbst einer ist, hin zur Dinkel-D\u00f6rte auf ihrem Lastenfahrrad und Politikern, die sich in ihren eigenen Aussagen verheddern wie Kabel-Kopfh\u00f6rer im Rucksack.<\/p>\n<p>Und was w\u00e4re Matze ohne Fu\u00dfball? Ob Champions League oder Kreisliga, ob VAR-Drama oder Traumtor - Matze verwandelt jede Pointe so sicher wie Messi einen Elfmeter im Endspiel. Mit scharfem Blick und jeder Menge Humor nimmt er die gro\u00dfen und kleinen Absurdit\u00e4ten des sch\u00f6nsten Sports der Welt aufs Korn und hat dabei die WM 2026 fest im Visier.<\/p>\n<p>Da d\u00fcrfen dann nat\u00fcrlich auch nicht die unverkennbaren Parodien von Matze wie Kloppo, Jogi, Ronaldo, Lodda und Died\u00e4\u00e4 nicht fehlen. Er hat sie alle dabei. In seiner Show geht\u2019s f\u00fcr Matze aber auch zur\u00fcck in die Vergangenheit: Er nimmt sein Publikum mit in die 80er, 90er und 2000er \u2013 in eine Zeit, in der wir mit der Leckmuschel, einem Ed vom Schleck und Walkman durchs Freibad gestolpert sind - ohne WLAN - aber mit hungrigem Tamagotchi. Wer erinnert sich nicht an das Gef\u00fchl, die Teletext-Seite zu aktualisieren oder bei ICQ mit einem fr\u00f6hlichen \u201euh-ohhh!\u201c begr\u00fc\u00dft zu werden? Haben wir fr\u00fcher noch wild und voller Freude zu Wham! und den Backstreet Boys getanzt, h\u00f6ren wir heute melancholische Singer-Songwriter, die klingen, als h\u00e4tten sie schon beim Aufstehen den Lebenswillen verloren. Konnte Supa Richie damals noch freche Anmachspr\u00fcche nutzen, um seine \u201ePerle\u201c f\u00fcr sich zu gewinnen, fragen wir uns heute beim Dating nur noch, ob man nach rechts oder nach links swipen soll. All diese Themen bringt Matze zur\u00fcck \u2013 nat\u00fcrlich mit einem Augenzwinkern, viel Humor und der passenden Portion Selbstironie.<\/p>\n<\/div>\n<\/div>\n<\/div>\n<\/div>\n<\/div>\n<\/div>\n<\/section>","protected":false},"excerpt":{"rendered":"<p class=\"stage-headline\" data-qa=\"event-headline\">Together with his new horse buddy, he bravely rides through the madness of our everyday lives. Matze faces all the pitfalls and challenges of these crazy times with his trademark humor and irony \u2013 secure your tickets now!<\/p>","protected":false},"featured_media":51874,"template":"","meta":{"_acf_changed":false,"inline_featured_image":false},"product_brand":[],"product_cat":[377,103,6725,31,95,35,21,58],"product_tag":[3908,992,954,3746,941,6774,951,6430,944,958,6431,947,948],"class_list":{"0":"post-51868","1":"product","2":"type-product","3":"status-publish","4":"has-post-thumbnail","6":"product_cat-carlowitz-congress-center","7":"product_cat-chemnitz","8":"product_cat-comedy","9":"product_cat-events","10":"product_cat-humor","11":"product_cat-orte","12":"product_cat-ticket","13":"product_cat-veranstaltung","14":"product_tag-carlowitz-congress-center","15":"product_tag-chemnitz","16":"product_tag-comedy","17":"product_tag-das-original","18":"product_tag-events","19":"product_tag-humor","20":"product_tag-kultur","21":"product_tag-matze-knop","22":"product_tag-orte","23":"product_tag-show","24":"product_tag-spitzenreiter","25":"product_tag-ticket","26":"product_tag-veranstaltung","27":"product_shipping_class-nur_paketversand","28":"pa_discount-normalpreis","29":"pa_preiskategorie-pk-i","30":"pa_preiskategorie-pk-ii","32":"first","33":"instock","34":"taxable","35":"shipping-taxable","36":"purchasable","37":"product-type-variable"},"group_of_quantity":0,"min_quantity":0,"max_quantity":"","exclude_order_quantity_value_rules":"no","exclude_category_quantity_rules":"no","combine_variations":"no","acf":[],"_links":{"self":[{"href":"https:\/\/arena-ticket.com\/en\/wp-json\/wp\/v2\/product\/51868","targetHints":{"allow":["GET"]}}],"collection":[{"href":"https:\/\/arena-ticket.com\/en\/wp-json\/wp\/v2\/product"}],"about":[{"href":"https:\/\/arena-ticket.com\/en\/wp-json\/wp\/v2\/types\/product"}],"wp:featuredmedia":[{"embeddable":true,"href":"https:\/\/arena-ticket.com\/en\/wp-json\/wp\/v2\/media\/51874"}],"wp:attachment":[{"href":"https:\/\/arena-ticket.com\/en\/wp-json\/wp\/v2\/media?parent=51868"}],"wp:term":[{"taxonomy":"product_brand","embeddable":true,"href":"https:\/\/arena-ticket.com\/en\/wp-json\/wp\/v2\/product_brand?post=51868"},{"taxonomy":"product_cat","embeddable":true,"href":"https:\/\/arena-ticket.com\/en\/wp-json\/wp\/v2\/product_cat?post=51868"},{"taxonomy":"product_tag","embeddable":true,"href":"https:\/\/arena-ticket.com\/en\/wp-json\/wp\/v2\/product_tag?post=51868"}],"curies":[{"name":"wp","href":"https:\/\/api.w.org\/{rel}","templated":true}]}}