{"id":51891,"date":"2025-10-16T12:48:53","date_gmt":"2025-10-16T10:48:53","guid":{"rendered":"https:\/\/arena-ticket.com\/?p=51891&#038;post_type=product&#038;preview_id=51891"},"modified":"2026-01-12T13:17:27","modified_gmt":"2026-01-12T12:17:27","slug":"alte-bekannte-mehr-live-2026-chemnitz-carlowitz-congresscenter-02-05-2026-2000-uhr","status":"publish","type":"product","link":"https:\/\/arena-ticket.com\/en\/product\/alte-bekannte-mehr-live-2026-chemnitz-carlowitz-congresscenter-02-05-2026-2000-uhr\/","title":{"rendered":"Alte Bekannte  - \u201eMehr! - Live\u201c 2026"},"content":{"rendered":"<p><strong>Alte Bekannte<\/strong>\u00a0wollen mehr: Mehr neue Songs und mehr tolle Konzertabende mit noch mehr gl\u00fccklichen Konzertbesucher:innen. Kurz \u201eMehr! - Live\u201c.<\/p>\n<p>Ab 2025 pr\u00e4sentieren\u00a0<strong>Alte Bekannte<\/strong>\u00a0ihr bereits f\u00fcnftes B\u00fchnenprogramm (in sieben Jahren). Die \"Wise Guys-Nachfolger\" zeigen erneut, warum sie aus der deutschen Musikszene l\u00e4ngst nicht mehr wegzudenkenden sind: musikalisch wie textlich hervorragende Songs und ausgesprochen unterhaltsame Moderationen garantieren etwas, das man in diesen Tagen gar nicht mehr so einfach bekommt: Richtig gute Laune!<\/p>\n<p>Teil des Programms sind neben brandneuen Songs auch wieder einige Hits ihrer fr\u00fcheren Alben sowie handverlesene \u201eunkaputtbare\u201c Lieder ihrer Vorg\u00e4ngerband: witzig, nachdenklich und h\u00e4ufig \u00e4u\u00dferst tanzbar. Ein Abend, der noch lange nachklingt und nur ein Gef\u00fchl erzeugt: \u201eMehr! - Live\u201c.<\/p>\n<p>\u200d<\/p>","protected":false},"excerpt":{"rendered":"<p class=\"stage-headline\" data-qa=\"event-headline\">Get your tickets now!<\/p>","protected":false},"featured_media":51896,"template":"","meta":{"_acf_changed":false,"inline_featured_image":false},"product_brand":[],"product_cat":[377,103,31,69,922,35,6733,6772,21,58],"product_tag":[6432,3319,3908,992,941,942,951,944,958,947,948],"class_list":{"0":"post-51891","1":"product","2":"type-product","3":"status-publish","4":"has-post-thumbnail","6":"product_cat-carlowitz-congress-center","7":"product_cat-chemnitz","8":"product_cat-events","9":"product_cat-konzert","10":"product_cat-kultur","11":"product_cat-orte","12":"product_cat-pop","13":"product_cat-sonstiges_kultur","14":"product_cat-ticket","15":"product_cat-veranstaltung","16":"product_tag-mehr-live-2026","17":"product_tag-alte-bekannte","18":"product_tag-carlowitz-congress-center","19":"product_tag-chemnitz","20":"product_tag-events","21":"product_tag-konzert","22":"product_tag-kultur","23":"product_tag-orte","24":"product_tag-show","25":"product_tag-ticket","26":"product_tag-veranstaltung","27":"product_shipping_class-nur_paketversand","28":"pa_discount-normalpreis","29":"pa_preiskategorie-pk-i","30":"pa_preiskategorie-pk-ii","32":"first","33":"instock","34":"taxable","35":"shipping-taxable","36":"purchasable","37":"product-type-variable"},"group_of_quantity":0,"min_quantity":0,"max_quantity":"","exclude_order_quantity_value_rules":"no","exclude_category_quantity_rules":"no","combine_variations":"no","acf":[],"_links":{"self":[{"href":"https:\/\/arena-ticket.com\/en\/wp-json\/wp\/v2\/product\/51891","targetHints":{"allow":["GET"]}}],"collection":[{"href":"https:\/\/arena-ticket.com\/en\/wp-json\/wp\/v2\/product"}],"about":[{"href":"https:\/\/arena-ticket.com\/en\/wp-json\/wp\/v2\/types\/product"}],"wp:featuredmedia":[{"embeddable":true,"href":"https:\/\/arena-ticket.com\/en\/wp-json\/wp\/v2\/media\/51896"}],"wp:attachment":[{"href":"https:\/\/arena-ticket.com\/en\/wp-json\/wp\/v2\/media?parent=51891"}],"wp:term":[{"taxonomy":"product_brand","embeddable":true,"href":"https:\/\/arena-ticket.com\/en\/wp-json\/wp\/v2\/product_brand?post=51891"},{"taxonomy":"product_cat","embeddable":true,"href":"https:\/\/arena-ticket.com\/en\/wp-json\/wp\/v2\/product_cat?post=51891"},{"taxonomy":"product_tag","embeddable":true,"href":"https:\/\/arena-ticket.com\/en\/wp-json\/wp\/v2\/product_tag?post=51891"}],"curies":[{"name":"wp","href":"https:\/\/api.w.org\/{rel}","templated":true}]}}