{"id":51898,"date":"2025-10-16T12:57:47","date_gmt":"2025-10-16T10:57:47","guid":{"rendered":"https:\/\/arena-ticket.com\/?p=51898&#038;post_type=product&#038;preview_id=51898"},"modified":"2025-10-17T14:25:41","modified_gmt":"2025-10-17T12:25:41","slug":"lisa-fitz-avanti-dilettanti-chemnitz-carlowitz-congresscenter-09-06-2026-2000-uhr-kopie","status":"publish","type":"product","link":"https:\/\/arena-ticket.com\/en\/product\/lisa-fitz-avanti-dilettanti-chemnitz-carlowitz-congresscenter-09-06-2026-2000-uhr-kopie\/","title":{"rendered":"Lisa Fitz  - \"Avanti Dilettanti!\""},"content":{"rendered":"<section class=\"cc_outer cc_text_media\" data-columns=\"1\" data-container-size=\"md\">\n<div class=\"container\">\n<div class=\"row\">\n<div class=\"column\">\n<div class=\"cc_content_block cc_textmedia cc_media_above\">\n<div class=\"cc_content_wrap\">\n<div class=\"cc_content\" data-text-columns=\"2\">\n<section class=\"cc_outer cc_text_media\" data-columns=\"1\" data-container-size=\"md\">\n<div class=\"container\">\n<div class=\"row\">\n<div class=\"column\">\n<div class=\"cc_content_block cc_textmedia cc_media_above\">\n<div class=\"cc_content_wrap\">\n<div class=\"cc_content\" data-text-columns=\"2\">\n<p>\u201eEs mua\u00df aa Blede gebn, aber es wern oiwei mehra!\u201c<br \/>\n(Gustl Bayrhammer in \u201eMeister Eder &amp; sein Pumuckl\u201c)<\/p>\n<p>\u00dcberall begegnet man ihnen: den Depperten, die einen zur Verzweiflung und stillen Wei\u00dfglut bringen.<\/p>\n<p>Da sind die Begriffsstutzigen in Hotlines, die Gschnappigen in \u00c4rztepraxen, die Betonk\u00f6pfe in \u00c4mtern und nicht zuletzt Politiker, die so viel absurden Bl\u00f6dsinn absondern (und machen), dass man mit dem Kopfsch\u00fctteln aufh\u00f6ren muss, um nicht sein Hirn zu sch\u00e4digen. Unqualifizierte Ausk\u00fcnfte, mentale Unreife, misslaunige Zeitgenossen, tumbe Nerven- und Zeitfresser, Ignoranten, Arroganten, S\u00fcffisanten\u2026 \u201eDer Hauptgrund f\u00fcr Stress ist der t\u00e4gliche Umgang mit Idioten\u201c, hat Albert Einstein gesagt. Und Stress ist heutzutage ja zur Volkskrankheit mutiert\u2026 Dabei ginge es doch echt auch anders, oder?!<\/p>\n<p>Bestimmt. Aber daf\u00fcr m\u00fcssten sich mal die Augen \u00f6ffnen. Die ihren und die eigenen. Und wenn einem dann der depperte Dilettant in sich selbst im Spiegel entgegensieht, kommt die Zeit f\u00fcr echte Gr\u00f6\u00dfe mit der Erkenntnis: \u201eIch wei\u00df, dass ich nichts wei\u00df.\u201c<\/p>\n<p>Aber eins gewiss: AVANTI DILETTANTI!<\/p>\n<\/div>\n<\/div>\n<\/div>\n<\/div>\n<\/div>\n<\/div>\n<\/section>\n<\/div>\n<\/div>\n<\/div>\n<\/div>\n<\/div>\n<\/div>\n<\/section>","protected":false},"excerpt":{"rendered":"<p class=\"stage-headline\" data-qa=\"event-headline\">Sichern Sie sich jetzt schon Ihre Tickets!<\/p>","protected":false},"featured_media":51903,"template":"","meta":{"_acf_changed":false,"inline_featured_image":false},"product_brand":[],"product_cat":[377,103,31,95,6726,35,21,58],"product_tag":[6434,3908,992,954,941,951,6433,6430,944,958,6431,947,948],"class_list":{"0":"post-51898","1":"product","2":"type-product","3":"status-publish","4":"has-post-thumbnail","6":"product_cat-carlowitz-congress-center","7":"product_cat-chemnitz","8":"product_cat-events","9":"product_cat-humor","10":"product_cat-kabarett","11":"product_cat-orte","12":"product_cat-ticket","13":"product_cat-veranstaltung","14":"product_tag-avanti-dilettanti","15":"product_tag-carlowitz-congress-center","16":"product_tag-chemnitz","17":"product_tag-comedy","18":"product_tag-events","19":"product_tag-kultur","20":"product_tag-lisa-fitz","21":"product_tag-matze-knop","22":"product_tag-orte","23":"product_tag-show","24":"product_tag-spitzenreiter","25":"product_tag-ticket","26":"product_tag-veranstaltung","27":"product_shipping_class-nur_paketversand","28":"pa_discount-normalpreis","29":"pa_preiskategorie-pk-i","30":"pa_preiskategorie-pk-ii","32":"first","33":"instock","34":"taxable","35":"shipping-taxable","36":"purchasable","37":"product-type-variable"},"group_of_quantity":0,"min_quantity":0,"max_quantity":"","exclude_order_quantity_value_rules":"no","exclude_category_quantity_rules":"no","combine_variations":"no","acf":[],"_links":{"self":[{"href":"https:\/\/arena-ticket.com\/en\/wp-json\/wp\/v2\/product\/51898","targetHints":{"allow":["GET"]}}],"collection":[{"href":"https:\/\/arena-ticket.com\/en\/wp-json\/wp\/v2\/product"}],"about":[{"href":"https:\/\/arena-ticket.com\/en\/wp-json\/wp\/v2\/types\/product"}],"wp:featuredmedia":[{"embeddable":true,"href":"https:\/\/arena-ticket.com\/en\/wp-json\/wp\/v2\/media\/51903"}],"wp:attachment":[{"href":"https:\/\/arena-ticket.com\/en\/wp-json\/wp\/v2\/media?parent=51898"}],"wp:term":[{"taxonomy":"product_brand","embeddable":true,"href":"https:\/\/arena-ticket.com\/en\/wp-json\/wp\/v2\/product_brand?post=51898"},{"taxonomy":"product_cat","embeddable":true,"href":"https:\/\/arena-ticket.com\/en\/wp-json\/wp\/v2\/product_cat?post=51898"},{"taxonomy":"product_tag","embeddable":true,"href":"https:\/\/arena-ticket.com\/en\/wp-json\/wp\/v2\/product_tag?post=51898"}],"curies":[{"name":"wp","href":"https:\/\/api.w.org\/{rel}","templated":true}]}}