{"id":51904,"date":"2025-10-16T13:06:23","date_gmt":"2025-10-16T11:06:23","guid":{"rendered":"https:\/\/arena-ticket.com\/?p=51904&#038;post_type=product&#038;preview_id=51904"},"modified":"2025-10-30T14:58:46","modified_gmt":"2025-10-30T13:58:46","slug":"christine-thuermer-wandern-total-die-welt-zu-deinen-fuessen-neues-programm-chemnitz-carlowitz-congresscenter-21-11-2026-1930-uhr","status":"publish","type":"product","link":"https:\/\/arena-ticket.com\/en\/product\/christine-thuermer-wandern-total-die-welt-zu-deinen-fuessen-neues-programm-chemnitz-carlowitz-congresscenter-21-11-2026-1930-uhr\/","title":{"rendered":"Christine Th\u00fcrmer - WANDERN TOTAL - Die Welt zu Deinen F\u00fc\u00dfen (Neues Programm)"},"content":{"rendered":"<section class=\"cc_outer cc_text_media\" data-columns=\"1\" data-container-size=\"md\">\n<div class=\"container\">\n<div class=\"row\">\n<div class=\"column\">\n<div class=\"cc_content_block cc_textmedia cc_media_above\">\n<div class=\"cc_content_wrap\">\n<div class=\"cc_content\" data-text-columns=\"2\">\n<section class=\"cc_outer cc_text_media\" data-columns=\"1\" data-container-size=\"md\">\n<div class=\"container\">\n<div class=\"row\">\n<div class=\"column\">\n<div class=\"cc_content_block cc_textmedia cc_media_above\">\n<div class=\"cc_content_wrap\">\n<div class=\"cc_content\" data-text-columns=\"2\">\n<p>Christine Th\u00fcrmer, die meistgewanderte Frau der Welt, hat nach \u00fcber 65.000 Kilometern auf f\u00fcnf Kontinenten festgestellt: Gewandert wird zwar \u00fcberall, aber \u00fcberall anders.<\/p>\n<p>Auf ihren letzten Trails in Asien \u00fcberstand sie Erdbeben, Taifune und eine \u00dcberdosis Kimchi, pilgerte danach zur Erholung durch die europ\u00e4ische Kulturlandschaft und k\u00e4mpfte sich schon mehrfach durch die Wildnisse Amerikas und das australische Outback. Dabei lernte die Globetrotterin, dass nicht nur Klima und Gel\u00e4nde das Wandererlebnis beeinflussen, sondern auch Essgewohnheiten, Sch\u00f6nheits-ideale und Arbeitsrecht.<\/p>\n<p>In ihrer neuen Show vergleicht sie mit lustigen und nachdenklichen Anekdoten aus 40 L\u00e4ndern die Outdoor-Kulturen von Chile bis Taiwan und zeigt, was auch wir daraus lernen k\u00f6nnen. Wo kann man um ein havariertes Kernkraftwerk wandern? Welchen Outdoor-Snack gibt es hier-zulande nur als Hundefutter? Und warum sehen manche Wanderer aus wie Bankr\u00e4uber?<\/p>\n<\/div>\n<\/div>\n<\/div>\n<\/div>\n<\/div>\n<\/div>\n<\/section>\n<\/div>\n<\/div>\n<\/div>\n<\/div>\n<\/div>\n<\/div>\n<\/section>","protected":false},"excerpt":{"rendered":"<p class=\"stage-headline\" data-qa=\"event-headline\">Sichern Sie sich jetzt schon Ihre Tickets!<\/p>","protected":false},"featured_media":51907,"template":"","meta":{"_acf_changed":false,"inline_featured_image":false},"product_brand":[],"product_cat":[377,103,31,922,6764,35,21,58],"product_tag":[3908,992,3590,941,951,944,947,948,6435],"class_list":{"0":"post-51904","1":"product","2":"type-product","3":"status-publish","4":"has-post-thumbnail","6":"product_cat-carlowitz-congress-center","7":"product_cat-chemnitz","8":"product_cat-events","9":"product_cat-kultur","10":"product_cat-lesung","11":"product_cat-orte","12":"product_cat-ticket","13":"product_cat-veranstaltung","14":"product_tag-carlowitz-congress-center","15":"product_tag-chemnitz","16":"product_tag-christine-thuermer","17":"product_tag-events","18":"product_tag-kultur","19":"product_tag-orte","20":"product_tag-ticket","21":"product_tag-veranstaltung","22":"product_tag-wandern-total-die-welt-zu-deinen-fuessen-neues-programm","23":"product_shipping_class-nur_paketversand","24":"pa_discount-normalpreis","25":"pa_preiskategorie-pk-i","26":"pa_preiskategorie-pk-ii","28":"first","29":"instock","30":"taxable","31":"shipping-taxable","32":"purchasable","33":"product-type-variable"},"group_of_quantity":0,"min_quantity":0,"max_quantity":"","exclude_order_quantity_value_rules":"no","exclude_category_quantity_rules":"no","combine_variations":"no","acf":[],"_links":{"self":[{"href":"https:\/\/arena-ticket.com\/en\/wp-json\/wp\/v2\/product\/51904","targetHints":{"allow":["GET"]}}],"collection":[{"href":"https:\/\/arena-ticket.com\/en\/wp-json\/wp\/v2\/product"}],"about":[{"href":"https:\/\/arena-ticket.com\/en\/wp-json\/wp\/v2\/types\/product"}],"wp:featuredmedia":[{"embeddable":true,"href":"https:\/\/arena-ticket.com\/en\/wp-json\/wp\/v2\/media\/51907"}],"wp:attachment":[{"href":"https:\/\/arena-ticket.com\/en\/wp-json\/wp\/v2\/media?parent=51904"}],"wp:term":[{"taxonomy":"product_brand","embeddable":true,"href":"https:\/\/arena-ticket.com\/en\/wp-json\/wp\/v2\/product_brand?post=51904"},{"taxonomy":"product_cat","embeddable":true,"href":"https:\/\/arena-ticket.com\/en\/wp-json\/wp\/v2\/product_cat?post=51904"},{"taxonomy":"product_tag","embeddable":true,"href":"https:\/\/arena-ticket.com\/en\/wp-json\/wp\/v2\/product_tag?post=51904"}],"curies":[{"name":"wp","href":"https:\/\/api.w.org\/{rel}","templated":true}]}}