{"id":52044,"date":"2025-10-17T14:28:56","date_gmt":"2025-10-17T12:28:56","guid":{"rendered":"https:\/\/arena-ticket.com\/?p=52044&#038;post_type=product&#038;preview_id=52044"},"modified":"2026-02-26T18:08:03","modified_gmt":"2026-02-26T17:08:03","slug":"jethro-tull-the-curiosity-tour-kulturpalast-dresden-22-03-2026-1900-uhr","status":"publish","type":"product","link":"https:\/\/arena-ticket.com\/en\/product\/jethro-tull-the-curiosity-tour-kulturpalast-dresden-22-03-2026-1900-uhr\/","title":{"rendered":"JETHRO TULL  - The Curiosity Tour"},"content":{"rendered":"<p>Ian Anderson und die Band Jethro Tull sind eine der erfolgreichsten und best\u00e4ndigsten Progressive Rock Bands der Welt. Anfang Februar 1968 erschien Jethro Tull erstmals unter diesem Namen im ber\u00fchmten Marquee Club in der Wardour Street, London. Schnell baute die Band dort und in den vielen anderen kleinen Blues-Clubs und Pubs in ganz England eine Fangemeinde auf und erlangte beim Sunbury Jazz and Blues Festival im Sommer 1968 breite mediale und \u00f6ffentliche Anerkennung, wo sie der \u00dcberraschungshit der Veranstaltung waren.<br \/>\nTull nahm mit der Originalbesetzung - bestehend aus Anderson, Cornick, Bunker und Abrahams - auf und ver\u00f6ffentlichten ihr erstes Album \u201eThis Was\u201c sp\u00e4ter in diesem Jahr. Nach dem Weggang von Mick Abrahams und seiner Abl\u00f6sung durch Martin Barre, wechselten im Laufe der Jahrzehnte etwa drei\u00dfig weitere Musiker, von denen einige f\u00fcr einige Monate, andere f\u00fcr die l\u00e4ngere Zeit blieben.<br \/>\nObwohl Ian Anderson heute seinen eigenen Namen in Verbindung mit den Tull-Auftritten und dem Repertoire verwendet, hat die Marke Jethro Tull bis heute Bestand. Als Autor, Produzent, Fl\u00f6tist, S\u00e4nger und Gelegenheitsgitarrist tritt Anderson mit der Band jedes Jahr typischerweise in 80 - 100 Shows in vielen L\u00e4ndern der Welt auf.<br \/>\nIan Anderson wird von Tull-Bandmusikern David Goodier (Bass), John O'Hara (Keyboards), Joe Parrish (Gitarre) und Scott Hammond (Schlagzeug) begleitet.<\/p>","protected":false},"excerpt":{"rendered":"<p>Get your ticket now!<\/p>","protected":false},"featured_media":52048,"template":"","meta":{"_acf_changed":false,"inline_featured_image":false},"product_brand":[],"product_cat":[87,31,69,428,35,6732,21,58],"product_tag":[940,941,3453,942,3423,3435,944,6804,6439,947,948],"class_list":{"0":"post-52044","1":"product","2":"type-product","3":"status-publish","4":"has-post-thumbnail","6":"product_cat-dresden","7":"product_cat-events","8":"product_cat-konzert","9":"product_cat-kulturpalalst","10":"product_cat-orte","11":"product_cat-rock-hard-rock","12":"product_cat-ticket","13":"product_cat-veranstaltung","14":"product_tag-dresden","15":"product_tag-events","16":"product_tag-jethro-tull","17":"product_tag-konzert","18":"product_tag-kulturpalalst","19":"product_tag-kulturpalast-dresden","20":"product_tag-orte","21":"product_tag-rock-hard-rock","22":"product_tag-the-curiosity-tour","23":"product_tag-ticket","24":"product_tag-veranstaltung","25":"product_shipping_class-nur_paketversand","26":"pa_discount-inklusive-begleitperson","27":"pa_discount-kind","28":"pa_discount-normalpreis","29":"pa_preiskategorie-pk-i","30":"pa_preiskategorie-pk-ii","31":"pa_preiskategorie-pk-iii","32":"pa_preiskategorie-pk-iv","33":"pa_preiskategorie-rollstuhlfahrer","34":"pa_preiskategorie-schwerbeschaedigt","36":"first","37":"outofstock","38":"taxable","39":"shipping-taxable","40":"purchasable","41":"product-type-variable"},"group_of_quantity":0,"min_quantity":0,"max_quantity":"","exclude_order_quantity_value_rules":"no","exclude_category_quantity_rules":"no","combine_variations":"no","acf":[],"_links":{"self":[{"href":"https:\/\/arena-ticket.com\/en\/wp-json\/wp\/v2\/product\/52044","targetHints":{"allow":["GET"]}}],"collection":[{"href":"https:\/\/arena-ticket.com\/en\/wp-json\/wp\/v2\/product"}],"about":[{"href":"https:\/\/arena-ticket.com\/en\/wp-json\/wp\/v2\/types\/product"}],"wp:featuredmedia":[{"embeddable":true,"href":"https:\/\/arena-ticket.com\/en\/wp-json\/wp\/v2\/media\/52048"}],"wp:attachment":[{"href":"https:\/\/arena-ticket.com\/en\/wp-json\/wp\/v2\/media?parent=52044"}],"wp:term":[{"taxonomy":"product_brand","embeddable":true,"href":"https:\/\/arena-ticket.com\/en\/wp-json\/wp\/v2\/product_brand?post=52044"},{"taxonomy":"product_cat","embeddable":true,"href":"https:\/\/arena-ticket.com\/en\/wp-json\/wp\/v2\/product_cat?post=52044"},{"taxonomy":"product_tag","embeddable":true,"href":"https:\/\/arena-ticket.com\/en\/wp-json\/wp\/v2\/product_tag?post=52044"}],"curies":[{"name":"wp","href":"https:\/\/api.w.org\/{rel}","templated":true}]}}