{"id":52049,"date":"2025-10-17T14:32:54","date_gmt":"2025-10-17T12:32:54","guid":{"rendered":"https:\/\/arena-ticket.com\/?p=52049&#038;post_type=product&#038;preview_id=52049"},"modified":"2026-04-09T09:54:12","modified_gmt":"2026-04-09T07:54:12","slug":"wincent-weiss-sommertour-2026-magdeburg-mdcc-parkbuehne-im-elbauenpark-04-09-2026-1900-uhr","status":"publish","type":"product","link":"https:\/\/arena-ticket.com\/en\/product\/wincent-weiss-sommertour-2026-magdeburg-mdcc-parkbuehne-im-elbauenpark-04-09-2026-1900-uhr\/","title":{"rendered":"Wincent Weiss  - Sommertour 2026"},"content":{"rendered":"<p>Der Sommer 2026 wird laut, emotional und unvergesslich \u2013 Wincent Weiss geht wieder auf gro\u00dfe Sommertour! Und diesmal wird es gr\u00f6\u00dfer, n\u00e4her und intensiver als je zuvor. Mitten unter den Fans, mit voller Band und ganz viel Gef\u00fchl bringt er seine gr\u00f6\u00dfte Open-Air-Show auf die B\u00fchne \u2013 und du kannst ein Teil davon sein!<\/p>\n<p>Auf zahlreichen B\u00fchnen quer durch Deutschland, \u00d6sterreich und die Schweiz erwartet euch ein Abend voller Lieblingssongs, G\u00e4nsehaut-Momente und tanzbarer Beats. Mit Hits wie \u201eMusik Sein\u201c, \u201eFeuerwerk\u201c, \u201eWer wenn nicht wir\u201c und neuen Songs im Gep\u00e4ck wird jeder Konzertabend zu einer musikalischen Sommerparty unter freiem Himmel.<\/p>\n<p>\u201eIrgendwo Ankommen\u201c, sein letztes Album, war ein intensiver Schritt zu sich selbst \u2013 sp\u00fcrbar in jedem Song, messbar in Millionen von Streams und Followern. Doch was Wincent wirklich liebt, sind Live-Momente. Wenn aus Songs Verbindungen entstehen. Wenn sich Fremde in der Menge in Freunde verwandeln. Wenn die B\u00fchne und das Publikum zu einem gro\u00dfen Ganzen werden.<\/p>\n<p>Denn:<\/p>\n<p>\u201eKonzerte sind f\u00fcr mich der sch\u00f6nste Ort der Welt. Zwei Stunden voller Freiheit, N\u00e4he und Musik. Es geht nicht nur ums Zuh\u00f6ren \u2013 es geht ums Mitsingen, Mitf\u00fchlen, Miterleben. Es ist f\u00fcr mich das Gr\u00f6\u00dfte, mitten in dieser Menge zu stehen, das Strahlen in den Gesichtern zu sehen und genau zu wissen: Wir teilen diesen einen, perfekten Sommerabend. Gemeinsam. Jung und alt. Laut und voller Leben!\u201c \u2013 Wincent Weiss<\/p>\n<p><b>Ein Abend f\u00fcr alle \u2013 ein Sommer voller Musik<\/b><\/p>\n<p>Ob du schon seit Jahren Fan bist oder Wincent zum ersten Mal live erleben willst \u2013 diese Tour wird etwas ganz Besonderes. F\u00fcr Freundesgruppen, Familien, Festival-Liebhaber:innen oder einfach alle, die Musik unter freiem Himmel lieben.<\/p>","protected":false},"excerpt":{"rendered":"<p>Wincent Weiss geht 2026 auf die gr\u00f6\u00dfte Open-Air-Tour seiner Karriere!<\/p>","protected":false},"featured_media":52467,"template":"","meta":{"_acf_changed":false,"inline_featured_image":false},"product_brand":[],"product_cat":[87,31,398,69,35,6733,21,58],"product_tag":[940,941,3000,942,4060,6440,944,2506,6228,947,948,3136],"class_list":{"0":"post-52049","1":"product","2":"type-product","3":"status-publish","4":"has-post-thumbnail","6":"product_cat-dresden","7":"product_cat-events","8":"product_cat-filmnaechte-am-elbufer","9":"product_cat-konzert","10":"product_cat-orte","11":"product_cat-pop","12":"product_cat-ticket","13":"product_cat-veranstaltung","14":"product_tag-dresden","15":"product_tag-events","16":"product_tag-filmnaechte-am-elbufer","17":"product_tag-konzert","18":"product_tag-magdeburg","19":"product_tag-mdcc-parkbuehne-im-elbauenpark","20":"product_tag-orte","21":"product_tag-pop","22":"product_tag-sommertour-2026","23":"product_tag-ticket","24":"product_tag-veranstaltung","25":"product_tag-wincent-weiss","26":"product_shipping_class-nur_paketversand","27":"pa_discount-inklusive-begleitperson","28":"pa_discount-kind","29":"pa_discount-normalpreis","30":"pa_preiskategorie-rollstuhlfahrer","31":"pa_preiskategorie-schwerbeschaedigt","32":"pa_preiskategorie-stehplatz","34":"first","35":"instock","36":"taxable","37":"shipping-taxable","38":"purchasable","39":"product-type-variable"},"group_of_quantity":0,"min_quantity":0,"max_quantity":"","exclude_order_quantity_value_rules":"no","exclude_category_quantity_rules":"no","combine_variations":"no","acf":[],"_links":{"self":[{"href":"https:\/\/arena-ticket.com\/en\/wp-json\/wp\/v2\/product\/52049","targetHints":{"allow":["GET"]}}],"collection":[{"href":"https:\/\/arena-ticket.com\/en\/wp-json\/wp\/v2\/product"}],"about":[{"href":"https:\/\/arena-ticket.com\/en\/wp-json\/wp\/v2\/types\/product"}],"wp:featuredmedia":[{"embeddable":true,"href":"https:\/\/arena-ticket.com\/en\/wp-json\/wp\/v2\/media\/52467"}],"wp:attachment":[{"href":"https:\/\/arena-ticket.com\/en\/wp-json\/wp\/v2\/media?parent=52049"}],"wp:term":[{"taxonomy":"product_brand","embeddable":true,"href":"https:\/\/arena-ticket.com\/en\/wp-json\/wp\/v2\/product_brand?post=52049"},{"taxonomy":"product_cat","embeddable":true,"href":"https:\/\/arena-ticket.com\/en\/wp-json\/wp\/v2\/product_cat?post=52049"},{"taxonomy":"product_tag","embeddable":true,"href":"https:\/\/arena-ticket.com\/en\/wp-json\/wp\/v2\/product_tag?post=52049"}],"curies":[{"name":"wp","href":"https:\/\/api.w.org\/{rel}","templated":true}]}}