{"id":52054,"date":"2025-10-17T14:42:17","date_gmt":"2025-10-17T12:42:17","guid":{"rendered":"https:\/\/arena-ticket.com\/?p=52054&#038;post_type=product&#038;preview_id=52054"},"modified":"2026-03-09T11:46:02","modified_gmt":"2026-03-09T10:46:02","slug":"mike-oldfields-tubular-bells-the-best-of-tubular-bells-i-ii-iii-haus-auensee-leipzig-11-09-2026-2000-uhr","status":"publish","type":"product","link":"https:\/\/arena-ticket.com\/en\/product\/mike-oldfields-tubular-bells-the-best-of-tubular-bells-i-ii-iii-haus-auensee-leipzig-11-09-2026-2000-uhr\/","title":{"rendered":"MIKE OLDFIELD\u2019S TUBULAR BELLS - THE BEST OF TUBULAR BELLS I, II & III"},"content":{"rendered":"<p>Mit \u201eTubular Bells\u201c hat Mike Oldfield 1973 nicht blo\u00df sein Deb\u00fctalbum ver\u00f6ffentlicht \u2013 er hat ein experimentelles Instrumentalalbum komponiert, das die Entwicklung des britischen Progressive Rock massiv mitgepr\u00e4gt hat. Das Album wurde nicht nur zu einem Nummer-1-Erfolg, es hielt sich ganze 288 Wochen lang in den britischen Albumcharts und gilt heutzutage als meistverkauftes Instrumentalalbum aller Zeiten. 1992 folgte \u201eTubular Bells II\u201c, das sowohl die motivischen Themen und theatralischen Variationen seines Erstwerks als auch seine Grenzen mit innovativem Spirit weiter ausbaute. Auch auf \u201eTubular Bells III\u201c, das das Werk 1998 vollendete, experimentierte der Komponist weiter mit den vielseitigen Einfl\u00fcssen zwischen musikalischer Avantgarde, klassischer Musik und Modernit\u00e4t wie elektronischer Musik und Rockmusik. Nach einzigartigen Live-Inszenierungen des Albums und dessen Fortsetzungen sowie einer gro\u00dfen Tour zur Feier des 50-j\u00e4hrigen Jubil\u00e4ums von \u201eTubular Bells\u201c kommt das von Robin A. Smith initiierte Projekt Mike Oldfield\u2019s Tubular Bells mit The Best of Tubular Bells I, II &amp; III im Herbst 2026 erneut nach Europa. Was die Shows in Stuttgart, Hamburg, Leipzig, Essen, D\u00fcsseldorf, Dresden, M\u00fcnchen sowie Chemnitz dabei versprechen, beschreibt der Grammy-nominierte Musikdirektor als \u201eunvergessliche Abende\u201c, die gleicherma\u00dfen eine gro\u00dfe Challenge f\u00fcr die wundervollen Musiker darstellen: \u201eIm Best-of-Konzert k\u00f6nnen wir Ausschnitte von allen drei Meisterwerken auf die B\u00fchne bringen und die musikalische Brillanz und technischen Fortschritte hervorheben, die zwischen dem ersten und dritten Album entstanden sind.\u201c<\/p>\n<p>Ist die Rede von Mike Oldfield, spricht man \u00fcber einen der einflussreichsten Musikpioniere und Grenzg\u00e4nger seiner Zeit. Mit seinem vision\u00e4ren Werk \u201eTubular Bells\u201c \u2013 einer Albumserie, die sich \u00fcber 27 Jahre spannt \u2013 hat er sich unsterblich gemacht. 1971 im Alter von nur 17 Jahren komponiert, spielte Mike Oldfield mit seinem experimentellen und avantgardistischen Ansatz als Multiinstrumentalist fast alle Instrumente des Albums eingest\u00e4ndig ein. Das Werk \u2013 von Fans der Rockmusik wie auch von Fans klassischer Musik gleicherma\u00dfen gefeiert \u2013 wurde nach seiner Ver\u00f6ffentlichung im Jahr 1973 zu einem Meilenstein des Progressive Rocks und kam zu weltweiter Aufmerksamkeit, nachdem das Intro des Albums im selben Jahr im Horrorfilm \u201eThe Exorcist\u201c verwendet wurde. Insgesamt ver\u00f6ffentlichte Mike Oldfieldneben den drei \u201eTubular Bells\u201c-Alben 23 weitere Studioalben, landete neunmal in den Top-10 der UK-Charts und wird f\u00fcr sein bahnbrechendes Gesamtwerk von Musikwissenschaftlern, Musikliebhabern sowie Musikern weltweit respektiert. Seit \u00fcber 30 Jahren arbeitet Oldfield, der sich 2023 aus der \u00d6ffentlichkeit zur\u00fcckzog und nicht mehr an den Konzerten teilnimmt, mit dem Grammy-nominierten Musikdirektor Robin A. Smith zusammen. Smith selbst bezeichnet seine erste Erfahrung mit \u201eTubular Bells\u201c als fesselnden Moment und bringt das Magnum Opus und seine Weiterf\u00fchrungen mit gro\u00dfer Faszination und innovativem Geist seitdem regelm\u00e4\u00dfig auf die B\u00fchne.<\/p>","protected":false},"excerpt":{"rendered":"<p>Das Beste aller drei \u201eTubular Bells\u201c Alben im Herbst 2026 deutschlandweit auf gro\u00dfer Tour - sichern Sie sich Ihr Ticket!<\/p>","protected":false},"featured_media":52058,"template":"","meta":{"_acf_changed":false,"inline_featured_image":false},"product_brand":[],"product_cat":[31,344,69,86,35,6732,21,58],"product_tag":[941,962,6444,942,943,6441,944,6804,6443,6442,947,948],"class_list":{"0":"post-52054","1":"product","2":"type-product","3":"status-publish","4":"has-post-thumbnail","6":"product_cat-events","7":"product_cat-haus-auensee","8":"product_cat-konzert","9":"product_cat-leipzig","10":"product_cat-orte","11":"product_cat-rock-hard-rock","12":"product_cat-ticket","13":"product_cat-veranstaltung","14":"product_tag-events","15":"product_tag-haus-auensee","16":"product_tag-ii-iii","17":"product_tag-konzert","18":"product_tag-leipzig","19":"product_tag-mike-oldfields-tubular-bells","20":"product_tag-orte","21":"product_tag-rock-hard-rock","22":"product_tag-the-best-of-tubular-bells-i","23":"product_tag-the-best-of-tubular-bells-i-ii-iii","24":"product_tag-ticket","25":"product_tag-veranstaltung","26":"product_shipping_class-nur_paketversand","27":"pa_discount-inklusive-begleitperson","28":"pa_discount-kind","29":"pa_discount-normalpreis","30":"pa_preiskategorie-pk-i","31":"pa_preiskategorie-pk-ii","32":"pa_preiskategorie-pk-iii","33":"pa_preiskategorie-pk-iv","34":"pa_preiskategorie-premium-sitzplatz","35":"pa_preiskategorie-rollstuhlfahrer","36":"pa_preiskategorie-schwerbeschaedigt","38":"first","39":"outofstock","40":"taxable","41":"shipping-taxable","42":"purchasable","43":"product-type-variable"},"group_of_quantity":0,"min_quantity":0,"max_quantity":"","exclude_order_quantity_value_rules":"no","exclude_category_quantity_rules":"no","combine_variations":"no","acf":[],"_links":{"self":[{"href":"https:\/\/arena-ticket.com\/en\/wp-json\/wp\/v2\/product\/52054","targetHints":{"allow":["GET"]}}],"collection":[{"href":"https:\/\/arena-ticket.com\/en\/wp-json\/wp\/v2\/product"}],"about":[{"href":"https:\/\/arena-ticket.com\/en\/wp-json\/wp\/v2\/types\/product"}],"wp:featuredmedia":[{"embeddable":true,"href":"https:\/\/arena-ticket.com\/en\/wp-json\/wp\/v2\/media\/52058"}],"wp:attachment":[{"href":"https:\/\/arena-ticket.com\/en\/wp-json\/wp\/v2\/media?parent=52054"}],"wp:term":[{"taxonomy":"product_brand","embeddable":true,"href":"https:\/\/arena-ticket.com\/en\/wp-json\/wp\/v2\/product_brand?post=52054"},{"taxonomy":"product_cat","embeddable":true,"href":"https:\/\/arena-ticket.com\/en\/wp-json\/wp\/v2\/product_cat?post=52054"},{"taxonomy":"product_tag","embeddable":true,"href":"https:\/\/arena-ticket.com\/en\/wp-json\/wp\/v2\/product_tag?post=52054"}],"curies":[{"name":"wp","href":"https:\/\/api.w.org\/{rel}","templated":true}]}}